{"id":4456,"date":"2025-07-01T10:16:41","date_gmt":"2025-07-01T09:16:41","guid":{"rendered":"https:\/\/industry.aafintl.com\/fr-fr\/?page_id=4456"},"modified":"2025-07-03T15:06:22","modified_gmt":"2025-07-03T14:06:22","slug":"la-durabilite-chez-aaf-international","status":"publish","type":"page","link":"https:\/\/industry.aafintl.com\/fr-fr\/la-durabilite-chez-aaf-international\/","title":{"rendered":"La Durabilit\u00e9 chez AAF International"},"content":{"rendered":"","protected":false},"excerpt":{"rendered":"","protected":false},"author":10,"featured_media":0,"parent":0,"menu_order":0,"comment_status":"closed","ping_status":"closed","template":"","meta":{"_acf_changed":false,"inline_featured_image":false,"footnotes":""},"class_list":["post-4456","page","type-page","status-publish","hentry"],"acf":[],"yoast_head":"<!-- This site is optimized with the Yoast SEO plugin v27.0 - https:\/\/yoast.com\/product\/yoast-seo-wordpress\/ -->\n<title>La Durabilit\u00e9 chez AAF International - AAF France<\/title>\n<meta name=\"description\" content=\"D\u00e9couvrez l&#039;engagement d&#039;AAF International en faveur de la durabilit\u00e9 et apprenez comment nos solutions innovantes de filtration de l&#039;air am\u00e9liorent la qualit\u00e9 de l&#039;air, augmentent les performances et r\u00e9duisent l&#039;impact environnemental. Explorez notre vision et nos initiatives de durabilit\u00e9 pour un monde plus sain.\" \/>\n<meta name=\"robots\" content=\"index, follow, max-snippet:-1, max-image-preview:large, max-video-preview:-1\" \/>\n<link rel=\"canonical\" href=\"https:\/\/industry.aafintl.com\/fr-fr\/la-durabilite-chez-aaf-international\/\" \/>\n<meta property=\"og:locale\" content=\"en_GB\" \/>\n<meta property=\"og:type\" content=\"article\" \/>\n<meta property=\"og:title\" content=\"La Durabilit\u00e9 chez AAF International - AAF France\" \/>\n<meta property=\"og:description\" content=\"D\u00e9couvrez l&#039;engagement d&#039;AAF International en faveur de la durabilit\u00e9 et apprenez comment nos solutions innovantes de filtration de l&#039;air am\u00e9liorent la qualit\u00e9 de l&#039;air, augmentent les performances et r\u00e9duisent l&#039;impact environnemental. Explorez notre vision et nos initiatives de durabilit\u00e9 pour un monde plus sain.\" \/>\n<meta property=\"og:url\" content=\"https:\/\/industry.aafintl.com\/fr-fr\/la-durabilite-chez-aaf-international\/\" \/>\n<meta property=\"og:site_name\" content=\"AAF France\" \/>\n<meta property=\"article:modified_time\" content=\"2025-07-03T14:06:22+00:00\" \/>\n<meta name=\"twitter:card\" content=\"summary_large_image\" \/>\n<meta name=\"twitter:label1\" content=\"Estimated reading time\" \/>\n\t<meta name=\"twitter:data1\" content=\"2 minutes\" \/>\n<script type=\"application\/ld+json\" class=\"yoast-schema-graph\">{\"@context\":\"https:\/\/schema.org\",\"@graph\":[{\"@type\":\"WebPage\",\"@id\":\"https:\/\/industry.aafintl.com\/fr-fr\/la-durabilite-chez-aaf-international\/\",\"url\":\"https:\/\/industry.aafintl.com\/fr-fr\/la-durabilite-chez-aaf-international\/\",\"name\":\"La Durabilit\u00e9 chez AAF International - AAF France\",\"isPartOf\":{\"@id\":\"https:\/\/industry.aafintl.com\/fr-fr\/#website\"},\"datePublished\":\"2025-07-01T09:16:41+00:00\",\"dateModified\":\"2025-07-03T14:06:22+00:00\",\"description\":\"D\u00e9couvrez l'engagement d'AAF International en faveur de la durabilit\u00e9 et apprenez comment nos solutions innovantes de filtration de l'air am\u00e9liorent la qualit\u00e9 de l'air, augmentent les performances et r\u00e9duisent l'impact environnemental. Explorez notre vision et nos initiatives de durabilit\u00e9 pour un monde plus sain.\",\"breadcrumb\":{\"@id\":\"https:\/\/industry.aafintl.com\/fr-fr\/la-durabilite-chez-aaf-international\/#breadcrumb\"},\"inLanguage\":\"en-GB\",\"potentialAction\":[{\"@type\":\"ReadAction\",\"target\":[\"https:\/\/industry.aafintl.com\/fr-fr\/la-durabilite-chez-aaf-international\/\"]}]},{\"@type\":\"BreadcrumbList\",\"@id\":\"https:\/\/industry.aafintl.com\/fr-fr\/la-durabilite-chez-aaf-international\/#breadcrumb\",\"itemListElement\":[{\"@type\":\"ListItem\",\"position\":1,\"name\":\"Home\",\"item\":\"https:\/\/industry.aafintl.com\/fr-fr\/\"},{\"@type\":\"ListItem\",\"position\":2,\"name\":\"La Durabilit\u00e9 chez AAF International\"}]},{\"@type\":\"WebSite\",\"@id\":\"https:\/\/industry.aafintl.com\/fr-fr\/#website\",\"url\":\"https:\/\/industry.aafintl.com\/fr-fr\/\",\"name\":\"AAF France\",\"description\":\"\",\"potentialAction\":[{\"@type\":\"SearchAction\",\"target\":{\"@type\":\"EntryPoint\",\"urlTemplate\":\"https:\/\/industry.aafintl.com\/fr-fr\/?s={search_term_string}\"},\"query-input\":{\"@type\":\"PropertyValueSpecification\",\"valueRequired\":true,\"valueName\":\"search_term_string\"}}],\"inLanguage\":\"en-GB\"}]}<\/script>\n<!-- \/ Yoast SEO plugin. -->","yoast_head_json":{"title":"La Durabilit\u00e9 chez AAF International - AAF France","description":"D\u00e9couvrez l'engagement d'AAF International en faveur de la durabilit\u00e9 et apprenez comment nos solutions innovantes de filtration de l'air am\u00e9liorent la qualit\u00e9 de l'air, augmentent les performances et r\u00e9duisent l'impact environnemental. Explorez notre vision et nos initiatives de durabilit\u00e9 pour un monde plus sain.","robots":{"index":"index","follow":"follow","max-snippet":"max-snippet:-1","max-image-preview":"max-image-preview:large","max-video-preview":"max-video-preview:-1"},"canonical":"https:\/\/industry.aafintl.com\/fr-fr\/la-durabilite-chez-aaf-international\/","og_locale":"en_GB","og_type":"article","og_title":"La Durabilit\u00e9 chez AAF International - AAF France","og_description":"D\u00e9couvrez l'engagement d'AAF International en faveur de la durabilit\u00e9 et apprenez comment nos solutions innovantes de filtration de l'air am\u00e9liorent la qualit\u00e9 de l'air, augmentent les performances et r\u00e9duisent l'impact environnemental. Explorez notre vision et nos initiatives de durabilit\u00e9 pour un monde plus sain.","og_url":"https:\/\/industry.aafintl.com\/fr-fr\/la-durabilite-chez-aaf-international\/","og_site_name":"AAF France","article_modified_time":"2025-07-03T14:06:22+00:00","twitter_card":"summary_large_image","twitter_misc":{"Estimated reading time":"2 minutes"},"schema":{"@context":"https:\/\/schema.org","@graph":[{"@type":"WebPage","@id":"https:\/\/industry.aafintl.com\/fr-fr\/la-durabilite-chez-aaf-international\/","url":"https:\/\/industry.aafintl.com\/fr-fr\/la-durabilite-chez-aaf-international\/","name":"La Durabilit\u00e9 chez AAF International - AAF France","isPartOf":{"@id":"https:\/\/industry.aafintl.com\/fr-fr\/#website"},"datePublished":"2025-07-01T09:16:41+00:00","dateModified":"2025-07-03T14:06:22+00:00","description":"D\u00e9couvrez l'engagement d'AAF International en faveur de la durabilit\u00e9 et apprenez comment nos solutions innovantes de filtration de l'air am\u00e9liorent la qualit\u00e9 de l'air, augmentent les performances et r\u00e9duisent l'impact environnemental. Explorez notre vision et nos initiatives de durabilit\u00e9 pour un monde plus sain.","breadcrumb":{"@id":"https:\/\/industry.aafintl.com\/fr-fr\/la-durabilite-chez-aaf-international\/#breadcrumb"},"inLanguage":"en-GB","potentialAction":[{"@type":"ReadAction","target":["https:\/\/industry.aafintl.com\/fr-fr\/la-durabilite-chez-aaf-international\/"]}]},{"@type":"BreadcrumbList","@id":"https:\/\/industry.aafintl.com\/fr-fr\/la-durabilite-chez-aaf-international\/#breadcrumb","itemListElement":[{"@type":"ListItem","position":1,"name":"Home","item":"https:\/\/industry.aafintl.com\/fr-fr\/"},{"@type":"ListItem","position":2,"name":"La Durabilit\u00e9 chez AAF International"}]},{"@type":"WebSite","@id":"https:\/\/industry.aafintl.com\/fr-fr\/#website","url":"https:\/\/industry.aafintl.com\/fr-fr\/","name":"AAF France","description":"","potentialAction":[{"@type":"SearchAction","target":{"@type":"EntryPoint","urlTemplate":"https:\/\/industry.aafintl.com\/fr-fr\/?s={search_term_string}"},"query-input":{"@type":"PropertyValueSpecification","valueRequired":true,"valueName":"search_term_string"}}],"inLanguage":"en-GB"}]}},"_links":{"self":[{"href":"https:\/\/industry.aafintl.com\/fr-fr\/wp-json\/wp\/v2\/pages\/4456","targetHints":{"allow":["GET"]}}],"collection":[{"href":"https:\/\/industry.aafintl.com\/fr-fr\/wp-json\/wp\/v2\/pages"}],"about":[{"href":"https:\/\/industry.aafintl.com\/fr-fr\/wp-json\/wp\/v2\/types\/page"}],"author":[{"embeddable":true,"href":"https:\/\/industry.aafintl.com\/fr-fr\/wp-json\/wp\/v2\/users\/10"}],"replies":[{"embeddable":true,"href":"https:\/\/industry.aafintl.com\/fr-fr\/wp-json\/wp\/v2\/comments?post=4456"}],"version-history":[{"count":0,"href":"https:\/\/industry.aafintl.com\/fr-fr\/wp-json\/wp\/v2\/pages\/4456\/revisions"}],"wp:attachment":[{"href":"https:\/\/industry.aafintl.com\/fr-fr\/wp-json\/wp\/v2\/media?parent=4456"}],"curies":[{"name":"wp","href":"https:\/\/api.w.org\/{rel}","templated":true}]}}