{"id":442,"date":"2021-11-18T16:37:41","date_gmt":"2021-11-18T16:37:41","guid":{"rendered":"https:\/\/aaf.mediaworksdev.co.uk\/en-gb\/?page_id=442"},"modified":"2023-03-10T10:15:46","modified_gmt":"2023-03-10T10:15:46","slug":"services-sur-le-terrain","status":"publish","type":"page","link":"https:\/\/industry.aafintl.com\/fr-fr\/energy\/nos-services\/services-sur-le-terrain\/","title":{"rendered":"Services sur le terrain"},"content":{"rendered":"","protected":false},"excerpt":{"rendered":"","protected":false},"author":1,"featured_media":0,"parent":357,"menu_order":0,"comment_status":"closed","ping_status":"closed","template":"","meta":{"_acf_changed":false,"inline_featured_image":false,"footnotes":""},"class_list":["post-442","page","type-page","status-publish","hentry"],"acf":[],"yoast_head":"<!-- This site is optimized with the Yoast SEO plugin v27.0 - https:\/\/yoast.com\/product\/yoast-seo-wordpress\/ -->\n<title>Services sur le terrain pour moteurs \u00e0 gaz et diesel | AAF International<\/title>\n<meta name=\"description\" content=\"L\u2019\u00e9quipe des services sur le terrain d\u2019AAF collabore avec vous pour r\u00e9pondre \u00e0 toutes vos exigences de service des moteurs \u00e0 gaz et diesel en mati\u00e8re de filtration de l\u2019air, de ventilation et de solutions acoustiques.\" \/>\n<meta name=\"robots\" content=\"index, follow, max-snippet:-1, max-image-preview:large, max-video-preview:-1\" \/>\n<link rel=\"canonical\" href=\"https:\/\/industry.aafintl.com\/fr-fr\/energy\/nos-services\/services-sur-le-terrain\/\" \/>\n<meta property=\"og:locale\" content=\"en_GB\" \/>\n<meta property=\"og:type\" content=\"article\" \/>\n<meta property=\"og:title\" content=\"Services sur le terrain pour moteurs \u00e0 gaz et diesel | AAF International\" \/>\n<meta property=\"og:description\" content=\"L\u2019\u00e9quipe des services sur le terrain d\u2019AAF collabore avec vous pour r\u00e9pondre \u00e0 toutes vos exigences de service des moteurs \u00e0 gaz et diesel en mati\u00e8re de filtration de l\u2019air, de ventilation et de solutions acoustiques.\" \/>\n<meta property=\"og:url\" content=\"https:\/\/industry.aafintl.com\/fr-fr\/energy\/nos-services\/services-sur-le-terrain\/\" \/>\n<meta property=\"og:site_name\" content=\"AAF France\" \/>\n<meta property=\"article:modified_time\" content=\"2023-03-10T10:15:46+00:00\" \/>\n<meta name=\"twitter:card\" content=\"summary_large_image\" \/>\n<script type=\"application\/ld+json\" class=\"yoast-schema-graph\">{\"@context\":\"https:\/\/schema.org\",\"@graph\":[{\"@type\":\"WebPage\",\"@id\":\"https:\/\/industry.aafintl.com\/fr-fr\/energy\/nos-services\/services-sur-le-terrain\/\",\"url\":\"https:\/\/industry.aafintl.com\/fr-fr\/energy\/nos-services\/services-sur-le-terrain\/\",\"name\":\"Services sur le terrain pour moteurs \u00e0 gaz et diesel | AAF International\",\"isPartOf\":{\"@id\":\"https:\/\/industry.aafintl.com\/fr-fr\/#website\"},\"datePublished\":\"2021-11-18T16:37:41+00:00\",\"dateModified\":\"2023-03-10T10:15:46+00:00\",\"description\":\"L\u2019\u00e9quipe des services sur le terrain d\u2019AAF collabore avec vous pour r\u00e9pondre \u00e0 toutes vos exigences de service des moteurs \u00e0 gaz et diesel en mati\u00e8re de filtration de l\u2019air, de ventilation et de solutions acoustiques.\",\"breadcrumb\":{\"@id\":\"https:\/\/industry.aafintl.com\/fr-fr\/energy\/nos-services\/services-sur-le-terrain\/#breadcrumb\"},\"inLanguage\":\"en-GB\",\"potentialAction\":[{\"@type\":\"ReadAction\",\"target\":[\"https:\/\/industry.aafintl.com\/fr-fr\/energy\/nos-services\/services-sur-le-terrain\/\"]}]},{\"@type\":\"BreadcrumbList\",\"@id\":\"https:\/\/industry.aafintl.com\/fr-fr\/energy\/nos-services\/services-sur-le-terrain\/#breadcrumb\",\"itemListElement\":[{\"@type\":\"ListItem\",\"position\":1,\"name\":\"Home\",\"item\":\"https:\/\/industry.aafintl.com\/fr-fr\/\"},{\"@type\":\"ListItem\",\"position\":2,\"name\":\"Energy\",\"item\":\"https:\/\/industry.aafintl.com\/fr-fr\/energy\/\"},{\"@type\":\"ListItem\",\"position\":3,\"name\":\"Nos Services\",\"item\":\"https:\/\/industry.aafintl.com\/fr-fr\/energy\/nos-services\/\"},{\"@type\":\"ListItem\",\"position\":4,\"name\":\"Services sur le terrain\"}]},{\"@type\":\"WebSite\",\"@id\":\"https:\/\/industry.aafintl.com\/fr-fr\/#website\",\"url\":\"https:\/\/industry.aafintl.com\/fr-fr\/\",\"name\":\"AAF France\",\"description\":\"\",\"potentialAction\":[{\"@type\":\"SearchAction\",\"target\":{\"@type\":\"EntryPoint\",\"urlTemplate\":\"https:\/\/industry.aafintl.com\/fr-fr\/?s={search_term_string}\"},\"query-input\":{\"@type\":\"PropertyValueSpecification\",\"valueRequired\":true,\"valueName\":\"search_term_string\"}}],\"inLanguage\":\"en-GB\"}]}<\/script>\n<!-- \/ Yoast SEO plugin. -->","yoast_head_json":{"title":"Services sur le terrain pour moteurs \u00e0 gaz et diesel | AAF International","description":"L\u2019\u00e9quipe des services sur le terrain d\u2019AAF collabore avec vous pour r\u00e9pondre \u00e0 toutes vos exigences de service des moteurs \u00e0 gaz et diesel en mati\u00e8re de filtration de l\u2019air, de ventilation et de solutions acoustiques.","robots":{"index":"index","follow":"follow","max-snippet":"max-snippet:-1","max-image-preview":"max-image-preview:large","max-video-preview":"max-video-preview:-1"},"canonical":"https:\/\/industry.aafintl.com\/fr-fr\/energy\/nos-services\/services-sur-le-terrain\/","og_locale":"en_GB","og_type":"article","og_title":"Services sur le terrain pour moteurs \u00e0 gaz et diesel | AAF International","og_description":"L\u2019\u00e9quipe des services sur le terrain d\u2019AAF collabore avec vous pour r\u00e9pondre \u00e0 toutes vos exigences de service des moteurs \u00e0 gaz et diesel en mati\u00e8re de filtration de l\u2019air, de ventilation et de solutions acoustiques.","og_url":"https:\/\/industry.aafintl.com\/fr-fr\/energy\/nos-services\/services-sur-le-terrain\/","og_site_name":"AAF France","article_modified_time":"2023-03-10T10:15:46+00:00","twitter_card":"summary_large_image","schema":{"@context":"https:\/\/schema.org","@graph":[{"@type":"WebPage","@id":"https:\/\/industry.aafintl.com\/fr-fr\/energy\/nos-services\/services-sur-le-terrain\/","url":"https:\/\/industry.aafintl.com\/fr-fr\/energy\/nos-services\/services-sur-le-terrain\/","name":"Services sur le terrain pour moteurs \u00e0 gaz et diesel | AAF International","isPartOf":{"@id":"https:\/\/industry.aafintl.com\/fr-fr\/#website"},"datePublished":"2021-11-18T16:37:41+00:00","dateModified":"2023-03-10T10:15:46+00:00","description":"L\u2019\u00e9quipe des services sur le terrain d\u2019AAF collabore avec vous pour r\u00e9pondre \u00e0 toutes vos exigences de service des moteurs \u00e0 gaz et diesel en mati\u00e8re de filtration de l\u2019air, de ventilation et de solutions acoustiques.","breadcrumb":{"@id":"https:\/\/industry.aafintl.com\/fr-fr\/energy\/nos-services\/services-sur-le-terrain\/#breadcrumb"},"inLanguage":"en-GB","potentialAction":[{"@type":"ReadAction","target":["https:\/\/industry.aafintl.com\/fr-fr\/energy\/nos-services\/services-sur-le-terrain\/"]}]},{"@type":"BreadcrumbList","@id":"https:\/\/industry.aafintl.com\/fr-fr\/energy\/nos-services\/services-sur-le-terrain\/#breadcrumb","itemListElement":[{"@type":"ListItem","position":1,"name":"Home","item":"https:\/\/industry.aafintl.com\/fr-fr\/"},{"@type":"ListItem","position":2,"name":"Energy","item":"https:\/\/industry.aafintl.com\/fr-fr\/energy\/"},{"@type":"ListItem","position":3,"name":"Nos Services","item":"https:\/\/industry.aafintl.com\/fr-fr\/energy\/nos-services\/"},{"@type":"ListItem","position":4,"name":"Services sur le terrain"}]},{"@type":"WebSite","@id":"https:\/\/industry.aafintl.com\/fr-fr\/#website","url":"https:\/\/industry.aafintl.com\/fr-fr\/","name":"AAF France","description":"","potentialAction":[{"@type":"SearchAction","target":{"@type":"EntryPoint","urlTemplate":"https:\/\/industry.aafintl.com\/fr-fr\/?s={search_term_string}"},"query-input":{"@type":"PropertyValueSpecification","valueRequired":true,"valueName":"search_term_string"}}],"inLanguage":"en-GB"}]}},"_links":{"self":[{"href":"https:\/\/industry.aafintl.com\/fr-fr\/wp-json\/wp\/v2\/pages\/442","targetHints":{"allow":["GET"]}}],"collection":[{"href":"https:\/\/industry.aafintl.com\/fr-fr\/wp-json\/wp\/v2\/pages"}],"about":[{"href":"https:\/\/industry.aafintl.com\/fr-fr\/wp-json\/wp\/v2\/types\/page"}],"author":[{"embeddable":true,"href":"https:\/\/industry.aafintl.com\/fr-fr\/wp-json\/wp\/v2\/users\/1"}],"replies":[{"embeddable":true,"href":"https:\/\/industry.aafintl.com\/fr-fr\/wp-json\/wp\/v2\/comments?post=442"}],"version-history":[{"count":0,"href":"https:\/\/industry.aafintl.com\/fr-fr\/wp-json\/wp\/v2\/pages\/442\/revisions"}],"up":[{"embeddable":true,"href":"https:\/\/industry.aafintl.com\/fr-fr\/wp-json\/wp\/v2\/pages\/357"}],"wp:attachment":[{"href":"https:\/\/industry.aafintl.com\/fr-fr\/wp-json\/wp\/v2\/media?parent=442"}],"curies":[{"name":"wp","href":"https:\/\/api.w.org\/{rel}","templated":true}]}}