{"id":4329,"date":"2024-04-04T11:19:30","date_gmt":"2024-04-04T10:19:30","guid":{"rendered":"https:\/\/industry.aafintl.com\/fr-fr\/?page_id=4329"},"modified":"2024-04-04T11:19:30","modified_gmt":"2024-04-04T10:19:30","slug":"usinage","status":"publish","type":"page","link":"https:\/\/industry.aafintl.com\/fr-fr\/industrial\/applications\/usinage\/","title":{"rendered":"Usinage"},"content":{"rendered":"","protected":false},"excerpt":{"rendered":"","protected":false},"author":9,"featured_media":0,"parent":1067,"menu_order":0,"comment_status":"closed","ping_status":"closed","template":"","meta":{"_acf_changed":false,"inline_featured_image":false,"footnotes":""},"class_list":["post-4329","page","type-page","status-publish","hentry"],"acf":[],"yoast_head":"<!-- This site is optimized with the Yoast SEO plugin v27.0 - https:\/\/yoast.com\/product\/yoast-seo-wordpress\/ -->\n<title>Usinage | D\u00e9poussi\u00e9reurs de brouillard d\u2019huile | AFF International<\/title>\n<meta name=\"description\" content=\"D\u00e9poussi\u00e9reurs de brouillard d\u2019huile pour l\u2019usinage. Adapt\u00e9s \u00e0 une utilisation dans certaines des industries les plus courantes, telles que les industries m\u00e9tallurgique, a\u00e9rospatiale et automobile.\" \/>\n<meta name=\"robots\" content=\"index, follow, max-snippet:-1, max-image-preview:large, max-video-preview:-1\" \/>\n<link rel=\"canonical\" href=\"https:\/\/industry.aafintl.com\/fr-fr\/industrial\/applications\/usinage\/\" \/>\n<meta property=\"og:locale\" content=\"en_GB\" \/>\n<meta property=\"og:type\" content=\"article\" \/>\n<meta property=\"og:title\" content=\"Usinage | D\u00e9poussi\u00e9reurs de brouillard d\u2019huile | AFF International\" \/>\n<meta property=\"og:description\" content=\"D\u00e9poussi\u00e9reurs de brouillard d\u2019huile pour l\u2019usinage. Adapt\u00e9s \u00e0 une utilisation dans certaines des industries les plus courantes, telles que les industries m\u00e9tallurgique, a\u00e9rospatiale et automobile.\" \/>\n<meta property=\"og:url\" content=\"https:\/\/industry.aafintl.com\/fr-fr\/industrial\/applications\/usinage\/\" \/>\n<meta property=\"og:site_name\" content=\"AAF France\" \/>\n<meta name=\"twitter:card\" content=\"summary_large_image\" \/>\n<script type=\"application\/ld+json\" class=\"yoast-schema-graph\">{\"@context\":\"https:\/\/schema.org\",\"@graph\":[{\"@type\":\"WebPage\",\"@id\":\"https:\/\/industry.aafintl.com\/fr-fr\/industrial\/applications\/usinage\/\",\"url\":\"https:\/\/industry.aafintl.com\/fr-fr\/industrial\/applications\/usinage\/\",\"name\":\"Usinage | D\u00e9poussi\u00e9reurs de brouillard d\u2019huile | AFF International\",\"isPartOf\":{\"@id\":\"https:\/\/industry.aafintl.com\/fr-fr\/#website\"},\"datePublished\":\"2024-04-04T10:19:30+00:00\",\"description\":\"D\u00e9poussi\u00e9reurs de brouillard d\u2019huile pour l\u2019usinage. Adapt\u00e9s \u00e0 une utilisation dans certaines des industries les plus courantes, telles que les industries m\u00e9tallurgique, a\u00e9rospatiale et automobile.\",\"breadcrumb\":{\"@id\":\"https:\/\/industry.aafintl.com\/fr-fr\/industrial\/applications\/usinage\/#breadcrumb\"},\"inLanguage\":\"en-GB\",\"potentialAction\":[{\"@type\":\"ReadAction\",\"target\":[\"https:\/\/industry.aafintl.com\/fr-fr\/industrial\/applications\/usinage\/\"]}]},{\"@type\":\"BreadcrumbList\",\"@id\":\"https:\/\/industry.aafintl.com\/fr-fr\/industrial\/applications\/usinage\/#breadcrumb\",\"itemListElement\":[{\"@type\":\"ListItem\",\"position\":1,\"name\":\"Home\",\"item\":\"https:\/\/industry.aafintl.com\/fr-fr\/\"},{\"@type\":\"ListItem\",\"position\":2,\"name\":\"Industrial Air Quality\",\"item\":\"https:\/\/industry.aafintl.com\/fr-fr\/industrial\/\"},{\"@type\":\"ListItem\",\"position\":3,\"name\":\"Applications\",\"item\":\"https:\/\/industry.aafintl.com\/fr-fr\/industrial\/applications\/\"},{\"@type\":\"ListItem\",\"position\":4,\"name\":\"Usinage\"}]},{\"@type\":\"WebSite\",\"@id\":\"https:\/\/industry.aafintl.com\/fr-fr\/#website\",\"url\":\"https:\/\/industry.aafintl.com\/fr-fr\/\",\"name\":\"AAF France\",\"description\":\"\",\"potentialAction\":[{\"@type\":\"SearchAction\",\"target\":{\"@type\":\"EntryPoint\",\"urlTemplate\":\"https:\/\/industry.aafintl.com\/fr-fr\/?s={search_term_string}\"},\"query-input\":{\"@type\":\"PropertyValueSpecification\",\"valueRequired\":true,\"valueName\":\"search_term_string\"}}],\"inLanguage\":\"en-GB\"}]}<\/script>\n<!-- \/ Yoast SEO plugin. -->","yoast_head_json":{"title":"Usinage | D\u00e9poussi\u00e9reurs de brouillard d\u2019huile | AFF International","description":"D\u00e9poussi\u00e9reurs de brouillard d\u2019huile pour l\u2019usinage. Adapt\u00e9s \u00e0 une utilisation dans certaines des industries les plus courantes, telles que les industries m\u00e9tallurgique, a\u00e9rospatiale et automobile.","robots":{"index":"index","follow":"follow","max-snippet":"max-snippet:-1","max-image-preview":"max-image-preview:large","max-video-preview":"max-video-preview:-1"},"canonical":"https:\/\/industry.aafintl.com\/fr-fr\/industrial\/applications\/usinage\/","og_locale":"en_GB","og_type":"article","og_title":"Usinage | D\u00e9poussi\u00e9reurs de brouillard d\u2019huile | AFF International","og_description":"D\u00e9poussi\u00e9reurs de brouillard d\u2019huile pour l\u2019usinage. Adapt\u00e9s \u00e0 une utilisation dans certaines des industries les plus courantes, telles que les industries m\u00e9tallurgique, a\u00e9rospatiale et automobile.","og_url":"https:\/\/industry.aafintl.com\/fr-fr\/industrial\/applications\/usinage\/","og_site_name":"AAF France","twitter_card":"summary_large_image","schema":{"@context":"https:\/\/schema.org","@graph":[{"@type":"WebPage","@id":"https:\/\/industry.aafintl.com\/fr-fr\/industrial\/applications\/usinage\/","url":"https:\/\/industry.aafintl.com\/fr-fr\/industrial\/applications\/usinage\/","name":"Usinage | D\u00e9poussi\u00e9reurs de brouillard d\u2019huile | AFF International","isPartOf":{"@id":"https:\/\/industry.aafintl.com\/fr-fr\/#website"},"datePublished":"2024-04-04T10:19:30+00:00","description":"D\u00e9poussi\u00e9reurs de brouillard d\u2019huile pour l\u2019usinage. Adapt\u00e9s \u00e0 une utilisation dans certaines des industries les plus courantes, telles que les industries m\u00e9tallurgique, a\u00e9rospatiale et automobile.","breadcrumb":{"@id":"https:\/\/industry.aafintl.com\/fr-fr\/industrial\/applications\/usinage\/#breadcrumb"},"inLanguage":"en-GB","potentialAction":[{"@type":"ReadAction","target":["https:\/\/industry.aafintl.com\/fr-fr\/industrial\/applications\/usinage\/"]}]},{"@type":"BreadcrumbList","@id":"https:\/\/industry.aafintl.com\/fr-fr\/industrial\/applications\/usinage\/#breadcrumb","itemListElement":[{"@type":"ListItem","position":1,"name":"Home","item":"https:\/\/industry.aafintl.com\/fr-fr\/"},{"@type":"ListItem","position":2,"name":"Industrial Air Quality","item":"https:\/\/industry.aafintl.com\/fr-fr\/industrial\/"},{"@type":"ListItem","position":3,"name":"Applications","item":"https:\/\/industry.aafintl.com\/fr-fr\/industrial\/applications\/"},{"@type":"ListItem","position":4,"name":"Usinage"}]},{"@type":"WebSite","@id":"https:\/\/industry.aafintl.com\/fr-fr\/#website","url":"https:\/\/industry.aafintl.com\/fr-fr\/","name":"AAF France","description":"","potentialAction":[{"@type":"SearchAction","target":{"@type":"EntryPoint","urlTemplate":"https:\/\/industry.aafintl.com\/fr-fr\/?s={search_term_string}"},"query-input":{"@type":"PropertyValueSpecification","valueRequired":true,"valueName":"search_term_string"}}],"inLanguage":"en-GB"}]}},"_links":{"self":[{"href":"https:\/\/industry.aafintl.com\/fr-fr\/wp-json\/wp\/v2\/pages\/4329","targetHints":{"allow":["GET"]}}],"collection":[{"href":"https:\/\/industry.aafintl.com\/fr-fr\/wp-json\/wp\/v2\/pages"}],"about":[{"href":"https:\/\/industry.aafintl.com\/fr-fr\/wp-json\/wp\/v2\/types\/page"}],"author":[{"embeddable":true,"href":"https:\/\/industry.aafintl.com\/fr-fr\/wp-json\/wp\/v2\/users\/9"}],"replies":[{"embeddable":true,"href":"https:\/\/industry.aafintl.com\/fr-fr\/wp-json\/wp\/v2\/comments?post=4329"}],"version-history":[{"count":0,"href":"https:\/\/industry.aafintl.com\/fr-fr\/wp-json\/wp\/v2\/pages\/4329\/revisions"}],"up":[{"embeddable":true,"href":"https:\/\/industry.aafintl.com\/fr-fr\/wp-json\/wp\/v2\/pages\/1067"}],"wp:attachment":[{"href":"https:\/\/industry.aafintl.com\/fr-fr\/wp-json\/wp\/v2\/media?parent=4329"}],"curies":[{"name":"wp","href":"https:\/\/api.w.org\/{rel}","templated":true}]}}