{"id":429,"date":"2021-11-18T16:06:48","date_gmt":"2021-11-18T16:06:48","guid":{"rendered":"https:\/\/aaf.mediaworksdev.co.uk\/en-gb\/?page_id=429"},"modified":"2023-03-10T10:32:00","modified_gmt":"2023-03-10T10:32:00","slug":"production-delectricite-energie","status":"publish","type":"page","link":"https:\/\/industry.aafintl.com\/fr-fr\/energy\/production-delectricite-energie\/","title":{"rendered":"Production d\u2019\u00e9lectricit\u00e9 \u00e9nergie"},"content":{"rendered":"","protected":false},"excerpt":{"rendered":"","protected":false},"author":1,"featured_media":0,"parent":15,"menu_order":0,"comment_status":"closed","ping_status":"closed","template":"","meta":{"_acf_changed":false,"inline_featured_image":false,"footnotes":""},"class_list":["post-429","page","type-page","status-publish","hentry"],"acf":[],"yoast_head":"<!-- This site is optimized with the Yoast SEO plugin v27.0 - https:\/\/yoast.com\/product\/yoast-seo-wordpress\/ -->\n<title>Solutions de production d\u2019\u00e9lectricit\u00e9 pour turbine \u00e0 gaz | AAF International<\/title>\n<meta name=\"description\" content=\"AAF fournit des solutions de production d\u2019\u00e9lectricit\u00e9 pour turbine \u00e0 gaz, pour assurer l\u2019efficacit\u00e9 et la filtration de l\u2019entr\u00e9e d&#039;air optimales. D\u00e9couvrir plus de solutions de filtration de l\u2019air \u00e0 AAF\" \/>\n<meta name=\"robots\" content=\"index, follow, max-snippet:-1, max-image-preview:large, max-video-preview:-1\" \/>\n<link rel=\"canonical\" href=\"https:\/\/industry.aafintl.com\/fr-fr\/energy\/production-delectricite-energie\/\" \/>\n<meta property=\"og:locale\" content=\"en_US\" \/>\n<meta property=\"og:type\" content=\"article\" \/>\n<meta property=\"og:title\" content=\"Solutions de production d\u2019\u00e9lectricit\u00e9 pour turbine \u00e0 gaz | AAF International\" \/>\n<meta property=\"og:description\" content=\"AAF fournit des solutions de production d\u2019\u00e9lectricit\u00e9 pour turbine \u00e0 gaz, pour assurer l\u2019efficacit\u00e9 et la filtration de l\u2019entr\u00e9e d&#039;air optimales. D\u00e9couvrir plus de solutions de filtration de l\u2019air \u00e0 AAF\" \/>\n<meta property=\"og:url\" content=\"https:\/\/industry.aafintl.com\/fr-fr\/energy\/production-delectricite-energie\/\" \/>\n<meta property=\"og:site_name\" content=\"AAF France\" \/>\n<meta property=\"article:modified_time\" content=\"2023-03-10T10:32:00+00:00\" \/>\n<meta name=\"twitter:card\" content=\"summary_large_image\" \/>\n<script type=\"application\/ld+json\" class=\"yoast-schema-graph\">{\"@context\":\"https:\/\/schema.org\",\"@graph\":[{\"@type\":\"WebPage\",\"@id\":\"https:\/\/industry.aafintl.com\/fr-fr\/energy\/production-delectricite-energie\/\",\"url\":\"https:\/\/industry.aafintl.com\/fr-fr\/energy\/production-delectricite-energie\/\",\"name\":\"Solutions de production d\u2019\u00e9lectricit\u00e9 pour turbine \u00e0 gaz | AAF International\",\"isPartOf\":{\"@id\":\"https:\/\/industry.aafintl.com\/fr-fr\/#website\"},\"datePublished\":\"2021-11-18T16:06:48+00:00\",\"dateModified\":\"2023-03-10T10:32:00+00:00\",\"description\":\"AAF fournit des solutions de production d\u2019\u00e9lectricit\u00e9 pour turbine \u00e0 gaz, pour assurer l\u2019efficacit\u00e9 et la filtration de l\u2019entr\u00e9e d'air optimales. D\u00e9couvrir plus de solutions de filtration de l\u2019air \u00e0 AAF\",\"breadcrumb\":{\"@id\":\"https:\/\/industry.aafintl.com\/fr-fr\/energy\/production-delectricite-energie\/#breadcrumb\"},\"inLanguage\":\"en-GB\",\"potentialAction\":[{\"@type\":\"ReadAction\",\"target\":[\"https:\/\/industry.aafintl.com\/fr-fr\/energy\/production-delectricite-energie\/\"]}]},{\"@type\":\"BreadcrumbList\",\"@id\":\"https:\/\/industry.aafintl.com\/fr-fr\/energy\/production-delectricite-energie\/#breadcrumb\",\"itemListElement\":[{\"@type\":\"ListItem\",\"position\":1,\"name\":\"Home\",\"item\":\"https:\/\/industry.aafintl.com\/fr-fr\/\"},{\"@type\":\"ListItem\",\"position\":2,\"name\":\"Energy\",\"item\":\"https:\/\/industry.aafintl.com\/fr-fr\/energy\/\"},{\"@type\":\"ListItem\",\"position\":3,\"name\":\"Production d\u2019\u00e9lectricit\u00e9 \u00e9nergie\"}]},{\"@type\":\"WebSite\",\"@id\":\"https:\/\/industry.aafintl.com\/fr-fr\/#website\",\"url\":\"https:\/\/industry.aafintl.com\/fr-fr\/\",\"name\":\"AAF France\",\"description\":\"\",\"potentialAction\":[{\"@type\":\"SearchAction\",\"target\":{\"@type\":\"EntryPoint\",\"urlTemplate\":\"https:\/\/industry.aafintl.com\/fr-fr\/?s={search_term_string}\"},\"query-input\":{\"@type\":\"PropertyValueSpecification\",\"valueRequired\":true,\"valueName\":\"search_term_string\"}}],\"inLanguage\":\"en-GB\"}]}<\/script>\n<!-- \/ Yoast SEO plugin. -->","yoast_head_json":{"title":"Solutions de production d\u2019\u00e9lectricit\u00e9 pour turbine \u00e0 gaz | AAF International","description":"AAF fournit des solutions de production d\u2019\u00e9lectricit\u00e9 pour turbine \u00e0 gaz, pour assurer l\u2019efficacit\u00e9 et la filtration de l\u2019entr\u00e9e d'air optimales. D\u00e9couvrir plus de solutions de filtration de l\u2019air \u00e0 AAF","robots":{"index":"index","follow":"follow","max-snippet":"max-snippet:-1","max-image-preview":"max-image-preview:large","max-video-preview":"max-video-preview:-1"},"canonical":"https:\/\/industry.aafintl.com\/fr-fr\/energy\/production-delectricite-energie\/","og_locale":"en_US","og_type":"article","og_title":"Solutions de production d\u2019\u00e9lectricit\u00e9 pour turbine \u00e0 gaz | AAF International","og_description":"AAF fournit des solutions de production d\u2019\u00e9lectricit\u00e9 pour turbine \u00e0 gaz, pour assurer l\u2019efficacit\u00e9 et la filtration de l\u2019entr\u00e9e d'air optimales. D\u00e9couvrir plus de solutions de filtration de l\u2019air \u00e0 AAF","og_url":"https:\/\/industry.aafintl.com\/fr-fr\/energy\/production-delectricite-energie\/","og_site_name":"AAF France","article_modified_time":"2023-03-10T10:32:00+00:00","twitter_card":"summary_large_image","schema":{"@context":"https:\/\/schema.org","@graph":[{"@type":"WebPage","@id":"https:\/\/industry.aafintl.com\/fr-fr\/energy\/production-delectricite-energie\/","url":"https:\/\/industry.aafintl.com\/fr-fr\/energy\/production-delectricite-energie\/","name":"Solutions de production d\u2019\u00e9lectricit\u00e9 pour turbine \u00e0 gaz | AAF International","isPartOf":{"@id":"https:\/\/industry.aafintl.com\/fr-fr\/#website"},"datePublished":"2021-11-18T16:06:48+00:00","dateModified":"2023-03-10T10:32:00+00:00","description":"AAF fournit des solutions de production d\u2019\u00e9lectricit\u00e9 pour turbine \u00e0 gaz, pour assurer l\u2019efficacit\u00e9 et la filtration de l\u2019entr\u00e9e d'air optimales. D\u00e9couvrir plus de solutions de filtration de l\u2019air \u00e0 AAF","breadcrumb":{"@id":"https:\/\/industry.aafintl.com\/fr-fr\/energy\/production-delectricite-energie\/#breadcrumb"},"inLanguage":"en-GB","potentialAction":[{"@type":"ReadAction","target":["https:\/\/industry.aafintl.com\/fr-fr\/energy\/production-delectricite-energie\/"]}]},{"@type":"BreadcrumbList","@id":"https:\/\/industry.aafintl.com\/fr-fr\/energy\/production-delectricite-energie\/#breadcrumb","itemListElement":[{"@type":"ListItem","position":1,"name":"Home","item":"https:\/\/industry.aafintl.com\/fr-fr\/"},{"@type":"ListItem","position":2,"name":"Energy","item":"https:\/\/industry.aafintl.com\/fr-fr\/energy\/"},{"@type":"ListItem","position":3,"name":"Production d\u2019\u00e9lectricit\u00e9 \u00e9nergie"}]},{"@type":"WebSite","@id":"https:\/\/industry.aafintl.com\/fr-fr\/#website","url":"https:\/\/industry.aafintl.com\/fr-fr\/","name":"AAF France","description":"","potentialAction":[{"@type":"SearchAction","target":{"@type":"EntryPoint","urlTemplate":"https:\/\/industry.aafintl.com\/fr-fr\/?s={search_term_string}"},"query-input":{"@type":"PropertyValueSpecification","valueRequired":true,"valueName":"search_term_string"}}],"inLanguage":"en-GB"}]}},"_links":{"self":[{"href":"https:\/\/industry.aafintl.com\/fr-fr\/wp-json\/wp\/v2\/pages\/429","targetHints":{"allow":["GET"]}}],"collection":[{"href":"https:\/\/industry.aafintl.com\/fr-fr\/wp-json\/wp\/v2\/pages"}],"about":[{"href":"https:\/\/industry.aafintl.com\/fr-fr\/wp-json\/wp\/v2\/types\/page"}],"author":[{"embeddable":true,"href":"https:\/\/industry.aafintl.com\/fr-fr\/wp-json\/wp\/v2\/users\/1"}],"replies":[{"embeddable":true,"href":"https:\/\/industry.aafintl.com\/fr-fr\/wp-json\/wp\/v2\/comments?post=429"}],"version-history":[{"count":0,"href":"https:\/\/industry.aafintl.com\/fr-fr\/wp-json\/wp\/v2\/pages\/429\/revisions"}],"up":[{"embeddable":true,"href":"https:\/\/industry.aafintl.com\/fr-fr\/wp-json\/wp\/v2\/pages\/15"}],"wp:attachment":[{"href":"https:\/\/industry.aafintl.com\/fr-fr\/wp-json\/wp\/v2\/media?parent=429"}],"curies":[{"name":"wp","href":"https:\/\/api.w.org\/{rel}","templated":true}]}}