{"id":416,"date":"2021-11-18T15:40:30","date_gmt":"2021-11-18T15:40:30","guid":{"rendered":"https:\/\/aaf.mediaworksdev.co.uk\/en-gb\/?page_id=416"},"modified":"2023-03-10T09:00:11","modified_gmt":"2023-03-10T09:00:11","slug":"environnements-cotiers","status":"publish","type":"page","link":"https:\/\/industry.aafintl.com\/fr-fr\/energy\/turbine-a-gaz\/defis-environnementaux\/environnements-cotiers\/","title":{"rendered":"Environnements c\u00f4tiers"},"content":{"rendered":"","protected":false},"excerpt":{"rendered":"","protected":false},"author":1,"featured_media":0,"parent":367,"menu_order":0,"comment_status":"closed","ping_status":"closed","template":"","meta":{"_acf_changed":false,"inline_featured_image":false,"footnotes":""},"class_list":["post-416","page","type-page","status-publish","hentry"],"acf":[],"yoast_head":"<!-- This site is optimized with the Yoast SEO plugin v27.0 - https:\/\/yoast.com\/product\/yoast-seo-wordpress\/ -->\n<title>D\u00e9fis de protection c\u00f4ti\u00e8re et de qualit\u00e9 de l\u2019air | AAF International<\/title>\n<meta name=\"description\" content=\"Dans les environnements c\u00f4tiers comportant de hautes concentrations de sel et d\u2019humidit\u00e9, une filtration de l\u2019air adapt\u00e9e est n\u00e9cessaire pour prot\u00e9ger les turbines \u00e0 gaz et les compresseurs.\" \/>\n<meta name=\"robots\" content=\"index, follow, max-snippet:-1, max-image-preview:large, max-video-preview:-1\" \/>\n<link rel=\"canonical\" href=\"https:\/\/industry.aafintl.com\/fr-fr\/energy\/turbine-a-gaz\/defis-environnementaux\/environnements-cotiers\/\" \/>\n<meta property=\"og:locale\" content=\"en_GB\" \/>\n<meta property=\"og:type\" content=\"article\" \/>\n<meta property=\"og:title\" content=\"D\u00e9fis de protection c\u00f4ti\u00e8re et de qualit\u00e9 de l\u2019air | AAF International\" \/>\n<meta property=\"og:description\" content=\"Dans les environnements c\u00f4tiers comportant de hautes concentrations de sel et d\u2019humidit\u00e9, une filtration de l\u2019air adapt\u00e9e est n\u00e9cessaire pour prot\u00e9ger les turbines \u00e0 gaz et les compresseurs.\" \/>\n<meta property=\"og:url\" content=\"https:\/\/industry.aafintl.com\/fr-fr\/energy\/turbine-a-gaz\/defis-environnementaux\/environnements-cotiers\/\" \/>\n<meta property=\"og:site_name\" content=\"AAF France\" \/>\n<meta property=\"article:modified_time\" content=\"2023-03-10T09:00:11+00:00\" \/>\n<meta name=\"twitter:card\" content=\"summary_large_image\" \/>\n<script type=\"application\/ld+json\" class=\"yoast-schema-graph\">{\"@context\":\"https:\/\/schema.org\",\"@graph\":[{\"@type\":\"WebPage\",\"@id\":\"https:\/\/industry.aafintl.com\/fr-fr\/energy\/turbine-a-gaz\/defis-environnementaux\/environnements-cotiers\/\",\"url\":\"https:\/\/industry.aafintl.com\/fr-fr\/energy\/turbine-a-gaz\/defis-environnementaux\/environnements-cotiers\/\",\"name\":\"D\u00e9fis de protection c\u00f4ti\u00e8re et de qualit\u00e9 de l\u2019air | AAF International\",\"isPartOf\":{\"@id\":\"https:\/\/industry.aafintl.com\/fr-fr\/#website\"},\"datePublished\":\"2021-11-18T15:40:30+00:00\",\"dateModified\":\"2023-03-10T09:00:11+00:00\",\"description\":\"Dans les environnements c\u00f4tiers comportant de hautes concentrations de sel et d\u2019humidit\u00e9, une filtration de l\u2019air adapt\u00e9e est n\u00e9cessaire pour prot\u00e9ger les turbines \u00e0 gaz et les compresseurs.\",\"breadcrumb\":{\"@id\":\"https:\/\/industry.aafintl.com\/fr-fr\/energy\/turbine-a-gaz\/defis-environnementaux\/environnements-cotiers\/#breadcrumb\"},\"inLanguage\":\"en-GB\",\"potentialAction\":[{\"@type\":\"ReadAction\",\"target\":[\"https:\/\/industry.aafintl.com\/fr-fr\/energy\/turbine-a-gaz\/defis-environnementaux\/environnements-cotiers\/\"]}]},{\"@type\":\"BreadcrumbList\",\"@id\":\"https:\/\/industry.aafintl.com\/fr-fr\/energy\/turbine-a-gaz\/defis-environnementaux\/environnements-cotiers\/#breadcrumb\",\"itemListElement\":[{\"@type\":\"ListItem\",\"position\":1,\"name\":\"Home\",\"item\":\"https:\/\/industry.aafintl.com\/fr-fr\/\"},{\"@type\":\"ListItem\",\"position\":2,\"name\":\"Energy\",\"item\":\"https:\/\/industry.aafintl.com\/fr-fr\/energy\/\"},{\"@type\":\"ListItem\",\"position\":3,\"name\":\"Turbine \u00e0 gaz\u00a0\",\"item\":\"https:\/\/industry.aafintl.com\/fr-fr\/energy\/turbine-a-gaz\/\"},{\"@type\":\"ListItem\",\"position\":4,\"name\":\"D\u00e9fis environnementaux\",\"item\":\"https:\/\/industry.aafintl.com\/fr-fr\/energy\/turbine-a-gaz\/defis-environnementaux\/\"},{\"@type\":\"ListItem\",\"position\":5,\"name\":\"Environnements c\u00f4tiers\"}]},{\"@type\":\"WebSite\",\"@id\":\"https:\/\/industry.aafintl.com\/fr-fr\/#website\",\"url\":\"https:\/\/industry.aafintl.com\/fr-fr\/\",\"name\":\"AAF France\",\"description\":\"\",\"potentialAction\":[{\"@type\":\"SearchAction\",\"target\":{\"@type\":\"EntryPoint\",\"urlTemplate\":\"https:\/\/industry.aafintl.com\/fr-fr\/?s={search_term_string}\"},\"query-input\":{\"@type\":\"PropertyValueSpecification\",\"valueRequired\":true,\"valueName\":\"search_term_string\"}}],\"inLanguage\":\"en-GB\"}]}<\/script>\n<!-- \/ Yoast SEO plugin. -->","yoast_head_json":{"title":"D\u00e9fis de protection c\u00f4ti\u00e8re et de qualit\u00e9 de l\u2019air | AAF International","description":"Dans les environnements c\u00f4tiers comportant de hautes concentrations de sel et d\u2019humidit\u00e9, une filtration de l\u2019air adapt\u00e9e est n\u00e9cessaire pour prot\u00e9ger les turbines \u00e0 gaz et les compresseurs.","robots":{"index":"index","follow":"follow","max-snippet":"max-snippet:-1","max-image-preview":"max-image-preview:large","max-video-preview":"max-video-preview:-1"},"canonical":"https:\/\/industry.aafintl.com\/fr-fr\/energy\/turbine-a-gaz\/defis-environnementaux\/environnements-cotiers\/","og_locale":"en_GB","og_type":"article","og_title":"D\u00e9fis de protection c\u00f4ti\u00e8re et de qualit\u00e9 de l\u2019air | AAF International","og_description":"Dans les environnements c\u00f4tiers comportant de hautes concentrations de sel et d\u2019humidit\u00e9, une filtration de l\u2019air adapt\u00e9e est n\u00e9cessaire pour prot\u00e9ger les turbines \u00e0 gaz et les compresseurs.","og_url":"https:\/\/industry.aafintl.com\/fr-fr\/energy\/turbine-a-gaz\/defis-environnementaux\/environnements-cotiers\/","og_site_name":"AAF France","article_modified_time":"2023-03-10T09:00:11+00:00","twitter_card":"summary_large_image","schema":{"@context":"https:\/\/schema.org","@graph":[{"@type":"WebPage","@id":"https:\/\/industry.aafintl.com\/fr-fr\/energy\/turbine-a-gaz\/defis-environnementaux\/environnements-cotiers\/","url":"https:\/\/industry.aafintl.com\/fr-fr\/energy\/turbine-a-gaz\/defis-environnementaux\/environnements-cotiers\/","name":"D\u00e9fis de protection c\u00f4ti\u00e8re et de qualit\u00e9 de l\u2019air | AAF International","isPartOf":{"@id":"https:\/\/industry.aafintl.com\/fr-fr\/#website"},"datePublished":"2021-11-18T15:40:30+00:00","dateModified":"2023-03-10T09:00:11+00:00","description":"Dans les environnements c\u00f4tiers comportant de hautes concentrations de sel et d\u2019humidit\u00e9, une filtration de l\u2019air adapt\u00e9e est n\u00e9cessaire pour prot\u00e9ger les turbines \u00e0 gaz et les compresseurs.","breadcrumb":{"@id":"https:\/\/industry.aafintl.com\/fr-fr\/energy\/turbine-a-gaz\/defis-environnementaux\/environnements-cotiers\/#breadcrumb"},"inLanguage":"en-GB","potentialAction":[{"@type":"ReadAction","target":["https:\/\/industry.aafintl.com\/fr-fr\/energy\/turbine-a-gaz\/defis-environnementaux\/environnements-cotiers\/"]}]},{"@type":"BreadcrumbList","@id":"https:\/\/industry.aafintl.com\/fr-fr\/energy\/turbine-a-gaz\/defis-environnementaux\/environnements-cotiers\/#breadcrumb","itemListElement":[{"@type":"ListItem","position":1,"name":"Home","item":"https:\/\/industry.aafintl.com\/fr-fr\/"},{"@type":"ListItem","position":2,"name":"Energy","item":"https:\/\/industry.aafintl.com\/fr-fr\/energy\/"},{"@type":"ListItem","position":3,"name":"Turbine \u00e0 gaz\u00a0","item":"https:\/\/industry.aafintl.com\/fr-fr\/energy\/turbine-a-gaz\/"},{"@type":"ListItem","position":4,"name":"D\u00e9fis environnementaux","item":"https:\/\/industry.aafintl.com\/fr-fr\/energy\/turbine-a-gaz\/defis-environnementaux\/"},{"@type":"ListItem","position":5,"name":"Environnements c\u00f4tiers"}]},{"@type":"WebSite","@id":"https:\/\/industry.aafintl.com\/fr-fr\/#website","url":"https:\/\/industry.aafintl.com\/fr-fr\/","name":"AAF France","description":"","potentialAction":[{"@type":"SearchAction","target":{"@type":"EntryPoint","urlTemplate":"https:\/\/industry.aafintl.com\/fr-fr\/?s={search_term_string}"},"query-input":{"@type":"PropertyValueSpecification","valueRequired":true,"valueName":"search_term_string"}}],"inLanguage":"en-GB"}]}},"_links":{"self":[{"href":"https:\/\/industry.aafintl.com\/fr-fr\/wp-json\/wp\/v2\/pages\/416","targetHints":{"allow":["GET"]}}],"collection":[{"href":"https:\/\/industry.aafintl.com\/fr-fr\/wp-json\/wp\/v2\/pages"}],"about":[{"href":"https:\/\/industry.aafintl.com\/fr-fr\/wp-json\/wp\/v2\/types\/page"}],"author":[{"embeddable":true,"href":"https:\/\/industry.aafintl.com\/fr-fr\/wp-json\/wp\/v2\/users\/1"}],"replies":[{"embeddable":true,"href":"https:\/\/industry.aafintl.com\/fr-fr\/wp-json\/wp\/v2\/comments?post=416"}],"version-history":[{"count":0,"href":"https:\/\/industry.aafintl.com\/fr-fr\/wp-json\/wp\/v2\/pages\/416\/revisions"}],"up":[{"embeddable":true,"href":"https:\/\/industry.aafintl.com\/fr-fr\/wp-json\/wp\/v2\/pages\/367"}],"wp:attachment":[{"href":"https:\/\/industry.aafintl.com\/fr-fr\/wp-json\/wp\/v2\/media?parent=416"}],"curies":[{"name":"wp","href":"https:\/\/api.w.org\/{rel}","templated":true}]}}