{"id":414,"date":"2021-11-18T15:36:43","date_gmt":"2021-11-18T15:36:43","guid":{"rendered":"https:\/\/aaf.mediaworksdev.co.uk\/en-gb\/?page_id=414"},"modified":"2023-03-10T09:03:12","modified_gmt":"2023-03-10T09:03:12","slug":"rural","status":"publish","type":"page","link":"https:\/\/industry.aafintl.com\/fr-fr\/energy\/turbine-a-gaz\/defis-environnementaux\/rural\/","title":{"rendered":"Rural"},"content":{"rendered":"","protected":false},"excerpt":{"rendered":"","protected":false},"author":1,"featured_media":0,"parent":367,"menu_order":0,"comment_status":"closed","ping_status":"closed","template":"","meta":{"_acf_changed":false,"inline_featured_image":false,"footnotes":""},"class_list":["post-414","page","type-page","status-publish","hentry"],"acf":[],"yoast_head":"<!-- This site is optimized with the Yoast SEO plugin v27.0 - https:\/\/yoast.com\/product\/yoast-seo-wordpress\/ -->\n<title>Protection rurale des turbines \u00e0 gaz | AAF International<\/title>\n<meta name=\"description\" content=\"Dans les environnements ruraux, il est n\u00e9cessaire d&#039;\u00e9liminer les hautes concentrations de pollen et d&#039;autres particules pour maintenir la performance de la turbine \u00e0 gaz et du compresseur.\" \/>\n<meta name=\"robots\" content=\"index, follow, max-snippet:-1, max-image-preview:large, max-video-preview:-1\" \/>\n<link rel=\"canonical\" href=\"https:\/\/industry.aafintl.com\/fr-fr\/energy\/turbine-a-gaz\/defis-environnementaux\/rural\/\" \/>\n<meta property=\"og:locale\" content=\"en_GB\" \/>\n<meta property=\"og:type\" content=\"article\" \/>\n<meta property=\"og:title\" content=\"Protection rurale des turbines \u00e0 gaz | AAF International\" \/>\n<meta property=\"og:description\" content=\"Dans les environnements ruraux, il est n\u00e9cessaire d&#039;\u00e9liminer les hautes concentrations de pollen et d&#039;autres particules pour maintenir la performance de la turbine \u00e0 gaz et du compresseur.\" \/>\n<meta property=\"og:url\" content=\"https:\/\/industry.aafintl.com\/fr-fr\/energy\/turbine-a-gaz\/defis-environnementaux\/rural\/\" \/>\n<meta property=\"og:site_name\" content=\"AAF France\" \/>\n<meta property=\"article:modified_time\" content=\"2023-03-10T09:03:12+00:00\" \/>\n<meta name=\"twitter:card\" content=\"summary_large_image\" \/>\n<script type=\"application\/ld+json\" class=\"yoast-schema-graph\">{\"@context\":\"https:\/\/schema.org\",\"@graph\":[{\"@type\":\"WebPage\",\"@id\":\"https:\/\/industry.aafintl.com\/fr-fr\/energy\/turbine-a-gaz\/defis-environnementaux\/rural\/\",\"url\":\"https:\/\/industry.aafintl.com\/fr-fr\/energy\/turbine-a-gaz\/defis-environnementaux\/rural\/\",\"name\":\"Protection rurale des turbines \u00e0 gaz | AAF International\",\"isPartOf\":{\"@id\":\"https:\/\/industry.aafintl.com\/fr-fr\/#website\"},\"datePublished\":\"2021-11-18T15:36:43+00:00\",\"dateModified\":\"2023-03-10T09:03:12+00:00\",\"description\":\"Dans les environnements ruraux, il est n\u00e9cessaire d'\u00e9liminer les hautes concentrations de pollen et d'autres particules pour maintenir la performance de la turbine \u00e0 gaz et du compresseur.\",\"breadcrumb\":{\"@id\":\"https:\/\/industry.aafintl.com\/fr-fr\/energy\/turbine-a-gaz\/defis-environnementaux\/rural\/#breadcrumb\"},\"inLanguage\":\"en-GB\",\"potentialAction\":[{\"@type\":\"ReadAction\",\"target\":[\"https:\/\/industry.aafintl.com\/fr-fr\/energy\/turbine-a-gaz\/defis-environnementaux\/rural\/\"]}]},{\"@type\":\"BreadcrumbList\",\"@id\":\"https:\/\/industry.aafintl.com\/fr-fr\/energy\/turbine-a-gaz\/defis-environnementaux\/rural\/#breadcrumb\",\"itemListElement\":[{\"@type\":\"ListItem\",\"position\":1,\"name\":\"Home\",\"item\":\"https:\/\/industry.aafintl.com\/fr-fr\/\"},{\"@type\":\"ListItem\",\"position\":2,\"name\":\"Energy\",\"item\":\"https:\/\/industry.aafintl.com\/fr-fr\/energy\/\"},{\"@type\":\"ListItem\",\"position\":3,\"name\":\"Turbine \u00e0 gaz\u00a0\",\"item\":\"https:\/\/industry.aafintl.com\/fr-fr\/energy\/turbine-a-gaz\/\"},{\"@type\":\"ListItem\",\"position\":4,\"name\":\"D\u00e9fis environnementaux\",\"item\":\"https:\/\/industry.aafintl.com\/fr-fr\/energy\/turbine-a-gaz\/defis-environnementaux\/\"},{\"@type\":\"ListItem\",\"position\":5,\"name\":\"Rural\"}]},{\"@type\":\"WebSite\",\"@id\":\"https:\/\/industry.aafintl.com\/fr-fr\/#website\",\"url\":\"https:\/\/industry.aafintl.com\/fr-fr\/\",\"name\":\"AAF France\",\"description\":\"\",\"potentialAction\":[{\"@type\":\"SearchAction\",\"target\":{\"@type\":\"EntryPoint\",\"urlTemplate\":\"https:\/\/industry.aafintl.com\/fr-fr\/?s={search_term_string}\"},\"query-input\":{\"@type\":\"PropertyValueSpecification\",\"valueRequired\":true,\"valueName\":\"search_term_string\"}}],\"inLanguage\":\"en-GB\"}]}<\/script>\n<!-- \/ Yoast SEO plugin. -->","yoast_head_json":{"title":"Protection rurale des turbines \u00e0 gaz | AAF International","description":"Dans les environnements ruraux, il est n\u00e9cessaire d'\u00e9liminer les hautes concentrations de pollen et d'autres particules pour maintenir la performance de la turbine \u00e0 gaz et du compresseur.","robots":{"index":"index","follow":"follow","max-snippet":"max-snippet:-1","max-image-preview":"max-image-preview:large","max-video-preview":"max-video-preview:-1"},"canonical":"https:\/\/industry.aafintl.com\/fr-fr\/energy\/turbine-a-gaz\/defis-environnementaux\/rural\/","og_locale":"en_GB","og_type":"article","og_title":"Protection rurale des turbines \u00e0 gaz | AAF International","og_description":"Dans les environnements ruraux, il est n\u00e9cessaire d'\u00e9liminer les hautes concentrations de pollen et d'autres particules pour maintenir la performance de la turbine \u00e0 gaz et du compresseur.","og_url":"https:\/\/industry.aafintl.com\/fr-fr\/energy\/turbine-a-gaz\/defis-environnementaux\/rural\/","og_site_name":"AAF France","article_modified_time":"2023-03-10T09:03:12+00:00","twitter_card":"summary_large_image","schema":{"@context":"https:\/\/schema.org","@graph":[{"@type":"WebPage","@id":"https:\/\/industry.aafintl.com\/fr-fr\/energy\/turbine-a-gaz\/defis-environnementaux\/rural\/","url":"https:\/\/industry.aafintl.com\/fr-fr\/energy\/turbine-a-gaz\/defis-environnementaux\/rural\/","name":"Protection rurale des turbines \u00e0 gaz | AAF International","isPartOf":{"@id":"https:\/\/industry.aafintl.com\/fr-fr\/#website"},"datePublished":"2021-11-18T15:36:43+00:00","dateModified":"2023-03-10T09:03:12+00:00","description":"Dans les environnements ruraux, il est n\u00e9cessaire d'\u00e9liminer les hautes concentrations de pollen et d'autres particules pour maintenir la performance de la turbine \u00e0 gaz et du compresseur.","breadcrumb":{"@id":"https:\/\/industry.aafintl.com\/fr-fr\/energy\/turbine-a-gaz\/defis-environnementaux\/rural\/#breadcrumb"},"inLanguage":"en-GB","potentialAction":[{"@type":"ReadAction","target":["https:\/\/industry.aafintl.com\/fr-fr\/energy\/turbine-a-gaz\/defis-environnementaux\/rural\/"]}]},{"@type":"BreadcrumbList","@id":"https:\/\/industry.aafintl.com\/fr-fr\/energy\/turbine-a-gaz\/defis-environnementaux\/rural\/#breadcrumb","itemListElement":[{"@type":"ListItem","position":1,"name":"Home","item":"https:\/\/industry.aafintl.com\/fr-fr\/"},{"@type":"ListItem","position":2,"name":"Energy","item":"https:\/\/industry.aafintl.com\/fr-fr\/energy\/"},{"@type":"ListItem","position":3,"name":"Turbine \u00e0 gaz\u00a0","item":"https:\/\/industry.aafintl.com\/fr-fr\/energy\/turbine-a-gaz\/"},{"@type":"ListItem","position":4,"name":"D\u00e9fis environnementaux","item":"https:\/\/industry.aafintl.com\/fr-fr\/energy\/turbine-a-gaz\/defis-environnementaux\/"},{"@type":"ListItem","position":5,"name":"Rural"}]},{"@type":"WebSite","@id":"https:\/\/industry.aafintl.com\/fr-fr\/#website","url":"https:\/\/industry.aafintl.com\/fr-fr\/","name":"AAF France","description":"","potentialAction":[{"@type":"SearchAction","target":{"@type":"EntryPoint","urlTemplate":"https:\/\/industry.aafintl.com\/fr-fr\/?s={search_term_string}"},"query-input":{"@type":"PropertyValueSpecification","valueRequired":true,"valueName":"search_term_string"}}],"inLanguage":"en-GB"}]}},"_links":{"self":[{"href":"https:\/\/industry.aafintl.com\/fr-fr\/wp-json\/wp\/v2\/pages\/414","targetHints":{"allow":["GET"]}}],"collection":[{"href":"https:\/\/industry.aafintl.com\/fr-fr\/wp-json\/wp\/v2\/pages"}],"about":[{"href":"https:\/\/industry.aafintl.com\/fr-fr\/wp-json\/wp\/v2\/types\/page"}],"author":[{"embeddable":true,"href":"https:\/\/industry.aafintl.com\/fr-fr\/wp-json\/wp\/v2\/users\/1"}],"replies":[{"embeddable":true,"href":"https:\/\/industry.aafintl.com\/fr-fr\/wp-json\/wp\/v2\/comments?post=414"}],"version-history":[{"count":0,"href":"https:\/\/industry.aafintl.com\/fr-fr\/wp-json\/wp\/v2\/pages\/414\/revisions"}],"up":[{"embeddable":true,"href":"https:\/\/industry.aafintl.com\/fr-fr\/wp-json\/wp\/v2\/pages\/367"}],"wp:attachment":[{"href":"https:\/\/industry.aafintl.com\/fr-fr\/wp-json\/wp\/v2\/media?parent=414"}],"curies":[{"name":"wp","href":"https:\/\/api.w.org\/{rel}","templated":true}]}}