{"id":2625,"date":"2022-04-08T11:50:34","date_gmt":"2022-04-08T10:50:34","guid":{"rendered":"https:\/\/aaf.mediaworksdev.co.uk\/en-gb\/?page_id=2625"},"modified":"2023-03-01T07:35:40","modified_gmt":"2023-03-01T07:35:40","slug":"rectification-decoupe-et-ebavurage","status":"publish","type":"page","link":"https:\/\/industry.aafintl.com\/fr-fr\/industrial\/applications\/traitement-de-surface\/rectification-decoupe-et-ebavurage\/","title":{"rendered":"Rectification, d\u00e9coupe et \u00e9bavurage"},"content":{"rendered":"","protected":false},"excerpt":{"rendered":"","protected":false},"author":1,"featured_media":0,"parent":2610,"menu_order":0,"comment_status":"closed","ping_status":"closed","template":"","meta":{"_acf_changed":false,"inline_featured_image":false,"footnotes":""},"class_list":["post-2625","page","type-page","status-publish","hentry"],"acf":[],"yoast_head":"<!-- This site is optimized with the Yoast SEO plugin v27.0 - https:\/\/yoast.com\/product\/yoast-seo-wordpress\/ -->\n<title>Collecteur de poussi\u00e8re | Applications | AAF International<\/title>\n<meta name=\"description\" content=\"Syst\u00e8me d\u2019extraction de poussi\u00e8re efficace et \u00e9conomique, con\u00e7u pour les applications de meulage avec pare-\u00e9tincelles et vannes de d\u00e9charge\" \/>\n<meta name=\"robots\" content=\"index, follow, max-snippet:-1, max-image-preview:large, max-video-preview:-1\" \/>\n<link rel=\"canonical\" href=\"https:\/\/industry.aafintl.com\/fr-fr\/industrial\/applications\/traitement-de-surface\/rectification-decoupe-et-ebavurage\/\" \/>\n<meta property=\"og:locale\" content=\"en_GB\" \/>\n<meta property=\"og:type\" content=\"article\" \/>\n<meta property=\"og:title\" content=\"Collecteur de poussi\u00e8re | Applications | AAF International\" \/>\n<meta property=\"og:description\" content=\"Syst\u00e8me d\u2019extraction de poussi\u00e8re efficace et \u00e9conomique, con\u00e7u pour les applications de meulage avec pare-\u00e9tincelles et vannes de d\u00e9charge\" \/>\n<meta property=\"og:url\" content=\"https:\/\/industry.aafintl.com\/fr-fr\/industrial\/applications\/traitement-de-surface\/rectification-decoupe-et-ebavurage\/\" \/>\n<meta property=\"og:site_name\" content=\"AAF France\" \/>\n<meta property=\"article:modified_time\" content=\"2023-03-01T07:35:40+00:00\" \/>\n<meta name=\"twitter:card\" content=\"summary_large_image\" \/>\n<script type=\"application\/ld+json\" class=\"yoast-schema-graph\">{\"@context\":\"https:\/\/schema.org\",\"@graph\":[{\"@type\":\"WebPage\",\"@id\":\"https:\/\/industry.aafintl.com\/fr-fr\/industrial\/applications\/traitement-de-surface\/rectification-decoupe-et-ebavurage\/\",\"url\":\"https:\/\/industry.aafintl.com\/fr-fr\/industrial\/applications\/traitement-de-surface\/rectification-decoupe-et-ebavurage\/\",\"name\":\"Collecteur de poussi\u00e8re | Applications | AAF International\",\"isPartOf\":{\"@id\":\"https:\/\/industry.aafintl.com\/fr-fr\/#website\"},\"datePublished\":\"2022-04-08T10:50:34+00:00\",\"dateModified\":\"2023-03-01T07:35:40+00:00\",\"description\":\"Syst\u00e8me d\u2019extraction de poussi\u00e8re efficace et \u00e9conomique, con\u00e7u pour les applications de meulage avec pare-\u00e9tincelles et vannes de d\u00e9charge\",\"breadcrumb\":{\"@id\":\"https:\/\/industry.aafintl.com\/fr-fr\/industrial\/applications\/traitement-de-surface\/rectification-decoupe-et-ebavurage\/#breadcrumb\"},\"inLanguage\":\"en-GB\",\"potentialAction\":[{\"@type\":\"ReadAction\",\"target\":[\"https:\/\/industry.aafintl.com\/fr-fr\/industrial\/applications\/traitement-de-surface\/rectification-decoupe-et-ebavurage\/\"]}]},{\"@type\":\"BreadcrumbList\",\"@id\":\"https:\/\/industry.aafintl.com\/fr-fr\/industrial\/applications\/traitement-de-surface\/rectification-decoupe-et-ebavurage\/#breadcrumb\",\"itemListElement\":[{\"@type\":\"ListItem\",\"position\":1,\"name\":\"Home\",\"item\":\"https:\/\/industry.aafintl.com\/fr-fr\/\"},{\"@type\":\"ListItem\",\"position\":2,\"name\":\"Industrial Air Quality\",\"item\":\"https:\/\/industry.aafintl.com\/fr-fr\/industrial\/\"},{\"@type\":\"ListItem\",\"position\":3,\"name\":\"Applications\",\"item\":\"https:\/\/industry.aafintl.com\/fr-fr\/industrial\/applications\/\"},{\"@type\":\"ListItem\",\"position\":4,\"name\":\"Traitement de surface\",\"item\":\"https:\/\/industry.aafintl.com\/fr-fr\/industrial\/applications\/traitement-de-surface\/\"},{\"@type\":\"ListItem\",\"position\":5,\"name\":\"Rectification, d\u00e9coupe et \u00e9bavurage\"}]},{\"@type\":\"WebSite\",\"@id\":\"https:\/\/industry.aafintl.com\/fr-fr\/#website\",\"url\":\"https:\/\/industry.aafintl.com\/fr-fr\/\",\"name\":\"AAF France\",\"description\":\"\",\"potentialAction\":[{\"@type\":\"SearchAction\",\"target\":{\"@type\":\"EntryPoint\",\"urlTemplate\":\"https:\/\/industry.aafintl.com\/fr-fr\/?s={search_term_string}\"},\"query-input\":{\"@type\":\"PropertyValueSpecification\",\"valueRequired\":true,\"valueName\":\"search_term_string\"}}],\"inLanguage\":\"en-GB\"}]}<\/script>\n<!-- \/ Yoast SEO plugin. -->","yoast_head_json":{"title":"Collecteur de poussi\u00e8re | Applications | AAF International","description":"Syst\u00e8me d\u2019extraction de poussi\u00e8re efficace et \u00e9conomique, con\u00e7u pour les applications de meulage avec pare-\u00e9tincelles et vannes de d\u00e9charge","robots":{"index":"index","follow":"follow","max-snippet":"max-snippet:-1","max-image-preview":"max-image-preview:large","max-video-preview":"max-video-preview:-1"},"canonical":"https:\/\/industry.aafintl.com\/fr-fr\/industrial\/applications\/traitement-de-surface\/rectification-decoupe-et-ebavurage\/","og_locale":"en_GB","og_type":"article","og_title":"Collecteur de poussi\u00e8re | Applications | AAF International","og_description":"Syst\u00e8me d\u2019extraction de poussi\u00e8re efficace et \u00e9conomique, con\u00e7u pour les applications de meulage avec pare-\u00e9tincelles et vannes de d\u00e9charge","og_url":"https:\/\/industry.aafintl.com\/fr-fr\/industrial\/applications\/traitement-de-surface\/rectification-decoupe-et-ebavurage\/","og_site_name":"AAF France","article_modified_time":"2023-03-01T07:35:40+00:00","twitter_card":"summary_large_image","schema":{"@context":"https:\/\/schema.org","@graph":[{"@type":"WebPage","@id":"https:\/\/industry.aafintl.com\/fr-fr\/industrial\/applications\/traitement-de-surface\/rectification-decoupe-et-ebavurage\/","url":"https:\/\/industry.aafintl.com\/fr-fr\/industrial\/applications\/traitement-de-surface\/rectification-decoupe-et-ebavurage\/","name":"Collecteur de poussi\u00e8re | Applications | AAF International","isPartOf":{"@id":"https:\/\/industry.aafintl.com\/fr-fr\/#website"},"datePublished":"2022-04-08T10:50:34+00:00","dateModified":"2023-03-01T07:35:40+00:00","description":"Syst\u00e8me d\u2019extraction de poussi\u00e8re efficace et \u00e9conomique, con\u00e7u pour les applications de meulage avec pare-\u00e9tincelles et vannes de d\u00e9charge","breadcrumb":{"@id":"https:\/\/industry.aafintl.com\/fr-fr\/industrial\/applications\/traitement-de-surface\/rectification-decoupe-et-ebavurage\/#breadcrumb"},"inLanguage":"en-GB","potentialAction":[{"@type":"ReadAction","target":["https:\/\/industry.aafintl.com\/fr-fr\/industrial\/applications\/traitement-de-surface\/rectification-decoupe-et-ebavurage\/"]}]},{"@type":"BreadcrumbList","@id":"https:\/\/industry.aafintl.com\/fr-fr\/industrial\/applications\/traitement-de-surface\/rectification-decoupe-et-ebavurage\/#breadcrumb","itemListElement":[{"@type":"ListItem","position":1,"name":"Home","item":"https:\/\/industry.aafintl.com\/fr-fr\/"},{"@type":"ListItem","position":2,"name":"Industrial Air Quality","item":"https:\/\/industry.aafintl.com\/fr-fr\/industrial\/"},{"@type":"ListItem","position":3,"name":"Applications","item":"https:\/\/industry.aafintl.com\/fr-fr\/industrial\/applications\/"},{"@type":"ListItem","position":4,"name":"Traitement de surface","item":"https:\/\/industry.aafintl.com\/fr-fr\/industrial\/applications\/traitement-de-surface\/"},{"@type":"ListItem","position":5,"name":"Rectification, d\u00e9coupe et \u00e9bavurage"}]},{"@type":"WebSite","@id":"https:\/\/industry.aafintl.com\/fr-fr\/#website","url":"https:\/\/industry.aafintl.com\/fr-fr\/","name":"AAF France","description":"","potentialAction":[{"@type":"SearchAction","target":{"@type":"EntryPoint","urlTemplate":"https:\/\/industry.aafintl.com\/fr-fr\/?s={search_term_string}"},"query-input":{"@type":"PropertyValueSpecification","valueRequired":true,"valueName":"search_term_string"}}],"inLanguage":"en-GB"}]}},"_links":{"self":[{"href":"https:\/\/industry.aafintl.com\/fr-fr\/wp-json\/wp\/v2\/pages\/2625","targetHints":{"allow":["GET"]}}],"collection":[{"href":"https:\/\/industry.aafintl.com\/fr-fr\/wp-json\/wp\/v2\/pages"}],"about":[{"href":"https:\/\/industry.aafintl.com\/fr-fr\/wp-json\/wp\/v2\/types\/page"}],"author":[{"embeddable":true,"href":"https:\/\/industry.aafintl.com\/fr-fr\/wp-json\/wp\/v2\/users\/1"}],"replies":[{"embeddable":true,"href":"https:\/\/industry.aafintl.com\/fr-fr\/wp-json\/wp\/v2\/comments?post=2625"}],"version-history":[{"count":0,"href":"https:\/\/industry.aafintl.com\/fr-fr\/wp-json\/wp\/v2\/pages\/2625\/revisions"}],"up":[{"embeddable":true,"href":"https:\/\/industry.aafintl.com\/fr-fr\/wp-json\/wp\/v2\/pages\/2610"}],"wp:attachment":[{"href":"https:\/\/industry.aafintl.com\/fr-fr\/wp-json\/wp\/v2\/media?parent=2625"}],"curies":[{"name":"wp","href":"https:\/\/api.w.org\/{rel}","templated":true}]}}