{"id":2621,"date":"2022-04-08T11:49:17","date_gmt":"2022-04-08T10:49:17","guid":{"rendered":"https:\/\/aaf.mediaworksdev.co.uk\/en-gb\/?page_id=2621"},"modified":"2023-03-01T07:37:17","modified_gmt":"2023-03-01T07:37:17","slug":"revetement-en-poudre","status":"publish","type":"page","link":"https:\/\/industry.aafintl.com\/fr-fr\/industrial\/applications\/traitement-de-surface\/revetement-en-poudre\/","title":{"rendered":"Rev\u00eatement en poudre"},"content":{"rendered":"","protected":false},"excerpt":{"rendered":"","protected":false},"author":1,"featured_media":0,"parent":2610,"menu_order":0,"comment_status":"closed","ping_status":"closed","template":"","meta":{"_acf_changed":false,"inline_featured_image":false,"footnotes":""},"class_list":["post-2621","page","type-page","status-publish","hentry"],"acf":[],"yoast_head":"<!-- This site is optimized with the Yoast SEO plugin v27.0 - https:\/\/yoast.com\/product\/yoast-seo-wordpress\/ -->\n<title>Poudrage | Collecteur de poussi\u00e8re | AAF International<\/title>\n<meta name=\"description\" content=\"Nos collecteurs de poussi\u00e8re con\u00e7us pour le poudrage suppriment efficacement les particules fines. Qualit\u00e9 de l\u2019air int\u00e9rieur avec ATEX\" \/>\n<meta name=\"robots\" content=\"index, follow, max-snippet:-1, max-image-preview:large, max-video-preview:-1\" \/>\n<link rel=\"canonical\" href=\"https:\/\/industry.aafintl.com\/fr-fr\/industrial\/applications\/traitement-de-surface\/revetement-en-poudre\/\" \/>\n<meta property=\"og:locale\" content=\"en_GB\" \/>\n<meta property=\"og:type\" content=\"article\" \/>\n<meta property=\"og:title\" content=\"Poudrage | Collecteur de poussi\u00e8re | AAF International\" \/>\n<meta property=\"og:description\" content=\"Nos collecteurs de poussi\u00e8re con\u00e7us pour le poudrage suppriment efficacement les particules fines. Qualit\u00e9 de l\u2019air int\u00e9rieur avec ATEX\" \/>\n<meta property=\"og:url\" content=\"https:\/\/industry.aafintl.com\/fr-fr\/industrial\/applications\/traitement-de-surface\/revetement-en-poudre\/\" \/>\n<meta property=\"og:site_name\" content=\"AAF France\" \/>\n<meta property=\"article:modified_time\" content=\"2023-03-01T07:37:17+00:00\" \/>\n<meta name=\"twitter:card\" content=\"summary_large_image\" \/>\n<script type=\"application\/ld+json\" class=\"yoast-schema-graph\">{\"@context\":\"https:\/\/schema.org\",\"@graph\":[{\"@type\":\"WebPage\",\"@id\":\"https:\/\/industry.aafintl.com\/fr-fr\/industrial\/applications\/traitement-de-surface\/revetement-en-poudre\/\",\"url\":\"https:\/\/industry.aafintl.com\/fr-fr\/industrial\/applications\/traitement-de-surface\/revetement-en-poudre\/\",\"name\":\"Poudrage | Collecteur de poussi\u00e8re | AAF International\",\"isPartOf\":{\"@id\":\"https:\/\/industry.aafintl.com\/fr-fr\/#website\"},\"datePublished\":\"2022-04-08T10:49:17+00:00\",\"dateModified\":\"2023-03-01T07:37:17+00:00\",\"description\":\"Nos collecteurs de poussi\u00e8re con\u00e7us pour le poudrage suppriment efficacement les particules fines. Qualit\u00e9 de l\u2019air int\u00e9rieur avec ATEX\",\"breadcrumb\":{\"@id\":\"https:\/\/industry.aafintl.com\/fr-fr\/industrial\/applications\/traitement-de-surface\/revetement-en-poudre\/#breadcrumb\"},\"inLanguage\":\"en-GB\",\"potentialAction\":[{\"@type\":\"ReadAction\",\"target\":[\"https:\/\/industry.aafintl.com\/fr-fr\/industrial\/applications\/traitement-de-surface\/revetement-en-poudre\/\"]}]},{\"@type\":\"BreadcrumbList\",\"@id\":\"https:\/\/industry.aafintl.com\/fr-fr\/industrial\/applications\/traitement-de-surface\/revetement-en-poudre\/#breadcrumb\",\"itemListElement\":[{\"@type\":\"ListItem\",\"position\":1,\"name\":\"Home\",\"item\":\"https:\/\/industry.aafintl.com\/fr-fr\/\"},{\"@type\":\"ListItem\",\"position\":2,\"name\":\"Industrial Air Quality\",\"item\":\"https:\/\/industry.aafintl.com\/fr-fr\/industrial\/\"},{\"@type\":\"ListItem\",\"position\":3,\"name\":\"Applications\",\"item\":\"https:\/\/industry.aafintl.com\/fr-fr\/industrial\/applications\/\"},{\"@type\":\"ListItem\",\"position\":4,\"name\":\"Traitement de surface\",\"item\":\"https:\/\/industry.aafintl.com\/fr-fr\/industrial\/applications\/traitement-de-surface\/\"},{\"@type\":\"ListItem\",\"position\":5,\"name\":\"Rev\u00eatement en poudre\"}]},{\"@type\":\"WebSite\",\"@id\":\"https:\/\/industry.aafintl.com\/fr-fr\/#website\",\"url\":\"https:\/\/industry.aafintl.com\/fr-fr\/\",\"name\":\"AAF France\",\"description\":\"\",\"potentialAction\":[{\"@type\":\"SearchAction\",\"target\":{\"@type\":\"EntryPoint\",\"urlTemplate\":\"https:\/\/industry.aafintl.com\/fr-fr\/?s={search_term_string}\"},\"query-input\":{\"@type\":\"PropertyValueSpecification\",\"valueRequired\":true,\"valueName\":\"search_term_string\"}}],\"inLanguage\":\"en-GB\"}]}<\/script>\n<!-- \/ Yoast SEO plugin. -->","yoast_head_json":{"title":"Poudrage | Collecteur de poussi\u00e8re | AAF International","description":"Nos collecteurs de poussi\u00e8re con\u00e7us pour le poudrage suppriment efficacement les particules fines. Qualit\u00e9 de l\u2019air int\u00e9rieur avec ATEX","robots":{"index":"index","follow":"follow","max-snippet":"max-snippet:-1","max-image-preview":"max-image-preview:large","max-video-preview":"max-video-preview:-1"},"canonical":"https:\/\/industry.aafintl.com\/fr-fr\/industrial\/applications\/traitement-de-surface\/revetement-en-poudre\/","og_locale":"en_GB","og_type":"article","og_title":"Poudrage | Collecteur de poussi\u00e8re | AAF International","og_description":"Nos collecteurs de poussi\u00e8re con\u00e7us pour le poudrage suppriment efficacement les particules fines. Qualit\u00e9 de l\u2019air int\u00e9rieur avec ATEX","og_url":"https:\/\/industry.aafintl.com\/fr-fr\/industrial\/applications\/traitement-de-surface\/revetement-en-poudre\/","og_site_name":"AAF France","article_modified_time":"2023-03-01T07:37:17+00:00","twitter_card":"summary_large_image","schema":{"@context":"https:\/\/schema.org","@graph":[{"@type":"WebPage","@id":"https:\/\/industry.aafintl.com\/fr-fr\/industrial\/applications\/traitement-de-surface\/revetement-en-poudre\/","url":"https:\/\/industry.aafintl.com\/fr-fr\/industrial\/applications\/traitement-de-surface\/revetement-en-poudre\/","name":"Poudrage | Collecteur de poussi\u00e8re | AAF International","isPartOf":{"@id":"https:\/\/industry.aafintl.com\/fr-fr\/#website"},"datePublished":"2022-04-08T10:49:17+00:00","dateModified":"2023-03-01T07:37:17+00:00","description":"Nos collecteurs de poussi\u00e8re con\u00e7us pour le poudrage suppriment efficacement les particules fines. Qualit\u00e9 de l\u2019air int\u00e9rieur avec ATEX","breadcrumb":{"@id":"https:\/\/industry.aafintl.com\/fr-fr\/industrial\/applications\/traitement-de-surface\/revetement-en-poudre\/#breadcrumb"},"inLanguage":"en-GB","potentialAction":[{"@type":"ReadAction","target":["https:\/\/industry.aafintl.com\/fr-fr\/industrial\/applications\/traitement-de-surface\/revetement-en-poudre\/"]}]},{"@type":"BreadcrumbList","@id":"https:\/\/industry.aafintl.com\/fr-fr\/industrial\/applications\/traitement-de-surface\/revetement-en-poudre\/#breadcrumb","itemListElement":[{"@type":"ListItem","position":1,"name":"Home","item":"https:\/\/industry.aafintl.com\/fr-fr\/"},{"@type":"ListItem","position":2,"name":"Industrial Air Quality","item":"https:\/\/industry.aafintl.com\/fr-fr\/industrial\/"},{"@type":"ListItem","position":3,"name":"Applications","item":"https:\/\/industry.aafintl.com\/fr-fr\/industrial\/applications\/"},{"@type":"ListItem","position":4,"name":"Traitement de surface","item":"https:\/\/industry.aafintl.com\/fr-fr\/industrial\/applications\/traitement-de-surface\/"},{"@type":"ListItem","position":5,"name":"Rev\u00eatement en poudre"}]},{"@type":"WebSite","@id":"https:\/\/industry.aafintl.com\/fr-fr\/#website","url":"https:\/\/industry.aafintl.com\/fr-fr\/","name":"AAF France","description":"","potentialAction":[{"@type":"SearchAction","target":{"@type":"EntryPoint","urlTemplate":"https:\/\/industry.aafintl.com\/fr-fr\/?s={search_term_string}"},"query-input":{"@type":"PropertyValueSpecification","valueRequired":true,"valueName":"search_term_string"}}],"inLanguage":"en-GB"}]}},"_links":{"self":[{"href":"https:\/\/industry.aafintl.com\/fr-fr\/wp-json\/wp\/v2\/pages\/2621","targetHints":{"allow":["GET"]}}],"collection":[{"href":"https:\/\/industry.aafintl.com\/fr-fr\/wp-json\/wp\/v2\/pages"}],"about":[{"href":"https:\/\/industry.aafintl.com\/fr-fr\/wp-json\/wp\/v2\/types\/page"}],"author":[{"embeddable":true,"href":"https:\/\/industry.aafintl.com\/fr-fr\/wp-json\/wp\/v2\/users\/1"}],"replies":[{"embeddable":true,"href":"https:\/\/industry.aafintl.com\/fr-fr\/wp-json\/wp\/v2\/comments?post=2621"}],"version-history":[{"count":0,"href":"https:\/\/industry.aafintl.com\/fr-fr\/wp-json\/wp\/v2\/pages\/2621\/revisions"}],"up":[{"embeddable":true,"href":"https:\/\/industry.aafintl.com\/fr-fr\/wp-json\/wp\/v2\/pages\/2610"}],"wp:attachment":[{"href":"https:\/\/industry.aafintl.com\/fr-fr\/wp-json\/wp\/v2\/media?parent=2621"}],"curies":[{"name":"wp","href":"https:\/\/api.w.org\/{rel}","templated":true}]}}