{"id":1815,"date":"2022-03-16T14:26:51","date_gmt":"2022-03-16T14:26:51","guid":{"rendered":"https:\/\/aaf.mediaworksdev.co.uk\/en-gb\/?page_id=1815"},"modified":"2023-03-01T07:54:27","modified_gmt":"2023-03-01T07:54:27","slug":"boissons-et-alimentation","status":"publish","type":"page","link":"https:\/\/industry.aafintl.com\/fr-fr\/industrial\/industries\/boissons-et-alimentation\/","title":{"rendered":"Boissons et alimentation"},"content":{"rendered":"","protected":false},"excerpt":{"rendered":"","protected":false},"author":1,"featured_media":0,"parent":569,"menu_order":0,"comment_status":"closed","ping_status":"closed","template":"","meta":{"_acf_changed":false,"inline_featured_image":false,"footnotes":""},"class_list":["post-1815","page","type-page","status-publish","hentry"],"acf":[],"yoast_head":"<!-- This site is optimized with the Yoast SEO plugin v27.0 - https:\/\/yoast.com\/product\/yoast-seo-wordpress\/ -->\n<title>Industrial Air Quality | Secteur alimentaire | AAF International<\/title>\n<meta name=\"description\" content=\"Collecteurs de poussi\u00e8re con\u00e7us pour le secteur agroalimentaire. \u00c9quipements visant \u00e0 assurer une performance op\u00e9rationnelle optimale\" \/>\n<meta name=\"robots\" content=\"index, follow, max-snippet:-1, max-image-preview:large, max-video-preview:-1\" \/>\n<link rel=\"canonical\" href=\"https:\/\/industry.aafintl.com\/fr-fr\/industrial\/industries\/boissons-et-alimentation\/\" \/>\n<meta property=\"og:locale\" content=\"en_GB\" \/>\n<meta property=\"og:type\" content=\"article\" \/>\n<meta property=\"og:title\" content=\"Industrial Air Quality | Secteur alimentaire | AAF International\" \/>\n<meta property=\"og:description\" content=\"Collecteurs de poussi\u00e8re con\u00e7us pour le secteur agroalimentaire. \u00c9quipements visant \u00e0 assurer une performance op\u00e9rationnelle optimale\" \/>\n<meta property=\"og:url\" content=\"https:\/\/industry.aafintl.com\/fr-fr\/industrial\/industries\/boissons-et-alimentation\/\" \/>\n<meta property=\"og:site_name\" content=\"AAF France\" \/>\n<meta property=\"article:modified_time\" content=\"2023-03-01T07:54:27+00:00\" \/>\n<meta name=\"twitter:card\" content=\"summary_large_image\" \/>\n<script type=\"application\/ld+json\" class=\"yoast-schema-graph\">{\"@context\":\"https:\/\/schema.org\",\"@graph\":[{\"@type\":\"WebPage\",\"@id\":\"https:\/\/industry.aafintl.com\/fr-fr\/industrial\/industries\/boissons-et-alimentation\/\",\"url\":\"https:\/\/industry.aafintl.com\/fr-fr\/industrial\/industries\/boissons-et-alimentation\/\",\"name\":\"Industrial Air Quality | Secteur alimentaire | AAF International\",\"isPartOf\":{\"@id\":\"https:\/\/industry.aafintl.com\/fr-fr\/#website\"},\"datePublished\":\"2022-03-16T14:26:51+00:00\",\"dateModified\":\"2023-03-01T07:54:27+00:00\",\"description\":\"Collecteurs de poussi\u00e8re con\u00e7us pour le secteur agroalimentaire. \u00c9quipements visant \u00e0 assurer une performance op\u00e9rationnelle optimale\",\"breadcrumb\":{\"@id\":\"https:\/\/industry.aafintl.com\/fr-fr\/industrial\/industries\/boissons-et-alimentation\/#breadcrumb\"},\"inLanguage\":\"en-GB\",\"potentialAction\":[{\"@type\":\"ReadAction\",\"target\":[\"https:\/\/industry.aafintl.com\/fr-fr\/industrial\/industries\/boissons-et-alimentation\/\"]}]},{\"@type\":\"BreadcrumbList\",\"@id\":\"https:\/\/industry.aafintl.com\/fr-fr\/industrial\/industries\/boissons-et-alimentation\/#breadcrumb\",\"itemListElement\":[{\"@type\":\"ListItem\",\"position\":1,\"name\":\"Home\",\"item\":\"https:\/\/industry.aafintl.com\/fr-fr\/\"},{\"@type\":\"ListItem\",\"position\":2,\"name\":\"Industrial Air Quality\",\"item\":\"https:\/\/industry.aafintl.com\/fr-fr\/industrial\/\"},{\"@type\":\"ListItem\",\"position\":3,\"name\":\"Industries\",\"item\":\"https:\/\/industry.aafintl.com\/fr-fr\/industrial\/industries\/\"},{\"@type\":\"ListItem\",\"position\":4,\"name\":\"Boissons et alimentation\"}]},{\"@type\":\"WebSite\",\"@id\":\"https:\/\/industry.aafintl.com\/fr-fr\/#website\",\"url\":\"https:\/\/industry.aafintl.com\/fr-fr\/\",\"name\":\"AAF France\",\"description\":\"\",\"potentialAction\":[{\"@type\":\"SearchAction\",\"target\":{\"@type\":\"EntryPoint\",\"urlTemplate\":\"https:\/\/industry.aafintl.com\/fr-fr\/?s={search_term_string}\"},\"query-input\":{\"@type\":\"PropertyValueSpecification\",\"valueRequired\":true,\"valueName\":\"search_term_string\"}}],\"inLanguage\":\"en-GB\"}]}<\/script>\n<!-- \/ Yoast SEO plugin. -->","yoast_head_json":{"title":"Industrial Air Quality | Secteur alimentaire | AAF International","description":"Collecteurs de poussi\u00e8re con\u00e7us pour le secteur agroalimentaire. \u00c9quipements visant \u00e0 assurer une performance op\u00e9rationnelle optimale","robots":{"index":"index","follow":"follow","max-snippet":"max-snippet:-1","max-image-preview":"max-image-preview:large","max-video-preview":"max-video-preview:-1"},"canonical":"https:\/\/industry.aafintl.com\/fr-fr\/industrial\/industries\/boissons-et-alimentation\/","og_locale":"en_GB","og_type":"article","og_title":"Industrial Air Quality | Secteur alimentaire | AAF International","og_description":"Collecteurs de poussi\u00e8re con\u00e7us pour le secteur agroalimentaire. \u00c9quipements visant \u00e0 assurer une performance op\u00e9rationnelle optimale","og_url":"https:\/\/industry.aafintl.com\/fr-fr\/industrial\/industries\/boissons-et-alimentation\/","og_site_name":"AAF France","article_modified_time":"2023-03-01T07:54:27+00:00","twitter_card":"summary_large_image","schema":{"@context":"https:\/\/schema.org","@graph":[{"@type":"WebPage","@id":"https:\/\/industry.aafintl.com\/fr-fr\/industrial\/industries\/boissons-et-alimentation\/","url":"https:\/\/industry.aafintl.com\/fr-fr\/industrial\/industries\/boissons-et-alimentation\/","name":"Industrial Air Quality | Secteur alimentaire | AAF International","isPartOf":{"@id":"https:\/\/industry.aafintl.com\/fr-fr\/#website"},"datePublished":"2022-03-16T14:26:51+00:00","dateModified":"2023-03-01T07:54:27+00:00","description":"Collecteurs de poussi\u00e8re con\u00e7us pour le secteur agroalimentaire. \u00c9quipements visant \u00e0 assurer une performance op\u00e9rationnelle optimale","breadcrumb":{"@id":"https:\/\/industry.aafintl.com\/fr-fr\/industrial\/industries\/boissons-et-alimentation\/#breadcrumb"},"inLanguage":"en-GB","potentialAction":[{"@type":"ReadAction","target":["https:\/\/industry.aafintl.com\/fr-fr\/industrial\/industries\/boissons-et-alimentation\/"]}]},{"@type":"BreadcrumbList","@id":"https:\/\/industry.aafintl.com\/fr-fr\/industrial\/industries\/boissons-et-alimentation\/#breadcrumb","itemListElement":[{"@type":"ListItem","position":1,"name":"Home","item":"https:\/\/industry.aafintl.com\/fr-fr\/"},{"@type":"ListItem","position":2,"name":"Industrial Air Quality","item":"https:\/\/industry.aafintl.com\/fr-fr\/industrial\/"},{"@type":"ListItem","position":3,"name":"Industries","item":"https:\/\/industry.aafintl.com\/fr-fr\/industrial\/industries\/"},{"@type":"ListItem","position":4,"name":"Boissons et alimentation"}]},{"@type":"WebSite","@id":"https:\/\/industry.aafintl.com\/fr-fr\/#website","url":"https:\/\/industry.aafintl.com\/fr-fr\/","name":"AAF France","description":"","potentialAction":[{"@type":"SearchAction","target":{"@type":"EntryPoint","urlTemplate":"https:\/\/industry.aafintl.com\/fr-fr\/?s={search_term_string}"},"query-input":{"@type":"PropertyValueSpecification","valueRequired":true,"valueName":"search_term_string"}}],"inLanguage":"en-GB"}]}},"_links":{"self":[{"href":"https:\/\/industry.aafintl.com\/fr-fr\/wp-json\/wp\/v2\/pages\/1815","targetHints":{"allow":["GET"]}}],"collection":[{"href":"https:\/\/industry.aafintl.com\/fr-fr\/wp-json\/wp\/v2\/pages"}],"about":[{"href":"https:\/\/industry.aafintl.com\/fr-fr\/wp-json\/wp\/v2\/types\/page"}],"author":[{"embeddable":true,"href":"https:\/\/industry.aafintl.com\/fr-fr\/wp-json\/wp\/v2\/users\/1"}],"replies":[{"embeddable":true,"href":"https:\/\/industry.aafintl.com\/fr-fr\/wp-json\/wp\/v2\/comments?post=1815"}],"version-history":[{"count":0,"href":"https:\/\/industry.aafintl.com\/fr-fr\/wp-json\/wp\/v2\/pages\/1815\/revisions"}],"up":[{"embeddable":true,"href":"https:\/\/industry.aafintl.com\/fr-fr\/wp-json\/wp\/v2\/pages\/569"}],"wp:attachment":[{"href":"https:\/\/industry.aafintl.com\/fr-fr\/wp-json\/wp\/v2\/media?parent=1815"}],"curies":[{"name":"wp","href":"https:\/\/api.w.org\/{rel}","templated":true}]}}