{"id":1805,"date":"2022-03-16T14:08:47","date_gmt":"2022-03-16T14:08:47","guid":{"rendered":"https:\/\/aaf.mediaworksdev.co.uk\/en-gb\/?page_id=1805"},"modified":"2023-03-01T07:52:36","modified_gmt":"2023-03-01T07:52:36","slug":"automobile","status":"publish","type":"page","link":"https:\/\/industry.aafintl.com\/fr-fr\/industrial\/industries\/automobile\/","title":{"rendered":"Automobile"},"content":{"rendered":"","protected":false},"excerpt":{"rendered":"","protected":false},"author":1,"featured_media":0,"parent":569,"menu_order":0,"comment_status":"closed","ping_status":"closed","template":"","meta":{"_acf_changed":false,"inline_featured_image":false,"footnotes":""},"class_list":["post-1805","page","type-page","status-publish","hentry"],"acf":[],"yoast_head":"<!-- This site is optimized with the Yoast SEO plugin v27.0 - https:\/\/yoast.com\/product\/yoast-seo-wordpress\/ -->\n<title>Industrial Air Quality | Secteur automobile | AAF International<\/title>\n<meta name=\"description\" content=\"Filtration de l\u2019air con\u00e7ue pour le secteur automobile. Collecteurs de poussi\u00e8re garantissant la qualit\u00e9 de l\u2019air int\u00e9rieur.\" \/>\n<meta name=\"robots\" content=\"index, follow, max-snippet:-1, max-image-preview:large, max-video-preview:-1\" \/>\n<link rel=\"canonical\" href=\"https:\/\/industry.aafintl.com\/fr-fr\/industrial\/industries\/automobile\/\" \/>\n<meta property=\"og:locale\" content=\"en_GB\" \/>\n<meta property=\"og:type\" content=\"article\" \/>\n<meta property=\"og:title\" content=\"Industrial Air Quality | Secteur automobile | AAF International\" \/>\n<meta property=\"og:description\" content=\"Filtration de l\u2019air con\u00e7ue pour le secteur automobile. Collecteurs de poussi\u00e8re garantissant la qualit\u00e9 de l\u2019air int\u00e9rieur.\" \/>\n<meta property=\"og:url\" content=\"https:\/\/industry.aafintl.com\/fr-fr\/industrial\/industries\/automobile\/\" \/>\n<meta property=\"og:site_name\" content=\"AAF France\" \/>\n<meta property=\"article:modified_time\" content=\"2023-03-01T07:52:36+00:00\" \/>\n<meta name=\"twitter:card\" content=\"summary_large_image\" \/>\n<script type=\"application\/ld+json\" class=\"yoast-schema-graph\">{\"@context\":\"https:\/\/schema.org\",\"@graph\":[{\"@type\":\"WebPage\",\"@id\":\"https:\/\/industry.aafintl.com\/fr-fr\/industrial\/industries\/automobile\/\",\"url\":\"https:\/\/industry.aafintl.com\/fr-fr\/industrial\/industries\/automobile\/\",\"name\":\"Industrial Air Quality | Secteur automobile | AAF International\",\"isPartOf\":{\"@id\":\"https:\/\/industry.aafintl.com\/fr-fr\/#website\"},\"datePublished\":\"2022-03-16T14:08:47+00:00\",\"dateModified\":\"2023-03-01T07:52:36+00:00\",\"description\":\"Filtration de l\u2019air con\u00e7ue pour le secteur automobile. Collecteurs de poussi\u00e8re garantissant la qualit\u00e9 de l\u2019air int\u00e9rieur.\",\"breadcrumb\":{\"@id\":\"https:\/\/industry.aafintl.com\/fr-fr\/industrial\/industries\/automobile\/#breadcrumb\"},\"inLanguage\":\"en-GB\",\"potentialAction\":[{\"@type\":\"ReadAction\",\"target\":[\"https:\/\/industry.aafintl.com\/fr-fr\/industrial\/industries\/automobile\/\"]}]},{\"@type\":\"BreadcrumbList\",\"@id\":\"https:\/\/industry.aafintl.com\/fr-fr\/industrial\/industries\/automobile\/#breadcrumb\",\"itemListElement\":[{\"@type\":\"ListItem\",\"position\":1,\"name\":\"Home\",\"item\":\"https:\/\/industry.aafintl.com\/fr-fr\/\"},{\"@type\":\"ListItem\",\"position\":2,\"name\":\"Industrial Air Quality\",\"item\":\"https:\/\/industry.aafintl.com\/fr-fr\/industrial\/\"},{\"@type\":\"ListItem\",\"position\":3,\"name\":\"Industries\",\"item\":\"https:\/\/industry.aafintl.com\/fr-fr\/industrial\/industries\/\"},{\"@type\":\"ListItem\",\"position\":4,\"name\":\"Automobile\"}]},{\"@type\":\"WebSite\",\"@id\":\"https:\/\/industry.aafintl.com\/fr-fr\/#website\",\"url\":\"https:\/\/industry.aafintl.com\/fr-fr\/\",\"name\":\"AAF France\",\"description\":\"\",\"potentialAction\":[{\"@type\":\"SearchAction\",\"target\":{\"@type\":\"EntryPoint\",\"urlTemplate\":\"https:\/\/industry.aafintl.com\/fr-fr\/?s={search_term_string}\"},\"query-input\":{\"@type\":\"PropertyValueSpecification\",\"valueRequired\":true,\"valueName\":\"search_term_string\"}}],\"inLanguage\":\"en-GB\"}]}<\/script>\n<!-- \/ Yoast SEO plugin. -->","yoast_head_json":{"title":"Industrial Air Quality | Secteur automobile | AAF International","description":"Filtration de l\u2019air con\u00e7ue pour le secteur automobile. Collecteurs de poussi\u00e8re garantissant la qualit\u00e9 de l\u2019air int\u00e9rieur.","robots":{"index":"index","follow":"follow","max-snippet":"max-snippet:-1","max-image-preview":"max-image-preview:large","max-video-preview":"max-video-preview:-1"},"canonical":"https:\/\/industry.aafintl.com\/fr-fr\/industrial\/industries\/automobile\/","og_locale":"en_GB","og_type":"article","og_title":"Industrial Air Quality | Secteur automobile | AAF International","og_description":"Filtration de l\u2019air con\u00e7ue pour le secteur automobile. Collecteurs de poussi\u00e8re garantissant la qualit\u00e9 de l\u2019air int\u00e9rieur.","og_url":"https:\/\/industry.aafintl.com\/fr-fr\/industrial\/industries\/automobile\/","og_site_name":"AAF France","article_modified_time":"2023-03-01T07:52:36+00:00","twitter_card":"summary_large_image","schema":{"@context":"https:\/\/schema.org","@graph":[{"@type":"WebPage","@id":"https:\/\/industry.aafintl.com\/fr-fr\/industrial\/industries\/automobile\/","url":"https:\/\/industry.aafintl.com\/fr-fr\/industrial\/industries\/automobile\/","name":"Industrial Air Quality | Secteur automobile | AAF International","isPartOf":{"@id":"https:\/\/industry.aafintl.com\/fr-fr\/#website"},"datePublished":"2022-03-16T14:08:47+00:00","dateModified":"2023-03-01T07:52:36+00:00","description":"Filtration de l\u2019air con\u00e7ue pour le secteur automobile. Collecteurs de poussi\u00e8re garantissant la qualit\u00e9 de l\u2019air int\u00e9rieur.","breadcrumb":{"@id":"https:\/\/industry.aafintl.com\/fr-fr\/industrial\/industries\/automobile\/#breadcrumb"},"inLanguage":"en-GB","potentialAction":[{"@type":"ReadAction","target":["https:\/\/industry.aafintl.com\/fr-fr\/industrial\/industries\/automobile\/"]}]},{"@type":"BreadcrumbList","@id":"https:\/\/industry.aafintl.com\/fr-fr\/industrial\/industries\/automobile\/#breadcrumb","itemListElement":[{"@type":"ListItem","position":1,"name":"Home","item":"https:\/\/industry.aafintl.com\/fr-fr\/"},{"@type":"ListItem","position":2,"name":"Industrial Air Quality","item":"https:\/\/industry.aafintl.com\/fr-fr\/industrial\/"},{"@type":"ListItem","position":3,"name":"Industries","item":"https:\/\/industry.aafintl.com\/fr-fr\/industrial\/industries\/"},{"@type":"ListItem","position":4,"name":"Automobile"}]},{"@type":"WebSite","@id":"https:\/\/industry.aafintl.com\/fr-fr\/#website","url":"https:\/\/industry.aafintl.com\/fr-fr\/","name":"AAF France","description":"","potentialAction":[{"@type":"SearchAction","target":{"@type":"EntryPoint","urlTemplate":"https:\/\/industry.aafintl.com\/fr-fr\/?s={search_term_string}"},"query-input":{"@type":"PropertyValueSpecification","valueRequired":true,"valueName":"search_term_string"}}],"inLanguage":"en-GB"}]}},"_links":{"self":[{"href":"https:\/\/industry.aafintl.com\/fr-fr\/wp-json\/wp\/v2\/pages\/1805","targetHints":{"allow":["GET"]}}],"collection":[{"href":"https:\/\/industry.aafintl.com\/fr-fr\/wp-json\/wp\/v2\/pages"}],"about":[{"href":"https:\/\/industry.aafintl.com\/fr-fr\/wp-json\/wp\/v2\/types\/page"}],"author":[{"embeddable":true,"href":"https:\/\/industry.aafintl.com\/fr-fr\/wp-json\/wp\/v2\/users\/1"}],"replies":[{"embeddable":true,"href":"https:\/\/industry.aafintl.com\/fr-fr\/wp-json\/wp\/v2\/comments?post=1805"}],"version-history":[{"count":0,"href":"https:\/\/industry.aafintl.com\/fr-fr\/wp-json\/wp\/v2\/pages\/1805\/revisions"}],"up":[{"embeddable":true,"href":"https:\/\/industry.aafintl.com\/fr-fr\/wp-json\/wp\/v2\/pages\/569"}],"wp:attachment":[{"href":"https:\/\/industry.aafintl.com\/fr-fr\/wp-json\/wp\/v2\/media?parent=1805"}],"curies":[{"name":"wp","href":"https:\/\/api.w.org\/{rel}","templated":true}]}}