{"id":4665,"date":"2025-07-03T09:54:08","date_gmt":"2025-07-03T08:54:08","guid":{"rendered":"https:\/\/industry.aafintl.com\/es-es\/?page_id=4665"},"modified":"2025-07-03T15:12:09","modified_gmt":"2025-07-03T14:12:09","slug":"sostenibilidad-en-aaf","status":"publish","type":"page","link":"https:\/\/industry.aafintl.com\/es-es\/sostenibilidad-en-aaf\/","title":{"rendered":"Sostenibilidad en AAF"},"content":{"rendered":"","protected":false},"excerpt":{"rendered":"","protected":false},"author":10,"featured_media":0,"parent":0,"menu_order":0,"comment_status":"closed","ping_status":"closed","template":"","meta":{"_acf_changed":false,"inline_featured_image":false,"footnotes":""},"class_list":["post-4665","page","type-page","status-publish","hentry"],"acf":[],"yoast_head":"<!-- This site is optimized with the Yoast SEO plugin v27.0 - https:\/\/yoast.com\/product\/yoast-seo-wordpress\/ -->\n<title>Sostenibilidad en AAF - AAF Spain<\/title>\n<meta name=\"description\" content=\"Descubre el compromiso de AAF International con la sostenibilidad y aprende c\u00f3mo nuestras soluciones innovadoras de filtraci\u00f3n de aire mejoran la calidad del aire, aumentan el rendimiento y reducen el impacto ambiental. Explora nuestra visi\u00f3n e iniciativas de sostenibilidad para proteger el planeta.\" \/>\n<meta name=\"robots\" content=\"index, follow, max-snippet:-1, max-image-preview:large, max-video-preview:-1\" \/>\n<link rel=\"canonical\" href=\"https:\/\/industry.aafintl.com\/es-es\/sostenibilidad-en-aaf\/\" \/>\n<meta property=\"og:locale\" content=\"es_ES\" \/>\n<meta property=\"og:type\" content=\"article\" \/>\n<meta property=\"og:title\" content=\"Sostenibilidad en AAF - AAF Spain\" \/>\n<meta property=\"og:description\" content=\"Descubre el compromiso de AAF International con la sostenibilidad y aprende c\u00f3mo nuestras soluciones innovadoras de filtraci\u00f3n de aire mejoran la calidad del aire, aumentan el rendimiento y reducen el impacto ambiental. Explora nuestra visi\u00f3n e iniciativas de sostenibilidad para proteger el planeta.\" \/>\n<meta property=\"og:url\" content=\"https:\/\/industry.aafintl.com\/es-es\/sostenibilidad-en-aaf\/\" \/>\n<meta property=\"og:site_name\" content=\"AAF Spain\" \/>\n<meta property=\"article:modified_time\" content=\"2025-07-03T14:12:09+00:00\" \/>\n<meta name=\"twitter:card\" content=\"summary_large_image\" \/>\n<script type=\"application\/ld+json\" class=\"yoast-schema-graph\">{\"@context\":\"https:\/\/schema.org\",\"@graph\":[{\"@type\":\"WebPage\",\"@id\":\"https:\/\/industry.aafintl.com\/es-es\/sostenibilidad-en-aaf\/\",\"url\":\"https:\/\/industry.aafintl.com\/es-es\/sostenibilidad-en-aaf\/\",\"name\":\"Sostenibilidad en AAF - AAF Spain\",\"isPartOf\":{\"@id\":\"https:\/\/industry.aafintl.com\/es-es\/#website\"},\"datePublished\":\"2025-07-03T08:54:08+00:00\",\"dateModified\":\"2025-07-03T14:12:09+00:00\",\"description\":\"Descubre el compromiso de AAF International con la sostenibilidad y aprende c\u00f3mo nuestras soluciones innovadoras de filtraci\u00f3n de aire mejoran la calidad del aire, aumentan el rendimiento y reducen el impacto ambiental. Explora nuestra visi\u00f3n e iniciativas de sostenibilidad para proteger el planeta.\",\"breadcrumb\":{\"@id\":\"https:\/\/industry.aafintl.com\/es-es\/sostenibilidad-en-aaf\/#breadcrumb\"},\"inLanguage\":\"es\",\"potentialAction\":[{\"@type\":\"ReadAction\",\"target\":[\"https:\/\/industry.aafintl.com\/es-es\/sostenibilidad-en-aaf\/\"]}]},{\"@type\":\"BreadcrumbList\",\"@id\":\"https:\/\/industry.aafintl.com\/es-es\/sostenibilidad-en-aaf\/#breadcrumb\",\"itemListElement\":[{\"@type\":\"ListItem\",\"position\":1,\"name\":\"Home\",\"item\":\"https:\/\/industry.aafintl.com\/es-es\/\"},{\"@type\":\"ListItem\",\"position\":2,\"name\":\"Sostenibilidad en AAF\"}]},{\"@type\":\"WebSite\",\"@id\":\"https:\/\/industry.aafintl.com\/es-es\/#website\",\"url\":\"https:\/\/industry.aafintl.com\/es-es\/\",\"name\":\"AAF Spain\",\"description\":\"\",\"potentialAction\":[{\"@type\":\"SearchAction\",\"target\":{\"@type\":\"EntryPoint\",\"urlTemplate\":\"https:\/\/industry.aafintl.com\/es-es\/?s={search_term_string}\"},\"query-input\":{\"@type\":\"PropertyValueSpecification\",\"valueRequired\":true,\"valueName\":\"search_term_string\"}}],\"inLanguage\":\"es\"}]}<\/script>\n<!-- \/ Yoast SEO plugin. -->","yoast_head_json":{"title":"Sostenibilidad en AAF - AAF Spain","description":"Descubre el compromiso de AAF International con la sostenibilidad y aprende c\u00f3mo nuestras soluciones innovadoras de filtraci\u00f3n de aire mejoran la calidad del aire, aumentan el rendimiento y reducen el impacto ambiental. Explora nuestra visi\u00f3n e iniciativas de sostenibilidad para proteger el planeta.","robots":{"index":"index","follow":"follow","max-snippet":"max-snippet:-1","max-image-preview":"max-image-preview:large","max-video-preview":"max-video-preview:-1"},"canonical":"https:\/\/industry.aafintl.com\/es-es\/sostenibilidad-en-aaf\/","og_locale":"es_ES","og_type":"article","og_title":"Sostenibilidad en AAF - AAF Spain","og_description":"Descubre el compromiso de AAF International con la sostenibilidad y aprende c\u00f3mo nuestras soluciones innovadoras de filtraci\u00f3n de aire mejoran la calidad del aire, aumentan el rendimiento y reducen el impacto ambiental. Explora nuestra visi\u00f3n e iniciativas de sostenibilidad para proteger el planeta.","og_url":"https:\/\/industry.aafintl.com\/es-es\/sostenibilidad-en-aaf\/","og_site_name":"AAF Spain","article_modified_time":"2025-07-03T14:12:09+00:00","twitter_card":"summary_large_image","schema":{"@context":"https:\/\/schema.org","@graph":[{"@type":"WebPage","@id":"https:\/\/industry.aafintl.com\/es-es\/sostenibilidad-en-aaf\/","url":"https:\/\/industry.aafintl.com\/es-es\/sostenibilidad-en-aaf\/","name":"Sostenibilidad en AAF - AAF Spain","isPartOf":{"@id":"https:\/\/industry.aafintl.com\/es-es\/#website"},"datePublished":"2025-07-03T08:54:08+00:00","dateModified":"2025-07-03T14:12:09+00:00","description":"Descubre el compromiso de AAF International con la sostenibilidad y aprende c\u00f3mo nuestras soluciones innovadoras de filtraci\u00f3n de aire mejoran la calidad del aire, aumentan el rendimiento y reducen el impacto ambiental. Explora nuestra visi\u00f3n e iniciativas de sostenibilidad para proteger el planeta.","breadcrumb":{"@id":"https:\/\/industry.aafintl.com\/es-es\/sostenibilidad-en-aaf\/#breadcrumb"},"inLanguage":"es","potentialAction":[{"@type":"ReadAction","target":["https:\/\/industry.aafintl.com\/es-es\/sostenibilidad-en-aaf\/"]}]},{"@type":"BreadcrumbList","@id":"https:\/\/industry.aafintl.com\/es-es\/sostenibilidad-en-aaf\/#breadcrumb","itemListElement":[{"@type":"ListItem","position":1,"name":"Home","item":"https:\/\/industry.aafintl.com\/es-es\/"},{"@type":"ListItem","position":2,"name":"Sostenibilidad en AAF"}]},{"@type":"WebSite","@id":"https:\/\/industry.aafintl.com\/es-es\/#website","url":"https:\/\/industry.aafintl.com\/es-es\/","name":"AAF Spain","description":"","potentialAction":[{"@type":"SearchAction","target":{"@type":"EntryPoint","urlTemplate":"https:\/\/industry.aafintl.com\/es-es\/?s={search_term_string}"},"query-input":{"@type":"PropertyValueSpecification","valueRequired":true,"valueName":"search_term_string"}}],"inLanguage":"es"}]}},"_links":{"self":[{"href":"https:\/\/industry.aafintl.com\/es-es\/wp-json\/wp\/v2\/pages\/4665","targetHints":{"allow":["GET"]}}],"collection":[{"href":"https:\/\/industry.aafintl.com\/es-es\/wp-json\/wp\/v2\/pages"}],"about":[{"href":"https:\/\/industry.aafintl.com\/es-es\/wp-json\/wp\/v2\/types\/page"}],"author":[{"embeddable":true,"href":"https:\/\/industry.aafintl.com\/es-es\/wp-json\/wp\/v2\/users\/10"}],"replies":[{"embeddable":true,"href":"https:\/\/industry.aafintl.com\/es-es\/wp-json\/wp\/v2\/comments?post=4665"}],"version-history":[{"count":0,"href":"https:\/\/industry.aafintl.com\/es-es\/wp-json\/wp\/v2\/pages\/4665\/revisions"}],"wp:attachment":[{"href":"https:\/\/industry.aafintl.com\/es-es\/wp-json\/wp\/v2\/media?parent=4665"}],"curies":[{"name":"wp","href":"https:\/\/api.w.org\/{rel}","templated":true}]}}