{"id":2627,"date":"2022-04-08T12:47:45","date_gmt":"2022-04-08T11:47:45","guid":{"rendered":"https:\/\/aaf.mediaworksdev.co.uk\/en-gb\/?page_id=2627"},"modified":"2024-01-05T09:55:43","modified_gmt":"2024-01-05T09:55:43","slug":"metalizacion","status":"publish","type":"page","link":"https:\/\/industry.aafintl.com\/es-es\/industrial\/aplicaciones\/tratamiento-de-superficies\/metalizacion\/","title":{"rendered":"Metalizaci\u00f3n"},"content":{"rendered":"","protected":false},"excerpt":{"rendered":"","protected":false},"author":1,"featured_media":0,"parent":2610,"menu_order":0,"comment_status":"closed","ping_status":"closed","template":"","meta":{"_acf_changed":false,"inline_featured_image":false,"footnotes":""},"class_list":["post-2627","page","type-page","status-publish","hentry"],"acf":[],"yoast_head":"<!-- This site is optimized with the Yoast SEO plugin v27.0 - https:\/\/yoast.com\/product\/yoast-seo-wordpress\/ -->\n<title>Metalizaci\u00f3n | Filtraci\u00f3n de aire | AAF International<\/title>\n<meta name=\"description\" content=\"Colector de polvo y extractor de humos para la eliminaci\u00f3n de polvo en procesos de metalizaci\u00f3n. Captura part\u00edculas fundidas de zinc o de aluminio.\" \/>\n<meta name=\"robots\" content=\"index, follow, max-snippet:-1, max-image-preview:large, max-video-preview:-1\" \/>\n<link rel=\"canonical\" href=\"https:\/\/industry.aafintl.com\/es-es\/industrial\/aplicaciones\/tratamiento-de-superficies\/metalizacion\/\" \/>\n<meta property=\"og:locale\" content=\"es_ES\" \/>\n<meta property=\"og:type\" content=\"article\" \/>\n<meta property=\"og:title\" content=\"Metalizaci\u00f3n | Filtraci\u00f3n de aire | AAF International\" \/>\n<meta property=\"og:description\" content=\"Colector de polvo y extractor de humos para la eliminaci\u00f3n de polvo en procesos de metalizaci\u00f3n. Captura part\u00edculas fundidas de zinc o de aluminio.\" \/>\n<meta property=\"og:url\" content=\"https:\/\/industry.aafintl.com\/es-es\/industrial\/aplicaciones\/tratamiento-de-superficies\/metalizacion\/\" \/>\n<meta property=\"og:site_name\" content=\"AAF Spain\" \/>\n<meta property=\"article:modified_time\" content=\"2024-01-05T09:55:43+00:00\" \/>\n<meta name=\"twitter:card\" content=\"summary_large_image\" \/>\n<script type=\"application\/ld+json\" class=\"yoast-schema-graph\">{\"@context\":\"https:\/\/schema.org\",\"@graph\":[{\"@type\":\"WebPage\",\"@id\":\"https:\/\/industry.aafintl.com\/es-es\/industrial\/aplicaciones\/tratamiento-de-superficies\/metalizacion\/\",\"url\":\"https:\/\/industry.aafintl.com\/es-es\/industrial\/aplicaciones\/tratamiento-de-superficies\/metalizacion\/\",\"name\":\"Metalizaci\u00f3n | Filtraci\u00f3n de aire | AAF International\",\"isPartOf\":{\"@id\":\"https:\/\/industry.aafintl.com\/es-es\/#website\"},\"datePublished\":\"2022-04-08T11:47:45+00:00\",\"dateModified\":\"2024-01-05T09:55:43+00:00\",\"description\":\"Colector de polvo y extractor de humos para la eliminaci\u00f3n de polvo en procesos de metalizaci\u00f3n. Captura part\u00edculas fundidas de zinc o de aluminio.\",\"breadcrumb\":{\"@id\":\"https:\/\/industry.aafintl.com\/es-es\/industrial\/aplicaciones\/tratamiento-de-superficies\/metalizacion\/#breadcrumb\"},\"inLanguage\":\"es\",\"potentialAction\":[{\"@type\":\"ReadAction\",\"target\":[\"https:\/\/industry.aafintl.com\/es-es\/industrial\/aplicaciones\/tratamiento-de-superficies\/metalizacion\/\"]}]},{\"@type\":\"BreadcrumbList\",\"@id\":\"https:\/\/industry.aafintl.com\/es-es\/industrial\/aplicaciones\/tratamiento-de-superficies\/metalizacion\/#breadcrumb\",\"itemListElement\":[{\"@type\":\"ListItem\",\"position\":1,\"name\":\"Home\",\"item\":\"https:\/\/industry.aafintl.com\/es-es\/\"},{\"@type\":\"ListItem\",\"position\":2,\"name\":\"Industrial Air Quality\",\"item\":\"https:\/\/industry.aafintl.com\/es-es\/industrial\/\"},{\"@type\":\"ListItem\",\"position\":3,\"name\":\"Aplicaciones\",\"item\":\"https:\/\/industry.aafintl.com\/es-es\/industrial\/aplicaciones\/\"},{\"@type\":\"ListItem\",\"position\":4,\"name\":\"Tratamiento de superficies\",\"item\":\"https:\/\/industry.aafintl.com\/es-es\/industrial\/aplicaciones\/tratamiento-de-superficies\/\"},{\"@type\":\"ListItem\",\"position\":5,\"name\":\"Metalizaci\u00f3n\"}]},{\"@type\":\"WebSite\",\"@id\":\"https:\/\/industry.aafintl.com\/es-es\/#website\",\"url\":\"https:\/\/industry.aafintl.com\/es-es\/\",\"name\":\"AAF Spain\",\"description\":\"\",\"potentialAction\":[{\"@type\":\"SearchAction\",\"target\":{\"@type\":\"EntryPoint\",\"urlTemplate\":\"https:\/\/industry.aafintl.com\/es-es\/?s={search_term_string}\"},\"query-input\":{\"@type\":\"PropertyValueSpecification\",\"valueRequired\":true,\"valueName\":\"search_term_string\"}}],\"inLanguage\":\"es\"}]}<\/script>\n<!-- \/ Yoast SEO plugin. -->","yoast_head_json":{"title":"Metalizaci\u00f3n | Filtraci\u00f3n de aire | AAF International","description":"Colector de polvo y extractor de humos para la eliminaci\u00f3n de polvo en procesos de metalizaci\u00f3n. Captura part\u00edculas fundidas de zinc o de aluminio.","robots":{"index":"index","follow":"follow","max-snippet":"max-snippet:-1","max-image-preview":"max-image-preview:large","max-video-preview":"max-video-preview:-1"},"canonical":"https:\/\/industry.aafintl.com\/es-es\/industrial\/aplicaciones\/tratamiento-de-superficies\/metalizacion\/","og_locale":"es_ES","og_type":"article","og_title":"Metalizaci\u00f3n | Filtraci\u00f3n de aire | AAF International","og_description":"Colector de polvo y extractor de humos para la eliminaci\u00f3n de polvo en procesos de metalizaci\u00f3n. Captura part\u00edculas fundidas de zinc o de aluminio.","og_url":"https:\/\/industry.aafintl.com\/es-es\/industrial\/aplicaciones\/tratamiento-de-superficies\/metalizacion\/","og_site_name":"AAF Spain","article_modified_time":"2024-01-05T09:55:43+00:00","twitter_card":"summary_large_image","schema":{"@context":"https:\/\/schema.org","@graph":[{"@type":"WebPage","@id":"https:\/\/industry.aafintl.com\/es-es\/industrial\/aplicaciones\/tratamiento-de-superficies\/metalizacion\/","url":"https:\/\/industry.aafintl.com\/es-es\/industrial\/aplicaciones\/tratamiento-de-superficies\/metalizacion\/","name":"Metalizaci\u00f3n | Filtraci\u00f3n de aire | AAF International","isPartOf":{"@id":"https:\/\/industry.aafintl.com\/es-es\/#website"},"datePublished":"2022-04-08T11:47:45+00:00","dateModified":"2024-01-05T09:55:43+00:00","description":"Colector de polvo y extractor de humos para la eliminaci\u00f3n de polvo en procesos de metalizaci\u00f3n. Captura part\u00edculas fundidas de zinc o de aluminio.","breadcrumb":{"@id":"https:\/\/industry.aafintl.com\/es-es\/industrial\/aplicaciones\/tratamiento-de-superficies\/metalizacion\/#breadcrumb"},"inLanguage":"es","potentialAction":[{"@type":"ReadAction","target":["https:\/\/industry.aafintl.com\/es-es\/industrial\/aplicaciones\/tratamiento-de-superficies\/metalizacion\/"]}]},{"@type":"BreadcrumbList","@id":"https:\/\/industry.aafintl.com\/es-es\/industrial\/aplicaciones\/tratamiento-de-superficies\/metalizacion\/#breadcrumb","itemListElement":[{"@type":"ListItem","position":1,"name":"Home","item":"https:\/\/industry.aafintl.com\/es-es\/"},{"@type":"ListItem","position":2,"name":"Industrial Air Quality","item":"https:\/\/industry.aafintl.com\/es-es\/industrial\/"},{"@type":"ListItem","position":3,"name":"Aplicaciones","item":"https:\/\/industry.aafintl.com\/es-es\/industrial\/aplicaciones\/"},{"@type":"ListItem","position":4,"name":"Tratamiento de superficies","item":"https:\/\/industry.aafintl.com\/es-es\/industrial\/aplicaciones\/tratamiento-de-superficies\/"},{"@type":"ListItem","position":5,"name":"Metalizaci\u00f3n"}]},{"@type":"WebSite","@id":"https:\/\/industry.aafintl.com\/es-es\/#website","url":"https:\/\/industry.aafintl.com\/es-es\/","name":"AAF Spain","description":"","potentialAction":[{"@type":"SearchAction","target":{"@type":"EntryPoint","urlTemplate":"https:\/\/industry.aafintl.com\/es-es\/?s={search_term_string}"},"query-input":{"@type":"PropertyValueSpecification","valueRequired":true,"valueName":"search_term_string"}}],"inLanguage":"es"}]}},"_links":{"self":[{"href":"https:\/\/industry.aafintl.com\/es-es\/wp-json\/wp\/v2\/pages\/2627","targetHints":{"allow":["GET"]}}],"collection":[{"href":"https:\/\/industry.aafintl.com\/es-es\/wp-json\/wp\/v2\/pages"}],"about":[{"href":"https:\/\/industry.aafintl.com\/es-es\/wp-json\/wp\/v2\/types\/page"}],"author":[{"embeddable":true,"href":"https:\/\/industry.aafintl.com\/es-es\/wp-json\/wp\/v2\/users\/1"}],"replies":[{"embeddable":true,"href":"https:\/\/industry.aafintl.com\/es-es\/wp-json\/wp\/v2\/comments?post=2627"}],"version-history":[{"count":0,"href":"https:\/\/industry.aafintl.com\/es-es\/wp-json\/wp\/v2\/pages\/2627\/revisions"}],"up":[{"embeddable":true,"href":"https:\/\/industry.aafintl.com\/es-es\/wp-json\/wp\/v2\/pages\/2610"}],"wp:attachment":[{"href":"https:\/\/industry.aafintl.com\/es-es\/wp-json\/wp\/v2\/media?parent=2627"}],"curies":[{"name":"wp","href":"https:\/\/api.w.org\/{rel}","templated":true}]}}