{"id":1810,"date":"2022-03-16T14:20:11","date_gmt":"2022-03-16T14:20:11","guid":{"rendered":"https:\/\/aaf.mediaworksdev.co.uk\/en-gb\/?page_id=1810"},"modified":"2024-01-05T09:50:01","modified_gmt":"2024-01-05T09:50:01","slug":"industria-quimica","status":"publish","type":"page","link":"https:\/\/industry.aafintl.com\/es-es\/industrial\/industrias\/industria-quimica\/","title":{"rendered":"Industria qu\u00edmica"},"content":{"rendered":"","protected":false},"excerpt":{"rendered":"","protected":false},"author":1,"featured_media":0,"parent":569,"menu_order":0,"comment_status":"closed","ping_status":"closed","template":"","meta":{"_acf_changed":false,"inline_featured_image":false,"footnotes":""},"class_list":["post-1810","page","type-page","status-publish","hentry"],"acf":[],"yoast_head":"<!-- This site is optimized with the Yoast SEO plugin v27.0 - https:\/\/yoast.com\/product\/yoast-seo-wordpress\/ -->\n<title>Sistema filtraci\u00f3n de aire | Industria qu\u00edmica | AAF<\/title>\n<meta name=\"description\" content=\"Colectores de polvo para la industria qu\u00edmica. Filtraci\u00f3n de aire para evitar emisiones al exterior y mayor rendimiento operativo.\" \/>\n<meta name=\"robots\" content=\"index, follow, max-snippet:-1, max-image-preview:large, max-video-preview:-1\" \/>\n<link rel=\"canonical\" href=\"https:\/\/industry.aafintl.com\/es-es\/industrial\/industrias\/industria-quimica\/\" \/>\n<meta property=\"og:locale\" content=\"es_ES\" \/>\n<meta property=\"og:type\" content=\"article\" \/>\n<meta property=\"og:title\" content=\"Sistema filtraci\u00f3n de aire | Industria qu\u00edmica | AAF\" \/>\n<meta property=\"og:description\" content=\"Colectores de polvo para la industria qu\u00edmica. Filtraci\u00f3n de aire para evitar emisiones al exterior y mayor rendimiento operativo.\" \/>\n<meta property=\"og:url\" content=\"https:\/\/industry.aafintl.com\/es-es\/industrial\/industrias\/industria-quimica\/\" \/>\n<meta property=\"og:site_name\" content=\"AAF Spain\" \/>\n<meta property=\"article:modified_time\" content=\"2024-01-05T09:50:01+00:00\" \/>\n<meta name=\"twitter:card\" content=\"summary_large_image\" \/>\n<script type=\"application\/ld+json\" class=\"yoast-schema-graph\">{\"@context\":\"https:\/\/schema.org\",\"@graph\":[{\"@type\":\"WebPage\",\"@id\":\"https:\/\/industry.aafintl.com\/es-es\/industrial\/industrias\/industria-quimica\/\",\"url\":\"https:\/\/industry.aafintl.com\/es-es\/industrial\/industrias\/industria-quimica\/\",\"name\":\"Sistema filtraci\u00f3n de aire | Industria qu\u00edmica | AAF\",\"isPartOf\":{\"@id\":\"https:\/\/industry.aafintl.com\/es-es\/#website\"},\"datePublished\":\"2022-03-16T14:20:11+00:00\",\"dateModified\":\"2024-01-05T09:50:01+00:00\",\"description\":\"Colectores de polvo para la industria qu\u00edmica. Filtraci\u00f3n de aire para evitar emisiones al exterior y mayor rendimiento operativo.\",\"breadcrumb\":{\"@id\":\"https:\/\/industry.aafintl.com\/es-es\/industrial\/industrias\/industria-quimica\/#breadcrumb\"},\"inLanguage\":\"es\",\"potentialAction\":[{\"@type\":\"ReadAction\",\"target\":[\"https:\/\/industry.aafintl.com\/es-es\/industrial\/industrias\/industria-quimica\/\"]}]},{\"@type\":\"BreadcrumbList\",\"@id\":\"https:\/\/industry.aafintl.com\/es-es\/industrial\/industrias\/industria-quimica\/#breadcrumb\",\"itemListElement\":[{\"@type\":\"ListItem\",\"position\":1,\"name\":\"Home\",\"item\":\"https:\/\/industry.aafintl.com\/es-es\/\"},{\"@type\":\"ListItem\",\"position\":2,\"name\":\"Industrial Air Quality\",\"item\":\"https:\/\/industry.aafintl.com\/es-es\/industrial\/\"},{\"@type\":\"ListItem\",\"position\":3,\"name\":\"Industrias\",\"item\":\"https:\/\/industry.aafintl.com\/es-es\/industrial\/industrias\/\"},{\"@type\":\"ListItem\",\"position\":4,\"name\":\"Industria qu\u00edmica\"}]},{\"@type\":\"WebSite\",\"@id\":\"https:\/\/industry.aafintl.com\/es-es\/#website\",\"url\":\"https:\/\/industry.aafintl.com\/es-es\/\",\"name\":\"AAF Spain\",\"description\":\"\",\"potentialAction\":[{\"@type\":\"SearchAction\",\"target\":{\"@type\":\"EntryPoint\",\"urlTemplate\":\"https:\/\/industry.aafintl.com\/es-es\/?s={search_term_string}\"},\"query-input\":{\"@type\":\"PropertyValueSpecification\",\"valueRequired\":true,\"valueName\":\"search_term_string\"}}],\"inLanguage\":\"es\"}]}<\/script>\n<!-- \/ Yoast SEO plugin. -->","yoast_head_json":{"title":"Sistema filtraci\u00f3n de aire | Industria qu\u00edmica | AAF","description":"Colectores de polvo para la industria qu\u00edmica. Filtraci\u00f3n de aire para evitar emisiones al exterior y mayor rendimiento operativo.","robots":{"index":"index","follow":"follow","max-snippet":"max-snippet:-1","max-image-preview":"max-image-preview:large","max-video-preview":"max-video-preview:-1"},"canonical":"https:\/\/industry.aafintl.com\/es-es\/industrial\/industrias\/industria-quimica\/","og_locale":"es_ES","og_type":"article","og_title":"Sistema filtraci\u00f3n de aire | Industria qu\u00edmica | AAF","og_description":"Colectores de polvo para la industria qu\u00edmica. Filtraci\u00f3n de aire para evitar emisiones al exterior y mayor rendimiento operativo.","og_url":"https:\/\/industry.aafintl.com\/es-es\/industrial\/industrias\/industria-quimica\/","og_site_name":"AAF Spain","article_modified_time":"2024-01-05T09:50:01+00:00","twitter_card":"summary_large_image","schema":{"@context":"https:\/\/schema.org","@graph":[{"@type":"WebPage","@id":"https:\/\/industry.aafintl.com\/es-es\/industrial\/industrias\/industria-quimica\/","url":"https:\/\/industry.aafintl.com\/es-es\/industrial\/industrias\/industria-quimica\/","name":"Sistema filtraci\u00f3n de aire | Industria qu\u00edmica | AAF","isPartOf":{"@id":"https:\/\/industry.aafintl.com\/es-es\/#website"},"datePublished":"2022-03-16T14:20:11+00:00","dateModified":"2024-01-05T09:50:01+00:00","description":"Colectores de polvo para la industria qu\u00edmica. Filtraci\u00f3n de aire para evitar emisiones al exterior y mayor rendimiento operativo.","breadcrumb":{"@id":"https:\/\/industry.aafintl.com\/es-es\/industrial\/industrias\/industria-quimica\/#breadcrumb"},"inLanguage":"es","potentialAction":[{"@type":"ReadAction","target":["https:\/\/industry.aafintl.com\/es-es\/industrial\/industrias\/industria-quimica\/"]}]},{"@type":"BreadcrumbList","@id":"https:\/\/industry.aafintl.com\/es-es\/industrial\/industrias\/industria-quimica\/#breadcrumb","itemListElement":[{"@type":"ListItem","position":1,"name":"Home","item":"https:\/\/industry.aafintl.com\/es-es\/"},{"@type":"ListItem","position":2,"name":"Industrial Air Quality","item":"https:\/\/industry.aafintl.com\/es-es\/industrial\/"},{"@type":"ListItem","position":3,"name":"Industrias","item":"https:\/\/industry.aafintl.com\/es-es\/industrial\/industrias\/"},{"@type":"ListItem","position":4,"name":"Industria qu\u00edmica"}]},{"@type":"WebSite","@id":"https:\/\/industry.aafintl.com\/es-es\/#website","url":"https:\/\/industry.aafintl.com\/es-es\/","name":"AAF Spain","description":"","potentialAction":[{"@type":"SearchAction","target":{"@type":"EntryPoint","urlTemplate":"https:\/\/industry.aafintl.com\/es-es\/?s={search_term_string}"},"query-input":{"@type":"PropertyValueSpecification","valueRequired":true,"valueName":"search_term_string"}}],"inLanguage":"es"}]}},"_links":{"self":[{"href":"https:\/\/industry.aafintl.com\/es-es\/wp-json\/wp\/v2\/pages\/1810","targetHints":{"allow":["GET"]}}],"collection":[{"href":"https:\/\/industry.aafintl.com\/es-es\/wp-json\/wp\/v2\/pages"}],"about":[{"href":"https:\/\/industry.aafintl.com\/es-es\/wp-json\/wp\/v2\/types\/page"}],"author":[{"embeddable":true,"href":"https:\/\/industry.aafintl.com\/es-es\/wp-json\/wp\/v2\/users\/1"}],"replies":[{"embeddable":true,"href":"https:\/\/industry.aafintl.com\/es-es\/wp-json\/wp\/v2\/comments?post=1810"}],"version-history":[{"count":0,"href":"https:\/\/industry.aafintl.com\/es-es\/wp-json\/wp\/v2\/pages\/1810\/revisions"}],"up":[{"embeddable":true,"href":"https:\/\/industry.aafintl.com\/es-es\/wp-json\/wp\/v2\/pages\/569"}],"wp:attachment":[{"href":"https:\/\/industry.aafintl.com\/es-es\/wp-json\/wp\/v2\/media?parent=1810"}],"curies":[{"name":"wp","href":"https:\/\/api.w.org\/{rel}","templated":true}]}}