{"id":4371,"date":"2025-07-01T14:46:06","date_gmt":"2025-07-01T13:46:06","guid":{"rendered":"https:\/\/industry.aafintl.com\/de-de\/?page_id=4371"},"modified":"2025-07-03T15:06:35","modified_gmt":"2025-07-03T14:06:35","slug":"nachhaltigkeit-bei-aaf","status":"publish","type":"page","link":"https:\/\/industry.aafintl.com\/de-de\/nachhaltigkeit-bei-aaf\/","title":{"rendered":"Nachhaltigkeit bei AAF"},"content":{"rendered":"","protected":false},"excerpt":{"rendered":"","protected":false},"author":10,"featured_media":0,"parent":0,"menu_order":0,"comment_status":"closed","ping_status":"closed","template":"","meta":{"_acf_changed":false,"inline_featured_image":false,"footnotes":""},"class_list":["post-4371","page","type-page","status-publish","hentry"],"acf":[],"yoast_head":"<!-- This site is optimized with the Yoast SEO plugin v27.0 - https:\/\/yoast.com\/product\/yoast-seo-wordpress\/ -->\n<title>Nachhaltigkeit bei AAF - AAF Germany<\/title>\n<meta name=\"description\" content=\"Entdecken Sie das Engagement von AAF International f\u00fcr Nachhaltigkeit und erfahren Sie, wie unsere innovativen Luftfiltrationsl\u00f6sungen die Luftqualit\u00e4t verbessern, die Leistung steigern und die Umweltbelastung reduzieren. Erkunden Sie unsere Vision und Initiativen f\u00fcr eine ges\u00fcndere Erde.\" \/>\n<meta name=\"robots\" content=\"index, follow, max-snippet:-1, max-image-preview:large, max-video-preview:-1\" \/>\n<link rel=\"canonical\" href=\"https:\/\/industry.aafintl.com\/de-de\/nachhaltigkeit-bei-aaf\/\" \/>\n<meta property=\"og:locale\" content=\"en_GB\" \/>\n<meta property=\"og:type\" content=\"article\" \/>\n<meta property=\"og:title\" content=\"Nachhaltigkeit bei AAF - AAF Germany\" \/>\n<meta property=\"og:description\" content=\"Entdecken Sie das Engagement von AAF International f\u00fcr Nachhaltigkeit und erfahren Sie, wie unsere innovativen Luftfiltrationsl\u00f6sungen die Luftqualit\u00e4t verbessern, die Leistung steigern und die Umweltbelastung reduzieren. Erkunden Sie unsere Vision und Initiativen f\u00fcr eine ges\u00fcndere Erde.\" \/>\n<meta property=\"og:url\" content=\"https:\/\/industry.aafintl.com\/de-de\/nachhaltigkeit-bei-aaf\/\" \/>\n<meta property=\"og:site_name\" content=\"AAF Germany\" \/>\n<meta property=\"article:modified_time\" content=\"2025-07-03T14:06:35+00:00\" \/>\n<meta name=\"twitter:card\" content=\"summary_large_image\" \/>\n<meta name=\"twitter:label1\" content=\"Estimated reading time\" \/>\n\t<meta name=\"twitter:data1\" content=\"2 minutes\" \/>\n<script type=\"application\/ld+json\" class=\"yoast-schema-graph\">{\"@context\":\"https:\/\/schema.org\",\"@graph\":[{\"@type\":\"WebPage\",\"@id\":\"https:\/\/industry.aafintl.com\/de-de\/nachhaltigkeit-bei-aaf\/\",\"url\":\"https:\/\/industry.aafintl.com\/de-de\/nachhaltigkeit-bei-aaf\/\",\"name\":\"Nachhaltigkeit bei AAF - AAF Germany\",\"isPartOf\":{\"@id\":\"https:\/\/industry.aafintl.com\/de-de\/#website\"},\"datePublished\":\"2025-07-01T13:46:06+00:00\",\"dateModified\":\"2025-07-03T14:06:35+00:00\",\"description\":\"Entdecken Sie das Engagement von AAF International f\u00fcr Nachhaltigkeit und erfahren Sie, wie unsere innovativen Luftfiltrationsl\u00f6sungen die Luftqualit\u00e4t verbessern, die Leistung steigern und die Umweltbelastung reduzieren. Erkunden Sie unsere Vision und Initiativen f\u00fcr eine ges\u00fcndere Erde.\",\"breadcrumb\":{\"@id\":\"https:\/\/industry.aafintl.com\/de-de\/nachhaltigkeit-bei-aaf\/#breadcrumb\"},\"inLanguage\":\"en-GB\",\"potentialAction\":[{\"@type\":\"ReadAction\",\"target\":[\"https:\/\/industry.aafintl.com\/de-de\/nachhaltigkeit-bei-aaf\/\"]}]},{\"@type\":\"BreadcrumbList\",\"@id\":\"https:\/\/industry.aafintl.com\/de-de\/nachhaltigkeit-bei-aaf\/#breadcrumb\",\"itemListElement\":[{\"@type\":\"ListItem\",\"position\":1,\"name\":\"Home\",\"item\":\"https:\/\/industry.aafintl.com\/de-de\/\"},{\"@type\":\"ListItem\",\"position\":2,\"name\":\"Nachhaltigkeit bei AAF\"}]},{\"@type\":\"WebSite\",\"@id\":\"https:\/\/industry.aafintl.com\/de-de\/#website\",\"url\":\"https:\/\/industry.aafintl.com\/de-de\/\",\"name\":\"AAF Germany\",\"description\":\"\",\"potentialAction\":[{\"@type\":\"SearchAction\",\"target\":{\"@type\":\"EntryPoint\",\"urlTemplate\":\"https:\/\/industry.aafintl.com\/de-de\/?s={search_term_string}\"},\"query-input\":{\"@type\":\"PropertyValueSpecification\",\"valueRequired\":true,\"valueName\":\"search_term_string\"}}],\"inLanguage\":\"en-GB\"}]}<\/script>\n<!-- \/ Yoast SEO plugin. -->","yoast_head_json":{"title":"Nachhaltigkeit bei AAF - AAF Germany","description":"Entdecken Sie das Engagement von AAF International f\u00fcr Nachhaltigkeit und erfahren Sie, wie unsere innovativen Luftfiltrationsl\u00f6sungen die Luftqualit\u00e4t verbessern, die Leistung steigern und die Umweltbelastung reduzieren. Erkunden Sie unsere Vision und Initiativen f\u00fcr eine ges\u00fcndere Erde.","robots":{"index":"index","follow":"follow","max-snippet":"max-snippet:-1","max-image-preview":"max-image-preview:large","max-video-preview":"max-video-preview:-1"},"canonical":"https:\/\/industry.aafintl.com\/de-de\/nachhaltigkeit-bei-aaf\/","og_locale":"en_GB","og_type":"article","og_title":"Nachhaltigkeit bei AAF - AAF Germany","og_description":"Entdecken Sie das Engagement von AAF International f\u00fcr Nachhaltigkeit und erfahren Sie, wie unsere innovativen Luftfiltrationsl\u00f6sungen die Luftqualit\u00e4t verbessern, die Leistung steigern und die Umweltbelastung reduzieren. Erkunden Sie unsere Vision und Initiativen f\u00fcr eine ges\u00fcndere Erde.","og_url":"https:\/\/industry.aafintl.com\/de-de\/nachhaltigkeit-bei-aaf\/","og_site_name":"AAF Germany","article_modified_time":"2025-07-03T14:06:35+00:00","twitter_card":"summary_large_image","twitter_misc":{"Estimated reading time":"2 minutes"},"schema":{"@context":"https:\/\/schema.org","@graph":[{"@type":"WebPage","@id":"https:\/\/industry.aafintl.com\/de-de\/nachhaltigkeit-bei-aaf\/","url":"https:\/\/industry.aafintl.com\/de-de\/nachhaltigkeit-bei-aaf\/","name":"Nachhaltigkeit bei AAF - AAF Germany","isPartOf":{"@id":"https:\/\/industry.aafintl.com\/de-de\/#website"},"datePublished":"2025-07-01T13:46:06+00:00","dateModified":"2025-07-03T14:06:35+00:00","description":"Entdecken Sie das Engagement von AAF International f\u00fcr Nachhaltigkeit und erfahren Sie, wie unsere innovativen Luftfiltrationsl\u00f6sungen die Luftqualit\u00e4t verbessern, die Leistung steigern und die Umweltbelastung reduzieren. Erkunden Sie unsere Vision und Initiativen f\u00fcr eine ges\u00fcndere Erde.","breadcrumb":{"@id":"https:\/\/industry.aafintl.com\/de-de\/nachhaltigkeit-bei-aaf\/#breadcrumb"},"inLanguage":"en-GB","potentialAction":[{"@type":"ReadAction","target":["https:\/\/industry.aafintl.com\/de-de\/nachhaltigkeit-bei-aaf\/"]}]},{"@type":"BreadcrumbList","@id":"https:\/\/industry.aafintl.com\/de-de\/nachhaltigkeit-bei-aaf\/#breadcrumb","itemListElement":[{"@type":"ListItem","position":1,"name":"Home","item":"https:\/\/industry.aafintl.com\/de-de\/"},{"@type":"ListItem","position":2,"name":"Nachhaltigkeit bei AAF"}]},{"@type":"WebSite","@id":"https:\/\/industry.aafintl.com\/de-de\/#website","url":"https:\/\/industry.aafintl.com\/de-de\/","name":"AAF Germany","description":"","potentialAction":[{"@type":"SearchAction","target":{"@type":"EntryPoint","urlTemplate":"https:\/\/industry.aafintl.com\/de-de\/?s={search_term_string}"},"query-input":{"@type":"PropertyValueSpecification","valueRequired":true,"valueName":"search_term_string"}}],"inLanguage":"en-GB"}]}},"_links":{"self":[{"href":"https:\/\/industry.aafintl.com\/de-de\/wp-json\/wp\/v2\/pages\/4371","targetHints":{"allow":["GET"]}}],"collection":[{"href":"https:\/\/industry.aafintl.com\/de-de\/wp-json\/wp\/v2\/pages"}],"about":[{"href":"https:\/\/industry.aafintl.com\/de-de\/wp-json\/wp\/v2\/types\/page"}],"author":[{"embeddable":true,"href":"https:\/\/industry.aafintl.com\/de-de\/wp-json\/wp\/v2\/users\/10"}],"replies":[{"embeddable":true,"href":"https:\/\/industry.aafintl.com\/de-de\/wp-json\/wp\/v2\/comments?post=4371"}],"version-history":[{"count":0,"href":"https:\/\/industry.aafintl.com\/de-de\/wp-json\/wp\/v2\/pages\/4371\/revisions"}],"wp:attachment":[{"href":"https:\/\/industry.aafintl.com\/de-de\/wp-json\/wp\/v2\/media?parent=4371"}],"curies":[{"name":"wp","href":"https:\/\/api.w.org\/{rel}","templated":true}]}}