{"id":433,"date":"2021-11-18T16:09:06","date_gmt":"2021-11-18T16:09:06","guid":{"rendered":"https:\/\/aaf.mediaworksdev.co.uk\/en-gb\/?page_id=433"},"modified":"2023-03-13T12:12:29","modified_gmt":"2023-03-13T12:12:29","slug":"ol-und-gasindustrielosungen-fur-gasturbinen-auf-dem-festland","status":"publish","type":"page","link":"https:\/\/industry.aafintl.com\/de-de\/energy\/ol-und-gasindustrielosungen-fur-gasturbinen-auf-dem-festland\/","title":{"rendered":"\u00d6l- und Gasindustriel\u00f6sungen f\u00fcr Gasturbinen auf dem Festland"},"content":{"rendered":"","protected":false},"excerpt":{"rendered":"","protected":false},"author":1,"featured_media":0,"parent":15,"menu_order":0,"comment_status":"closed","ping_status":"closed","template":"","meta":{"_acf_changed":false,"inline_featured_image":false,"footnotes":""},"class_list":["post-433","page","type-page","status-publish","hentry"],"acf":[],"yoast_head":"<!-- This site is optimized with the Yoast SEO plugin v27.0 - https:\/\/yoast.com\/product\/yoast-seo-wordpress\/ -->\n<title>\u00d6l- und Gasindustriel\u00f6sungen an Land | AAF International<\/title>\n<meta name=\"description\" content=\"AAF International bietet der \u00d6l- und Gasindustrie L\u00f6sungen f\u00fcr Gasturbinen auf dem Land, indem man optimale Ansaugluftfiltrationssysteme liefert, um die Effizienz zu verbessern.\" \/>\n<meta name=\"robots\" content=\"index, follow, max-snippet:-1, max-image-preview:large, max-video-preview:-1\" \/>\n<link rel=\"canonical\" href=\"https:\/\/industry.aafintl.com\/de-de\/energy\/ol-und-gasindustrielosungen-fur-gasturbinen-auf-dem-festland\/\" \/>\n<meta property=\"og:locale\" content=\"en_GB\" \/>\n<meta property=\"og:type\" content=\"article\" \/>\n<meta property=\"og:title\" content=\"\u00d6l- und Gasindustriel\u00f6sungen an Land | AAF International\" \/>\n<meta property=\"og:description\" content=\"AAF International bietet der \u00d6l- und Gasindustrie L\u00f6sungen f\u00fcr Gasturbinen auf dem Land, indem man optimale Ansaugluftfiltrationssysteme liefert, um die Effizienz zu verbessern.\" \/>\n<meta property=\"og:url\" content=\"https:\/\/industry.aafintl.com\/de-de\/energy\/ol-und-gasindustrielosungen-fur-gasturbinen-auf-dem-festland\/\" \/>\n<meta property=\"og:site_name\" content=\"AAF Germany\" \/>\n<meta property=\"article:modified_time\" content=\"2023-03-13T12:12:29+00:00\" \/>\n<meta name=\"twitter:card\" content=\"summary_large_image\" \/>\n<script type=\"application\/ld+json\" class=\"yoast-schema-graph\">{\"@context\":\"https:\/\/schema.org\",\"@graph\":[{\"@type\":\"WebPage\",\"@id\":\"https:\/\/industry.aafintl.com\/de-de\/energy\/ol-und-gasindustrielosungen-fur-gasturbinen-auf-dem-festland\/\",\"url\":\"https:\/\/industry.aafintl.com\/de-de\/energy\/ol-und-gasindustrielosungen-fur-gasturbinen-auf-dem-festland\/\",\"name\":\"\u00d6l- und Gasindustriel\u00f6sungen an Land | AAF International\",\"isPartOf\":{\"@id\":\"https:\/\/industry.aafintl.com\/de-de\/#website\"},\"datePublished\":\"2021-11-18T16:09:06+00:00\",\"dateModified\":\"2023-03-13T12:12:29+00:00\",\"description\":\"AAF International bietet der \u00d6l- und Gasindustrie L\u00f6sungen f\u00fcr Gasturbinen auf dem Land, indem man optimale Ansaugluftfiltrationssysteme liefert, um die Effizienz zu verbessern.\",\"breadcrumb\":{\"@id\":\"https:\/\/industry.aafintl.com\/de-de\/energy\/ol-und-gasindustrielosungen-fur-gasturbinen-auf-dem-festland\/#breadcrumb\"},\"inLanguage\":\"en-GB\",\"potentialAction\":[{\"@type\":\"ReadAction\",\"target\":[\"https:\/\/industry.aafintl.com\/de-de\/energy\/ol-und-gasindustrielosungen-fur-gasturbinen-auf-dem-festland\/\"]}]},{\"@type\":\"BreadcrumbList\",\"@id\":\"https:\/\/industry.aafintl.com\/de-de\/energy\/ol-und-gasindustrielosungen-fur-gasturbinen-auf-dem-festland\/#breadcrumb\",\"itemListElement\":[{\"@type\":\"ListItem\",\"position\":1,\"name\":\"Home\",\"item\":\"https:\/\/industry.aafintl.com\/de-de\/\"},{\"@type\":\"ListItem\",\"position\":2,\"name\":\"Energy\",\"item\":\"https:\/\/industry.aafintl.com\/de-de\/energy\/\"},{\"@type\":\"ListItem\",\"position\":3,\"name\":\"\u00d6l- und Gasindustriel\u00f6sungen f\u00fcr Gasturbinen auf dem Festland\"}]},{\"@type\":\"WebSite\",\"@id\":\"https:\/\/industry.aafintl.com\/de-de\/#website\",\"url\":\"https:\/\/industry.aafintl.com\/de-de\/\",\"name\":\"AAF Germany\",\"description\":\"\",\"potentialAction\":[{\"@type\":\"SearchAction\",\"target\":{\"@type\":\"EntryPoint\",\"urlTemplate\":\"https:\/\/industry.aafintl.com\/de-de\/?s={search_term_string}\"},\"query-input\":{\"@type\":\"PropertyValueSpecification\",\"valueRequired\":true,\"valueName\":\"search_term_string\"}}],\"inLanguage\":\"en-GB\"}]}<\/script>\n<!-- \/ Yoast SEO plugin. -->","yoast_head_json":{"title":"\u00d6l- und Gasindustriel\u00f6sungen an Land | AAF International","description":"AAF International bietet der \u00d6l- und Gasindustrie L\u00f6sungen f\u00fcr Gasturbinen auf dem Land, indem man optimale Ansaugluftfiltrationssysteme liefert, um die Effizienz zu verbessern.","robots":{"index":"index","follow":"follow","max-snippet":"max-snippet:-1","max-image-preview":"max-image-preview:large","max-video-preview":"max-video-preview:-1"},"canonical":"https:\/\/industry.aafintl.com\/de-de\/energy\/ol-und-gasindustrielosungen-fur-gasturbinen-auf-dem-festland\/","og_locale":"en_GB","og_type":"article","og_title":"\u00d6l- und Gasindustriel\u00f6sungen an Land | AAF International","og_description":"AAF International bietet der \u00d6l- und Gasindustrie L\u00f6sungen f\u00fcr Gasturbinen auf dem Land, indem man optimale Ansaugluftfiltrationssysteme liefert, um die Effizienz zu verbessern.","og_url":"https:\/\/industry.aafintl.com\/de-de\/energy\/ol-und-gasindustrielosungen-fur-gasturbinen-auf-dem-festland\/","og_site_name":"AAF Germany","article_modified_time":"2023-03-13T12:12:29+00:00","twitter_card":"summary_large_image","schema":{"@context":"https:\/\/schema.org","@graph":[{"@type":"WebPage","@id":"https:\/\/industry.aafintl.com\/de-de\/energy\/ol-und-gasindustrielosungen-fur-gasturbinen-auf-dem-festland\/","url":"https:\/\/industry.aafintl.com\/de-de\/energy\/ol-und-gasindustrielosungen-fur-gasturbinen-auf-dem-festland\/","name":"\u00d6l- und Gasindustriel\u00f6sungen an Land | AAF International","isPartOf":{"@id":"https:\/\/industry.aafintl.com\/de-de\/#website"},"datePublished":"2021-11-18T16:09:06+00:00","dateModified":"2023-03-13T12:12:29+00:00","description":"AAF International bietet der \u00d6l- und Gasindustrie L\u00f6sungen f\u00fcr Gasturbinen auf dem Land, indem man optimale Ansaugluftfiltrationssysteme liefert, um die Effizienz zu verbessern.","breadcrumb":{"@id":"https:\/\/industry.aafintl.com\/de-de\/energy\/ol-und-gasindustrielosungen-fur-gasturbinen-auf-dem-festland\/#breadcrumb"},"inLanguage":"en-GB","potentialAction":[{"@type":"ReadAction","target":["https:\/\/industry.aafintl.com\/de-de\/energy\/ol-und-gasindustrielosungen-fur-gasturbinen-auf-dem-festland\/"]}]},{"@type":"BreadcrumbList","@id":"https:\/\/industry.aafintl.com\/de-de\/energy\/ol-und-gasindustrielosungen-fur-gasturbinen-auf-dem-festland\/#breadcrumb","itemListElement":[{"@type":"ListItem","position":1,"name":"Home","item":"https:\/\/industry.aafintl.com\/de-de\/"},{"@type":"ListItem","position":2,"name":"Energy","item":"https:\/\/industry.aafintl.com\/de-de\/energy\/"},{"@type":"ListItem","position":3,"name":"\u00d6l- und Gasindustriel\u00f6sungen f\u00fcr Gasturbinen auf dem Festland"}]},{"@type":"WebSite","@id":"https:\/\/industry.aafintl.com\/de-de\/#website","url":"https:\/\/industry.aafintl.com\/de-de\/","name":"AAF Germany","description":"","potentialAction":[{"@type":"SearchAction","target":{"@type":"EntryPoint","urlTemplate":"https:\/\/industry.aafintl.com\/de-de\/?s={search_term_string}"},"query-input":{"@type":"PropertyValueSpecification","valueRequired":true,"valueName":"search_term_string"}}],"inLanguage":"en-GB"}]}},"_links":{"self":[{"href":"https:\/\/industry.aafintl.com\/de-de\/wp-json\/wp\/v2\/pages\/433","targetHints":{"allow":["GET"]}}],"collection":[{"href":"https:\/\/industry.aafintl.com\/de-de\/wp-json\/wp\/v2\/pages"}],"about":[{"href":"https:\/\/industry.aafintl.com\/de-de\/wp-json\/wp\/v2\/types\/page"}],"author":[{"embeddable":true,"href":"https:\/\/industry.aafintl.com\/de-de\/wp-json\/wp\/v2\/users\/1"}],"replies":[{"embeddable":true,"href":"https:\/\/industry.aafintl.com\/de-de\/wp-json\/wp\/v2\/comments?post=433"}],"version-history":[{"count":0,"href":"https:\/\/industry.aafintl.com\/de-de\/wp-json\/wp\/v2\/pages\/433\/revisions"}],"up":[{"embeddable":true,"href":"https:\/\/industry.aafintl.com\/de-de\/wp-json\/wp\/v2\/pages\/15"}],"wp:attachment":[{"href":"https:\/\/industry.aafintl.com\/de-de\/wp-json\/wp\/v2\/media?parent=433"}],"curies":[{"name":"wp","href":"https:\/\/api.w.org\/{rel}","templated":true}]}}