{"id":414,"date":"2021-11-18T15:36:43","date_gmt":"2021-11-18T15:36:43","guid":{"rendered":"https:\/\/aaf.mediaworksdev.co.uk\/en-gb\/?page_id=414"},"modified":"2023-03-13T12:07:01","modified_gmt":"2023-03-13T12:07:01","slug":"landlich","status":"publish","type":"page","link":"https:\/\/industry.aafintl.com\/de-de\/energy\/gasturbine\/okologische-anforderungen-an-gas-turbinen\/landlich\/","title":{"rendered":"L\u00e4ndlich"},"content":{"rendered":"","protected":false},"excerpt":{"rendered":"","protected":false},"author":1,"featured_media":0,"parent":367,"menu_order":0,"comment_status":"closed","ping_status":"closed","template":"","meta":{"_acf_changed":false,"inline_featured_image":false,"footnotes":""},"class_list":["post-414","page","type-page","status-publish","hentry"],"acf":[],"yoast_head":"<!-- This site is optimized with the Yoast SEO plugin v27.0 - https:\/\/yoast.com\/product\/yoast-seo-wordpress\/ -->\n<title>L\u00e4ndlicher Schutz f\u00fcr Gasturbinen | AAF International<\/title>\n<meta name=\"description\" content=\"In l\u00e4ndlichen Umgebungen m\u00fcssen die hohen Konzentrationen an Pollen &amp; anderen Partikeln entfernt werden, um die Leistung der Gasturbine und des Kompressors aufrechtzuerhalten.\" \/>\n<meta name=\"robots\" content=\"index, follow, max-snippet:-1, max-image-preview:large, max-video-preview:-1\" \/>\n<link rel=\"canonical\" href=\"https:\/\/industry.aafintl.com\/de-de\/energy\/gasturbine\/okologische-anforderungen-an-gas-turbinen\/landlich\/\" \/>\n<meta property=\"og:locale\" content=\"en_GB\" \/>\n<meta property=\"og:type\" content=\"article\" \/>\n<meta property=\"og:title\" content=\"L\u00e4ndlicher Schutz f\u00fcr Gasturbinen | AAF International\" \/>\n<meta property=\"og:description\" content=\"In l\u00e4ndlichen Umgebungen m\u00fcssen die hohen Konzentrationen an Pollen &amp; anderen Partikeln entfernt werden, um die Leistung der Gasturbine und des Kompressors aufrechtzuerhalten.\" \/>\n<meta property=\"og:url\" content=\"https:\/\/industry.aafintl.com\/de-de\/energy\/gasturbine\/okologische-anforderungen-an-gas-turbinen\/landlich\/\" \/>\n<meta property=\"og:site_name\" content=\"AAF Germany\" \/>\n<meta property=\"article:modified_time\" content=\"2023-03-13T12:07:01+00:00\" \/>\n<meta name=\"twitter:card\" content=\"summary_large_image\" \/>\n<script type=\"application\/ld+json\" class=\"yoast-schema-graph\">{\"@context\":\"https:\/\/schema.org\",\"@graph\":[{\"@type\":\"WebPage\",\"@id\":\"https:\/\/industry.aafintl.com\/de-de\/energy\/gasturbine\/okologische-anforderungen-an-gas-turbinen\/landlich\/\",\"url\":\"https:\/\/industry.aafintl.com\/de-de\/energy\/gasturbine\/okologische-anforderungen-an-gas-turbinen\/landlich\/\",\"name\":\"L\u00e4ndlicher Schutz f\u00fcr Gasturbinen | AAF International\",\"isPartOf\":{\"@id\":\"https:\/\/industry.aafintl.com\/de-de\/#website\"},\"datePublished\":\"2021-11-18T15:36:43+00:00\",\"dateModified\":\"2023-03-13T12:07:01+00:00\",\"description\":\"In l\u00e4ndlichen Umgebungen m\u00fcssen die hohen Konzentrationen an Pollen & anderen Partikeln entfernt werden, um die Leistung der Gasturbine und des Kompressors aufrechtzuerhalten.\",\"breadcrumb\":{\"@id\":\"https:\/\/industry.aafintl.com\/de-de\/energy\/gasturbine\/okologische-anforderungen-an-gas-turbinen\/landlich\/#breadcrumb\"},\"inLanguage\":\"en-GB\",\"potentialAction\":[{\"@type\":\"ReadAction\",\"target\":[\"https:\/\/industry.aafintl.com\/de-de\/energy\/gasturbine\/okologische-anforderungen-an-gas-turbinen\/landlich\/\"]}]},{\"@type\":\"BreadcrumbList\",\"@id\":\"https:\/\/industry.aafintl.com\/de-de\/energy\/gasturbine\/okologische-anforderungen-an-gas-turbinen\/landlich\/#breadcrumb\",\"itemListElement\":[{\"@type\":\"ListItem\",\"position\":1,\"name\":\"Home\",\"item\":\"https:\/\/industry.aafintl.com\/de-de\/\"},{\"@type\":\"ListItem\",\"position\":2,\"name\":\"Energy\",\"item\":\"https:\/\/industry.aafintl.com\/de-de\/energy\/\"},{\"@type\":\"ListItem\",\"position\":3,\"name\":\"Gasturbine\",\"item\":\"https:\/\/industry.aafintl.com\/de-de\/energy\/gasturbine\/\"},{\"@type\":\"ListItem\",\"position\":4,\"name\":\"\u00d6kologische herausforderungen\",\"item\":\"https:\/\/industry.aafintl.com\/de-de\/energy\/gasturbine\/okologische-anforderungen-an-gas-turbinen\/\"},{\"@type\":\"ListItem\",\"position\":5,\"name\":\"L\u00e4ndlich\"}]},{\"@type\":\"WebSite\",\"@id\":\"https:\/\/industry.aafintl.com\/de-de\/#website\",\"url\":\"https:\/\/industry.aafintl.com\/de-de\/\",\"name\":\"AAF Germany\",\"description\":\"\",\"potentialAction\":[{\"@type\":\"SearchAction\",\"target\":{\"@type\":\"EntryPoint\",\"urlTemplate\":\"https:\/\/industry.aafintl.com\/de-de\/?s={search_term_string}\"},\"query-input\":{\"@type\":\"PropertyValueSpecification\",\"valueRequired\":true,\"valueName\":\"search_term_string\"}}],\"inLanguage\":\"en-GB\"}]}<\/script>\n<!-- \/ Yoast SEO plugin. -->","yoast_head_json":{"title":"L\u00e4ndlicher Schutz f\u00fcr Gasturbinen | AAF International","description":"In l\u00e4ndlichen Umgebungen m\u00fcssen die hohen Konzentrationen an Pollen & anderen Partikeln entfernt werden, um die Leistung der Gasturbine und des Kompressors aufrechtzuerhalten.","robots":{"index":"index","follow":"follow","max-snippet":"max-snippet:-1","max-image-preview":"max-image-preview:large","max-video-preview":"max-video-preview:-1"},"canonical":"https:\/\/industry.aafintl.com\/de-de\/energy\/gasturbine\/okologische-anforderungen-an-gas-turbinen\/landlich\/","og_locale":"en_GB","og_type":"article","og_title":"L\u00e4ndlicher Schutz f\u00fcr Gasturbinen | AAF International","og_description":"In l\u00e4ndlichen Umgebungen m\u00fcssen die hohen Konzentrationen an Pollen & anderen Partikeln entfernt werden, um die Leistung der Gasturbine und des Kompressors aufrechtzuerhalten.","og_url":"https:\/\/industry.aafintl.com\/de-de\/energy\/gasturbine\/okologische-anforderungen-an-gas-turbinen\/landlich\/","og_site_name":"AAF Germany","article_modified_time":"2023-03-13T12:07:01+00:00","twitter_card":"summary_large_image","schema":{"@context":"https:\/\/schema.org","@graph":[{"@type":"WebPage","@id":"https:\/\/industry.aafintl.com\/de-de\/energy\/gasturbine\/okologische-anforderungen-an-gas-turbinen\/landlich\/","url":"https:\/\/industry.aafintl.com\/de-de\/energy\/gasturbine\/okologische-anforderungen-an-gas-turbinen\/landlich\/","name":"L\u00e4ndlicher Schutz f\u00fcr Gasturbinen | AAF International","isPartOf":{"@id":"https:\/\/industry.aafintl.com\/de-de\/#website"},"datePublished":"2021-11-18T15:36:43+00:00","dateModified":"2023-03-13T12:07:01+00:00","description":"In l\u00e4ndlichen Umgebungen m\u00fcssen die hohen Konzentrationen an Pollen & anderen Partikeln entfernt werden, um die Leistung der Gasturbine und des Kompressors aufrechtzuerhalten.","breadcrumb":{"@id":"https:\/\/industry.aafintl.com\/de-de\/energy\/gasturbine\/okologische-anforderungen-an-gas-turbinen\/landlich\/#breadcrumb"},"inLanguage":"en-GB","potentialAction":[{"@type":"ReadAction","target":["https:\/\/industry.aafintl.com\/de-de\/energy\/gasturbine\/okologische-anforderungen-an-gas-turbinen\/landlich\/"]}]},{"@type":"BreadcrumbList","@id":"https:\/\/industry.aafintl.com\/de-de\/energy\/gasturbine\/okologische-anforderungen-an-gas-turbinen\/landlich\/#breadcrumb","itemListElement":[{"@type":"ListItem","position":1,"name":"Home","item":"https:\/\/industry.aafintl.com\/de-de\/"},{"@type":"ListItem","position":2,"name":"Energy","item":"https:\/\/industry.aafintl.com\/de-de\/energy\/"},{"@type":"ListItem","position":3,"name":"Gasturbine","item":"https:\/\/industry.aafintl.com\/de-de\/energy\/gasturbine\/"},{"@type":"ListItem","position":4,"name":"\u00d6kologische herausforderungen","item":"https:\/\/industry.aafintl.com\/de-de\/energy\/gasturbine\/okologische-anforderungen-an-gas-turbinen\/"},{"@type":"ListItem","position":5,"name":"L\u00e4ndlich"}]},{"@type":"WebSite","@id":"https:\/\/industry.aafintl.com\/de-de\/#website","url":"https:\/\/industry.aafintl.com\/de-de\/","name":"AAF Germany","description":"","potentialAction":[{"@type":"SearchAction","target":{"@type":"EntryPoint","urlTemplate":"https:\/\/industry.aafintl.com\/de-de\/?s={search_term_string}"},"query-input":{"@type":"PropertyValueSpecification","valueRequired":true,"valueName":"search_term_string"}}],"inLanguage":"en-GB"}]}},"_links":{"self":[{"href":"https:\/\/industry.aafintl.com\/de-de\/wp-json\/wp\/v2\/pages\/414","targetHints":{"allow":["GET"]}}],"collection":[{"href":"https:\/\/industry.aafintl.com\/de-de\/wp-json\/wp\/v2\/pages"}],"about":[{"href":"https:\/\/industry.aafintl.com\/de-de\/wp-json\/wp\/v2\/types\/page"}],"author":[{"embeddable":true,"href":"https:\/\/industry.aafintl.com\/de-de\/wp-json\/wp\/v2\/users\/1"}],"replies":[{"embeddable":true,"href":"https:\/\/industry.aafintl.com\/de-de\/wp-json\/wp\/v2\/comments?post=414"}],"version-history":[{"count":0,"href":"https:\/\/industry.aafintl.com\/de-de\/wp-json\/wp\/v2\/pages\/414\/revisions"}],"up":[{"embeddable":true,"href":"https:\/\/industry.aafintl.com\/de-de\/wp-json\/wp\/v2\/pages\/367"}],"wp:attachment":[{"href":"https:\/\/industry.aafintl.com\/de-de\/wp-json\/wp\/v2\/media?parent=414"}],"curies":[{"name":"wp","href":"https:\/\/api.w.org\/{rel}","templated":true}]}}