{"id":2568,"date":"2022-04-07T22:38:38","date_gmt":"2022-04-07T21:38:38","guid":{"rendered":"https:\/\/aaf.mediaworksdev.co.uk\/en-gb\/?page_id=2568"},"modified":"2023-01-09T09:14:07","modified_gmt":"2023-01-09T09:14:07","slug":"plasmaschneiden","status":"publish","type":"page","link":"https:\/\/industry.aafintl.com\/de-de\/industrial\/anwendungen\/thermisches-schneiden\/plasmaschneiden\/","title":{"rendered":"Plasmaschneiden"},"content":{"rendered":"","protected":false},"excerpt":{"rendered":"","protected":false},"author":1,"featured_media":0,"parent":2575,"menu_order":0,"comment_status":"closed","ping_status":"closed","template":"","meta":{"_acf_changed":false,"inline_featured_image":false,"footnotes":""},"class_list":["post-2568","page","type-page","status-publish","hentry"],"acf":[],"yoast_head":"<!-- This site is optimized with the Yoast SEO plugin v27.0 - https:\/\/yoast.com\/product\/yoast-seo-wordpress\/ -->\n<title>Plasmaschneiden | Staubabscheider | AAF International<\/title>\n<meta name=\"description\" content=\"Staub- und Rauchabzug, um die Luftqualit\u00e4t in Innenr\u00e4umen bei Anwendungen f\u00fcr das Plasmaschneiden zu gew\u00e4hrleisten.\" \/>\n<meta name=\"robots\" content=\"index, follow, max-snippet:-1, max-image-preview:large, max-video-preview:-1\" \/>\n<link rel=\"canonical\" href=\"https:\/\/industry.aafintl.com\/de-de\/industrial\/anwendungen\/thermisches-schneiden\/plasmaschneiden\/\" \/>\n<meta property=\"og:locale\" content=\"en_GB\" \/>\n<meta property=\"og:type\" content=\"article\" \/>\n<meta property=\"og:title\" content=\"Plasmaschneiden | Staubabscheider | AAF International\" \/>\n<meta property=\"og:description\" content=\"Staub- und Rauchabzug, um die Luftqualit\u00e4t in Innenr\u00e4umen bei Anwendungen f\u00fcr das Plasmaschneiden zu gew\u00e4hrleisten.\" \/>\n<meta property=\"og:url\" content=\"https:\/\/industry.aafintl.com\/de-de\/industrial\/anwendungen\/thermisches-schneiden\/plasmaschneiden\/\" \/>\n<meta property=\"og:site_name\" content=\"AAF Germany\" \/>\n<meta property=\"article:modified_time\" content=\"2023-01-09T09:14:07+00:00\" \/>\n<meta name=\"twitter:card\" content=\"summary_large_image\" \/>\n<script type=\"application\/ld+json\" class=\"yoast-schema-graph\">{\"@context\":\"https:\/\/schema.org\",\"@graph\":[{\"@type\":\"WebPage\",\"@id\":\"https:\/\/industry.aafintl.com\/de-de\/industrial\/anwendungen\/thermisches-schneiden\/plasmaschneiden\/\",\"url\":\"https:\/\/industry.aafintl.com\/de-de\/industrial\/anwendungen\/thermisches-schneiden\/plasmaschneiden\/\",\"name\":\"Plasmaschneiden | Staubabscheider | AAF International\",\"isPartOf\":{\"@id\":\"https:\/\/industry.aafintl.com\/de-de\/#website\"},\"datePublished\":\"2022-04-07T21:38:38+00:00\",\"dateModified\":\"2023-01-09T09:14:07+00:00\",\"description\":\"Staub- und Rauchabzug, um die Luftqualit\u00e4t in Innenr\u00e4umen bei Anwendungen f\u00fcr das Plasmaschneiden zu gew\u00e4hrleisten.\",\"breadcrumb\":{\"@id\":\"https:\/\/industry.aafintl.com\/de-de\/industrial\/anwendungen\/thermisches-schneiden\/plasmaschneiden\/#breadcrumb\"},\"inLanguage\":\"en-GB\",\"potentialAction\":[{\"@type\":\"ReadAction\",\"target\":[\"https:\/\/industry.aafintl.com\/de-de\/industrial\/anwendungen\/thermisches-schneiden\/plasmaschneiden\/\"]}]},{\"@type\":\"BreadcrumbList\",\"@id\":\"https:\/\/industry.aafintl.com\/de-de\/industrial\/anwendungen\/thermisches-schneiden\/plasmaschneiden\/#breadcrumb\",\"itemListElement\":[{\"@type\":\"ListItem\",\"position\":1,\"name\":\"Home\",\"item\":\"https:\/\/industry.aafintl.com\/de-de\/\"},{\"@type\":\"ListItem\",\"position\":2,\"name\":\"industrial\",\"item\":\"https:\/\/industry.aafintl.com\/de-de\/industrial\/\"},{\"@type\":\"ListItem\",\"position\":3,\"name\":\"Anwendungen\",\"item\":\"https:\/\/industry.aafintl.com\/de-de\/industrial\/anwendungen\/\"},{\"@type\":\"ListItem\",\"position\":4,\"name\":\"Thermisches Schneiden\",\"item\":\"https:\/\/industry.aafintl.com\/de-de\/industrial\/anwendungen\/thermisches-schneiden\/\"},{\"@type\":\"ListItem\",\"position\":5,\"name\":\"Plasmaschneiden\"}]},{\"@type\":\"WebSite\",\"@id\":\"https:\/\/industry.aafintl.com\/de-de\/#website\",\"url\":\"https:\/\/industry.aafintl.com\/de-de\/\",\"name\":\"AAF Germany\",\"description\":\"\",\"potentialAction\":[{\"@type\":\"SearchAction\",\"target\":{\"@type\":\"EntryPoint\",\"urlTemplate\":\"https:\/\/industry.aafintl.com\/de-de\/?s={search_term_string}\"},\"query-input\":{\"@type\":\"PropertyValueSpecification\",\"valueRequired\":true,\"valueName\":\"search_term_string\"}}],\"inLanguage\":\"en-GB\"}]}<\/script>\n<!-- \/ Yoast SEO plugin. -->","yoast_head_json":{"title":"Plasmaschneiden | Staubabscheider | AAF International","description":"Staub- und Rauchabzug, um die Luftqualit\u00e4t in Innenr\u00e4umen bei Anwendungen f\u00fcr das Plasmaschneiden zu gew\u00e4hrleisten.","robots":{"index":"index","follow":"follow","max-snippet":"max-snippet:-1","max-image-preview":"max-image-preview:large","max-video-preview":"max-video-preview:-1"},"canonical":"https:\/\/industry.aafintl.com\/de-de\/industrial\/anwendungen\/thermisches-schneiden\/plasmaschneiden\/","og_locale":"en_GB","og_type":"article","og_title":"Plasmaschneiden | Staubabscheider | AAF International","og_description":"Staub- und Rauchabzug, um die Luftqualit\u00e4t in Innenr\u00e4umen bei Anwendungen f\u00fcr das Plasmaschneiden zu gew\u00e4hrleisten.","og_url":"https:\/\/industry.aafintl.com\/de-de\/industrial\/anwendungen\/thermisches-schneiden\/plasmaschneiden\/","og_site_name":"AAF Germany","article_modified_time":"2023-01-09T09:14:07+00:00","twitter_card":"summary_large_image","schema":{"@context":"https:\/\/schema.org","@graph":[{"@type":"WebPage","@id":"https:\/\/industry.aafintl.com\/de-de\/industrial\/anwendungen\/thermisches-schneiden\/plasmaschneiden\/","url":"https:\/\/industry.aafintl.com\/de-de\/industrial\/anwendungen\/thermisches-schneiden\/plasmaschneiden\/","name":"Plasmaschneiden | Staubabscheider | AAF International","isPartOf":{"@id":"https:\/\/industry.aafintl.com\/de-de\/#website"},"datePublished":"2022-04-07T21:38:38+00:00","dateModified":"2023-01-09T09:14:07+00:00","description":"Staub- und Rauchabzug, um die Luftqualit\u00e4t in Innenr\u00e4umen bei Anwendungen f\u00fcr das Plasmaschneiden zu gew\u00e4hrleisten.","breadcrumb":{"@id":"https:\/\/industry.aafintl.com\/de-de\/industrial\/anwendungen\/thermisches-schneiden\/plasmaschneiden\/#breadcrumb"},"inLanguage":"en-GB","potentialAction":[{"@type":"ReadAction","target":["https:\/\/industry.aafintl.com\/de-de\/industrial\/anwendungen\/thermisches-schneiden\/plasmaschneiden\/"]}]},{"@type":"BreadcrumbList","@id":"https:\/\/industry.aafintl.com\/de-de\/industrial\/anwendungen\/thermisches-schneiden\/plasmaschneiden\/#breadcrumb","itemListElement":[{"@type":"ListItem","position":1,"name":"Home","item":"https:\/\/industry.aafintl.com\/de-de\/"},{"@type":"ListItem","position":2,"name":"industrial","item":"https:\/\/industry.aafintl.com\/de-de\/industrial\/"},{"@type":"ListItem","position":3,"name":"Anwendungen","item":"https:\/\/industry.aafintl.com\/de-de\/industrial\/anwendungen\/"},{"@type":"ListItem","position":4,"name":"Thermisches Schneiden","item":"https:\/\/industry.aafintl.com\/de-de\/industrial\/anwendungen\/thermisches-schneiden\/"},{"@type":"ListItem","position":5,"name":"Plasmaschneiden"}]},{"@type":"WebSite","@id":"https:\/\/industry.aafintl.com\/de-de\/#website","url":"https:\/\/industry.aafintl.com\/de-de\/","name":"AAF Germany","description":"","potentialAction":[{"@type":"SearchAction","target":{"@type":"EntryPoint","urlTemplate":"https:\/\/industry.aafintl.com\/de-de\/?s={search_term_string}"},"query-input":{"@type":"PropertyValueSpecification","valueRequired":true,"valueName":"search_term_string"}}],"inLanguage":"en-GB"}]}},"_links":{"self":[{"href":"https:\/\/industry.aafintl.com\/de-de\/wp-json\/wp\/v2\/pages\/2568","targetHints":{"allow":["GET"]}}],"collection":[{"href":"https:\/\/industry.aafintl.com\/de-de\/wp-json\/wp\/v2\/pages"}],"about":[{"href":"https:\/\/industry.aafintl.com\/de-de\/wp-json\/wp\/v2\/types\/page"}],"author":[{"embeddable":true,"href":"https:\/\/industry.aafintl.com\/de-de\/wp-json\/wp\/v2\/users\/1"}],"replies":[{"embeddable":true,"href":"https:\/\/industry.aafintl.com\/de-de\/wp-json\/wp\/v2\/comments?post=2568"}],"version-history":[{"count":0,"href":"https:\/\/industry.aafintl.com\/de-de\/wp-json\/wp\/v2\/pages\/2568\/revisions"}],"up":[{"embeddable":true,"href":"https:\/\/industry.aafintl.com\/de-de\/wp-json\/wp\/v2\/pages\/2575"}],"wp:attachment":[{"href":"https:\/\/industry.aafintl.com\/de-de\/wp-json\/wp\/v2\/media?parent=2568"}],"curies":[{"name":"wp","href":"https:\/\/api.w.org\/{rel}","templated":true}]}}