{"id":2214,"date":"2022-03-31T12:35:59","date_gmt":"2022-03-31T11:35:59","guid":{"rendered":"https:\/\/aaf.mediaworksdev.co.uk\/en-gb\/?page_id=2214"},"modified":"2023-03-13T12:21:42","modified_gmt":"2023-03-13T12:21:42","slug":"service-fur-gas-turbinen-anwendungen","status":"publish","type":"page","link":"https:\/\/industry.aafintl.com\/de-de\/energy\/gasturbine\/unsere-dienstleistungen\/service-fur-gas-turbinen-anwendungen\/","title":{"rendered":"Service f\u00fcr Gasturbinen Anwendungen"},"content":{"rendered":"","protected":false},"excerpt":{"rendered":"","protected":false},"author":1,"featured_media":0,"parent":357,"menu_order":0,"comment_status":"closed","ping_status":"closed","template":"","meta":{"_acf_changed":false,"inline_featured_image":false,"footnotes":""},"class_list":["post-2214","page","type-page","status-publish","hentry"],"acf":[],"yoast_head":"<!-- This site is optimized with the Yoast SEO plugin v27.0 - https:\/\/yoast.com\/product\/yoast-seo-wordpress\/ -->\n<title>Gasturbinen-Standortservice | AAF International<\/title>\n<meta name=\"description\" content=\"Das Standortserviceteam von AAF wird mit Ihnen zusammenarbeiten, um alle Ihre M\u00f6glichkeiten zur Wartung, Instandhaltung, Reparatur und Aufr\u00fcstung von Gasturbinen zu erf\u00fcllen.\" \/>\n<meta name=\"robots\" content=\"index, follow, max-snippet:-1, max-image-preview:large, max-video-preview:-1\" \/>\n<link rel=\"canonical\" href=\"https:\/\/industry.aafintl.com\/de-de\/energy\/gasturbine\/unsere-dienstleistungen\/service-fur-gas-turbinen-anwendungen\/\" \/>\n<meta property=\"og:locale\" content=\"en_GB\" \/>\n<meta property=\"og:type\" content=\"article\" \/>\n<meta property=\"og:title\" content=\"Gasturbinen-Standortservice | AAF International\" \/>\n<meta property=\"og:description\" content=\"Das Standortserviceteam von AAF wird mit Ihnen zusammenarbeiten, um alle Ihre M\u00f6glichkeiten zur Wartung, Instandhaltung, Reparatur und Aufr\u00fcstung von Gasturbinen zu erf\u00fcllen.\" \/>\n<meta property=\"og:url\" content=\"https:\/\/industry.aafintl.com\/de-de\/energy\/gasturbine\/unsere-dienstleistungen\/service-fur-gas-turbinen-anwendungen\/\" \/>\n<meta property=\"og:site_name\" content=\"AAF Germany\" \/>\n<meta property=\"article:modified_time\" content=\"2023-03-13T12:21:42+00:00\" \/>\n<meta name=\"twitter:card\" content=\"summary_large_image\" \/>\n<script type=\"application\/ld+json\" class=\"yoast-schema-graph\">{\"@context\":\"https:\/\/schema.org\",\"@graph\":[{\"@type\":\"WebPage\",\"@id\":\"https:\/\/industry.aafintl.com\/de-de\/energy\/gasturbine\/unsere-dienstleistungen\/service-fur-gas-turbinen-anwendungen\/\",\"url\":\"https:\/\/industry.aafintl.com\/de-de\/energy\/gasturbine\/unsere-dienstleistungen\/service-fur-gas-turbinen-anwendungen\/\",\"name\":\"Gasturbinen-Standortservice | AAF International\",\"isPartOf\":{\"@id\":\"https:\/\/industry.aafintl.com\/de-de\/#website\"},\"datePublished\":\"2022-03-31T11:35:59+00:00\",\"dateModified\":\"2023-03-13T12:21:42+00:00\",\"description\":\"Das Standortserviceteam von AAF wird mit Ihnen zusammenarbeiten, um alle Ihre M\u00f6glichkeiten zur Wartung, Instandhaltung, Reparatur und Aufr\u00fcstung von Gasturbinen zu erf\u00fcllen.\",\"breadcrumb\":{\"@id\":\"https:\/\/industry.aafintl.com\/de-de\/energy\/gasturbine\/unsere-dienstleistungen\/service-fur-gas-turbinen-anwendungen\/#breadcrumb\"},\"inLanguage\":\"en-GB\",\"potentialAction\":[{\"@type\":\"ReadAction\",\"target\":[\"https:\/\/industry.aafintl.com\/de-de\/energy\/gasturbine\/unsere-dienstleistungen\/service-fur-gas-turbinen-anwendungen\/\"]}]},{\"@type\":\"BreadcrumbList\",\"@id\":\"https:\/\/industry.aafintl.com\/de-de\/energy\/gasturbine\/unsere-dienstleistungen\/service-fur-gas-turbinen-anwendungen\/#breadcrumb\",\"itemListElement\":[{\"@type\":\"ListItem\",\"position\":1,\"name\":\"Home\",\"item\":\"https:\/\/industry.aafintl.com\/de-de\/\"},{\"@type\":\"ListItem\",\"position\":2,\"name\":\"Energy\",\"item\":\"https:\/\/industry.aafintl.com\/de-de\/energy\/\"},{\"@type\":\"ListItem\",\"position\":3,\"name\":\"Gasturbine\",\"item\":\"https:\/\/industry.aafintl.com\/de-de\/energy\/gasturbine\/\"},{\"@type\":\"ListItem\",\"position\":4,\"name\":\"Unsere Dienstleistungen\",\"item\":\"https:\/\/industry.aafintl.com\/de-de\/energy\/gasturbine\/unsere-dienstleistungen\/\"},{\"@type\":\"ListItem\",\"position\":5,\"name\":\"Service f\u00fcr Gasturbinen Anwendungen\"}]},{\"@type\":\"WebSite\",\"@id\":\"https:\/\/industry.aafintl.com\/de-de\/#website\",\"url\":\"https:\/\/industry.aafintl.com\/de-de\/\",\"name\":\"AAF Germany\",\"description\":\"\",\"potentialAction\":[{\"@type\":\"SearchAction\",\"target\":{\"@type\":\"EntryPoint\",\"urlTemplate\":\"https:\/\/industry.aafintl.com\/de-de\/?s={search_term_string}\"},\"query-input\":{\"@type\":\"PropertyValueSpecification\",\"valueRequired\":true,\"valueName\":\"search_term_string\"}}],\"inLanguage\":\"en-GB\"}]}<\/script>\n<!-- \/ Yoast SEO plugin. -->","yoast_head_json":{"title":"Gasturbinen-Standortservice | AAF International","description":"Das Standortserviceteam von AAF wird mit Ihnen zusammenarbeiten, um alle Ihre M\u00f6glichkeiten zur Wartung, Instandhaltung, Reparatur und Aufr\u00fcstung von Gasturbinen zu erf\u00fcllen.","robots":{"index":"index","follow":"follow","max-snippet":"max-snippet:-1","max-image-preview":"max-image-preview:large","max-video-preview":"max-video-preview:-1"},"canonical":"https:\/\/industry.aafintl.com\/de-de\/energy\/gasturbine\/unsere-dienstleistungen\/service-fur-gas-turbinen-anwendungen\/","og_locale":"en_GB","og_type":"article","og_title":"Gasturbinen-Standortservice | AAF International","og_description":"Das Standortserviceteam von AAF wird mit Ihnen zusammenarbeiten, um alle Ihre M\u00f6glichkeiten zur Wartung, Instandhaltung, Reparatur und Aufr\u00fcstung von Gasturbinen zu erf\u00fcllen.","og_url":"https:\/\/industry.aafintl.com\/de-de\/energy\/gasturbine\/unsere-dienstleistungen\/service-fur-gas-turbinen-anwendungen\/","og_site_name":"AAF Germany","article_modified_time":"2023-03-13T12:21:42+00:00","twitter_card":"summary_large_image","schema":{"@context":"https:\/\/schema.org","@graph":[{"@type":"WebPage","@id":"https:\/\/industry.aafintl.com\/de-de\/energy\/gasturbine\/unsere-dienstleistungen\/service-fur-gas-turbinen-anwendungen\/","url":"https:\/\/industry.aafintl.com\/de-de\/energy\/gasturbine\/unsere-dienstleistungen\/service-fur-gas-turbinen-anwendungen\/","name":"Gasturbinen-Standortservice | AAF International","isPartOf":{"@id":"https:\/\/industry.aafintl.com\/de-de\/#website"},"datePublished":"2022-03-31T11:35:59+00:00","dateModified":"2023-03-13T12:21:42+00:00","description":"Das Standortserviceteam von AAF wird mit Ihnen zusammenarbeiten, um alle Ihre M\u00f6glichkeiten zur Wartung, Instandhaltung, Reparatur und Aufr\u00fcstung von Gasturbinen zu erf\u00fcllen.","breadcrumb":{"@id":"https:\/\/industry.aafintl.com\/de-de\/energy\/gasturbine\/unsere-dienstleistungen\/service-fur-gas-turbinen-anwendungen\/#breadcrumb"},"inLanguage":"en-GB","potentialAction":[{"@type":"ReadAction","target":["https:\/\/industry.aafintl.com\/de-de\/energy\/gasturbine\/unsere-dienstleistungen\/service-fur-gas-turbinen-anwendungen\/"]}]},{"@type":"BreadcrumbList","@id":"https:\/\/industry.aafintl.com\/de-de\/energy\/gasturbine\/unsere-dienstleistungen\/service-fur-gas-turbinen-anwendungen\/#breadcrumb","itemListElement":[{"@type":"ListItem","position":1,"name":"Home","item":"https:\/\/industry.aafintl.com\/de-de\/"},{"@type":"ListItem","position":2,"name":"Energy","item":"https:\/\/industry.aafintl.com\/de-de\/energy\/"},{"@type":"ListItem","position":3,"name":"Gasturbine","item":"https:\/\/industry.aafintl.com\/de-de\/energy\/gasturbine\/"},{"@type":"ListItem","position":4,"name":"Unsere Dienstleistungen","item":"https:\/\/industry.aafintl.com\/de-de\/energy\/gasturbine\/unsere-dienstleistungen\/"},{"@type":"ListItem","position":5,"name":"Service f\u00fcr Gasturbinen Anwendungen"}]},{"@type":"WebSite","@id":"https:\/\/industry.aafintl.com\/de-de\/#website","url":"https:\/\/industry.aafintl.com\/de-de\/","name":"AAF Germany","description":"","potentialAction":[{"@type":"SearchAction","target":{"@type":"EntryPoint","urlTemplate":"https:\/\/industry.aafintl.com\/de-de\/?s={search_term_string}"},"query-input":{"@type":"PropertyValueSpecification","valueRequired":true,"valueName":"search_term_string"}}],"inLanguage":"en-GB"}]}},"_links":{"self":[{"href":"https:\/\/industry.aafintl.com\/de-de\/wp-json\/wp\/v2\/pages\/2214","targetHints":{"allow":["GET"]}}],"collection":[{"href":"https:\/\/industry.aafintl.com\/de-de\/wp-json\/wp\/v2\/pages"}],"about":[{"href":"https:\/\/industry.aafintl.com\/de-de\/wp-json\/wp\/v2\/types\/page"}],"author":[{"embeddable":true,"href":"https:\/\/industry.aafintl.com\/de-de\/wp-json\/wp\/v2\/users\/1"}],"replies":[{"embeddable":true,"href":"https:\/\/industry.aafintl.com\/de-de\/wp-json\/wp\/v2\/comments?post=2214"}],"version-history":[{"count":0,"href":"https:\/\/industry.aafintl.com\/de-de\/wp-json\/wp\/v2\/pages\/2214\/revisions"}],"up":[{"embeddable":true,"href":"https:\/\/industry.aafintl.com\/de-de\/wp-json\/wp\/v2\/pages\/357"}],"wp:attachment":[{"href":"https:\/\/industry.aafintl.com\/de-de\/wp-json\/wp\/v2\/media?parent=2214"}],"curies":[{"name":"wp","href":"https:\/\/api.w.org\/{rel}","templated":true}]}}