{"id":15,"date":"2021-11-08T11:05:17","date_gmt":"2021-11-08T11:05:17","guid":{"rendered":"http:\/\/aaf.local\/en-gb\/?page_id=15"},"modified":"2023-07-11T14:09:36","modified_gmt":"2023-07-11T13:09:36","slug":"energy","status":"publish","type":"page","link":"https:\/\/industry.aafintl.com\/de-de\/energy\/","title":{"rendered":"Energy"},"content":{"rendered":"","protected":false},"excerpt":{"rendered":"","protected":false},"author":1,"featured_media":0,"parent":0,"menu_order":0,"comment_status":"closed","ping_status":"closed","template":"","meta":{"_acf_changed":false,"inline_featured_image":false,"footnotes":""},"class_list":["post-15","page","type-page","status-publish","hentry"],"acf":[],"yoast_head":"<!-- This site is optimized with the Yoast SEO plugin v27.0 - https:\/\/yoast.com\/product\/yoast-seo-wordpress\/ -->\n<title>Luftfiltrationsl\u00f6sungen f\u00fcr Energieunternehmen | AAF International<\/title>\n<meta name=\"description\" content=\"Die gro\u00dfe Auswahl an Luftfiltrationsl\u00f6sungen f\u00fcr Energieunternehmen von AAF umfasst spezielle Produkte f\u00fcr Gasturbinen und Motoren, Kernkraftwerke und Windkraftanlagen.. Weitere Informationen.\" \/>\n<meta name=\"robots\" content=\"index, follow, max-snippet:-1, max-image-preview:large, max-video-preview:-1\" \/>\n<link rel=\"canonical\" href=\"https:\/\/industry.aafintl.com\/de-de\/energy\/\" \/>\n<meta property=\"og:locale\" content=\"en_GB\" \/>\n<meta property=\"og:type\" content=\"article\" \/>\n<meta property=\"og:title\" content=\"Luftfiltrationsl\u00f6sungen f\u00fcr Energieunternehmen | AAF International\" \/>\n<meta property=\"og:description\" content=\"Die gro\u00dfe Auswahl an Luftfiltrationsl\u00f6sungen f\u00fcr Energieunternehmen von AAF umfasst spezielle Produkte f\u00fcr Gasturbinen und Motoren, Kernkraftwerke und Windkraftanlagen.. Weitere Informationen.\" \/>\n<meta property=\"og:url\" content=\"https:\/\/industry.aafintl.com\/de-de\/energy\/\" \/>\n<meta property=\"og:site_name\" content=\"AAF Germany\" \/>\n<meta property=\"article:modified_time\" content=\"2023-07-11T13:09:36+00:00\" \/>\n<meta name=\"twitter:card\" content=\"summary_large_image\" \/>\n<script type=\"application\/ld+json\" class=\"yoast-schema-graph\">{\"@context\":\"https:\/\/schema.org\",\"@graph\":[{\"@type\":\"WebPage\",\"@id\":\"https:\/\/industry.aafintl.com\/de-de\/energy\/\",\"url\":\"https:\/\/industry.aafintl.com\/de-de\/energy\/\",\"name\":\"Luftfiltrationsl\u00f6sungen f\u00fcr Energieunternehmen | AAF International\",\"isPartOf\":{\"@id\":\"https:\/\/industry.aafintl.com\/de-de\/#website\"},\"datePublished\":\"2021-11-08T11:05:17+00:00\",\"dateModified\":\"2023-07-11T13:09:36+00:00\",\"description\":\"Die gro\u00dfe Auswahl an Luftfiltrationsl\u00f6sungen f\u00fcr Energieunternehmen von AAF umfasst spezielle Produkte f\u00fcr Gasturbinen und Motoren, Kernkraftwerke und Windkraftanlagen.. Weitere Informationen.\",\"breadcrumb\":{\"@id\":\"https:\/\/industry.aafintl.com\/de-de\/energy\/#breadcrumb\"},\"inLanguage\":\"en-GB\",\"potentialAction\":[{\"@type\":\"ReadAction\",\"target\":[\"https:\/\/industry.aafintl.com\/de-de\/energy\/\"]}]},{\"@type\":\"BreadcrumbList\",\"@id\":\"https:\/\/industry.aafintl.com\/de-de\/energy\/#breadcrumb\",\"itemListElement\":[{\"@type\":\"ListItem\",\"position\":1,\"name\":\"Home\",\"item\":\"https:\/\/industry.aafintl.com\/de-de\/\"},{\"@type\":\"ListItem\",\"position\":2,\"name\":\"Energy\"}]},{\"@type\":\"WebSite\",\"@id\":\"https:\/\/industry.aafintl.com\/de-de\/#website\",\"url\":\"https:\/\/industry.aafintl.com\/de-de\/\",\"name\":\"AAF Germany\",\"description\":\"\",\"potentialAction\":[{\"@type\":\"SearchAction\",\"target\":{\"@type\":\"EntryPoint\",\"urlTemplate\":\"https:\/\/industry.aafintl.com\/de-de\/?s={search_term_string}\"},\"query-input\":{\"@type\":\"PropertyValueSpecification\",\"valueRequired\":true,\"valueName\":\"search_term_string\"}}],\"inLanguage\":\"en-GB\"}]}<\/script>\n<!-- \/ Yoast SEO plugin. -->","yoast_head_json":{"title":"Luftfiltrationsl\u00f6sungen f\u00fcr Energieunternehmen | AAF International","description":"Die gro\u00dfe Auswahl an Luftfiltrationsl\u00f6sungen f\u00fcr Energieunternehmen von AAF umfasst spezielle Produkte f\u00fcr Gasturbinen und Motoren, Kernkraftwerke und Windkraftanlagen.. Weitere Informationen.","robots":{"index":"index","follow":"follow","max-snippet":"max-snippet:-1","max-image-preview":"max-image-preview:large","max-video-preview":"max-video-preview:-1"},"canonical":"https:\/\/industry.aafintl.com\/de-de\/energy\/","og_locale":"en_GB","og_type":"article","og_title":"Luftfiltrationsl\u00f6sungen f\u00fcr Energieunternehmen | AAF International","og_description":"Die gro\u00dfe Auswahl an Luftfiltrationsl\u00f6sungen f\u00fcr Energieunternehmen von AAF umfasst spezielle Produkte f\u00fcr Gasturbinen und Motoren, Kernkraftwerke und Windkraftanlagen.. Weitere Informationen.","og_url":"https:\/\/industry.aafintl.com\/de-de\/energy\/","og_site_name":"AAF Germany","article_modified_time":"2023-07-11T13:09:36+00:00","twitter_card":"summary_large_image","schema":{"@context":"https:\/\/schema.org","@graph":[{"@type":"WebPage","@id":"https:\/\/industry.aafintl.com\/de-de\/energy\/","url":"https:\/\/industry.aafintl.com\/de-de\/energy\/","name":"Luftfiltrationsl\u00f6sungen f\u00fcr Energieunternehmen | AAF International","isPartOf":{"@id":"https:\/\/industry.aafintl.com\/de-de\/#website"},"datePublished":"2021-11-08T11:05:17+00:00","dateModified":"2023-07-11T13:09:36+00:00","description":"Die gro\u00dfe Auswahl an Luftfiltrationsl\u00f6sungen f\u00fcr Energieunternehmen von AAF umfasst spezielle Produkte f\u00fcr Gasturbinen und Motoren, Kernkraftwerke und Windkraftanlagen.. Weitere Informationen.","breadcrumb":{"@id":"https:\/\/industry.aafintl.com\/de-de\/energy\/#breadcrumb"},"inLanguage":"en-GB","potentialAction":[{"@type":"ReadAction","target":["https:\/\/industry.aafintl.com\/de-de\/energy\/"]}]},{"@type":"BreadcrumbList","@id":"https:\/\/industry.aafintl.com\/de-de\/energy\/#breadcrumb","itemListElement":[{"@type":"ListItem","position":1,"name":"Home","item":"https:\/\/industry.aafintl.com\/de-de\/"},{"@type":"ListItem","position":2,"name":"Energy"}]},{"@type":"WebSite","@id":"https:\/\/industry.aafintl.com\/de-de\/#website","url":"https:\/\/industry.aafintl.com\/de-de\/","name":"AAF Germany","description":"","potentialAction":[{"@type":"SearchAction","target":{"@type":"EntryPoint","urlTemplate":"https:\/\/industry.aafintl.com\/de-de\/?s={search_term_string}"},"query-input":{"@type":"PropertyValueSpecification","valueRequired":true,"valueName":"search_term_string"}}],"inLanguage":"en-GB"}]}},"_links":{"self":[{"href":"https:\/\/industry.aafintl.com\/de-de\/wp-json\/wp\/v2\/pages\/15","targetHints":{"allow":["GET"]}}],"collection":[{"href":"https:\/\/industry.aafintl.com\/de-de\/wp-json\/wp\/v2\/pages"}],"about":[{"href":"https:\/\/industry.aafintl.com\/de-de\/wp-json\/wp\/v2\/types\/page"}],"author":[{"embeddable":true,"href":"https:\/\/industry.aafintl.com\/de-de\/wp-json\/wp\/v2\/users\/1"}],"replies":[{"embeddable":true,"href":"https:\/\/industry.aafintl.com\/de-de\/wp-json\/wp\/v2\/comments?post=15"}],"version-history":[{"count":0,"href":"https:\/\/industry.aafintl.com\/de-de\/wp-json\/wp\/v2\/pages\/15\/revisions"}],"wp:attachment":[{"href":"https:\/\/industry.aafintl.com\/de-de\/wp-json\/wp\/v2\/media?parent=15"}],"curies":[{"name":"wp","href":"https:\/\/api.w.org\/{rel}","templated":true}]}}